{"id":17021,"date":"2023-11-20T13:06:10","date_gmt":"2023-11-20T12:06:10","guid":{"rendered":"http:\/\/ksiegarnia-akademicka.pl\/?post_type=product&#038;p=17021"},"modified":"2023-11-20T13:06:11","modified_gmt":"2023-11-20T12:06:11","slug":"atlas-anatomiczny-czlowieka","status":"publish","type":"product","link":"https:\/\/ksiegarnia-akademicka.pl\/index.php\/product\/atlas-anatomiczny-czlowieka\/","title":{"rendered":"Atlas anatomiczny cz\u0142owieka"},"content":{"rendered":"<p>Wydawca: Dragon<br \/>\nOprawa: Twarda<br \/>\nFormat: 20.6&#215;28.3cm<br \/>\nLiczba stron: 160<br \/>\nRok wydania: 2023<br \/>\nJ\u0119zyk wydania: polski<\/p>\n<p>Atlas anatomiczny cz\u0142owieka prezentuje wyj\u0105tkowe spojrzenie na cudown\u0105 maszyn\u0119, jak\u0105 jest nasz organizm. Spektakularne ilustracje w wysokiej jako\u015bci, stworzone przy u\u017cyciu najnowocze\u015bniejszej technologii obrazowania.<\/p>\n","protected":false},"excerpt":{"rendered":"<p>Wydawca: Dragon Oprawa: Twarda Format: 20.6&#215;28.3cm Liczba stron: 160 Rok [&hellip;]<\/p>\n","protected":false},"featured_media":17022,"template":"","meta":[],"product_brand":[],"product_cat":[7963,8069,7493],"product_tag":[4943,1655,1498],"class_list":{"0":"post-17021","1":"product","2":"type-product","3":"status-publish","4":"has-post-thumbnail","6":"product_cat-anatomia","7":"product_cat-fizjologia","8":"product_cat-medycyna","9":"product_tag-anatomia-czlowieka","10":"product_tag-fizjologia","11":"product_tag-fizjoterapia","13":"first","14":"instock","15":"sale","16":"shipping-taxable","17":"purchasable","18":"product-type-simple"},"_links":{"self":[{"href":"https:\/\/ksiegarnia-akademicka.pl\/index.php\/wp-json\/wp\/v2\/product\/17021","targetHints":{"allow":["GET"]}}],"collection":[{"href":"https:\/\/ksiegarnia-akademicka.pl\/index.php\/wp-json\/wp\/v2\/product"}],"about":[{"href":"https:\/\/ksiegarnia-akademicka.pl\/index.php\/wp-json\/wp\/v2\/types\/product"}],"wp:featuredmedia":[{"embeddable":true,"href":"https:\/\/ksiegarnia-akademicka.pl\/index.php\/wp-json\/wp\/v2\/media\/17022"}],"wp:attachment":[{"href":"https:\/\/ksiegarnia-akademicka.pl\/index.php\/wp-json\/wp\/v2\/media?parent=17021"}],"wp:term":[{"taxonomy":"product_brand","embeddable":true,"href":"https:\/\/ksiegarnia-akademicka.pl\/index.php\/wp-json\/wp\/v2\/product_brand?post=17021"},{"taxonomy":"product_cat","embeddable":true,"href":"https:\/\/ksiegarnia-akademicka.pl\/index.php\/wp-json\/wp\/v2\/product_cat?post=17021"},{"taxonomy":"product_tag","embeddable":true,"href":"https:\/\/ksiegarnia-akademicka.pl\/index.php\/wp-json\/wp\/v2\/product_tag?post=17021"}],"curies":[{"name":"wp","href":"https:\/\/api.w.org\/{rel}","templated":true}]}}