{"id":17019,"date":"2023-11-20T13:02:30","date_gmt":"2023-11-20T12:02:30","guid":{"rendered":"http:\/\/ksiegarnia-akademicka.pl\/?post_type=product&#038;p=17019"},"modified":"2023-11-20T13:02:30","modified_gmt":"2023-11-20T12:02:30","slug":"atlas-anatomii-3","status":"publish","type":"product","link":"https:\/\/ksiegarnia-akademicka.pl\/index.php\/product\/atlas-anatomii-3\/","title":{"rendered":"Atlas anatomii"},"content":{"rendered":"<p>Autor:<br \/>\nJustyna Mazurek<br \/>\nWydawca: SBM<br \/>\nOprawa: Twarda<br \/>\nFormat: 16.5&#215;24.0cm<br \/>\nLiczba stron: 192<br \/>\nRok wydania: 2023<br \/>\nJ\u0119zyk wydania: polski<\/p>\n<p>Atlas jest skierowany do wszystkich os\u00f3b zainteresowanych tym, jak dzia\u0142a ludzkie cia\u0142o, w tym student\u00f3w medycyny i kierunk\u00f3w pokrewnych. W publikacji wyczerpuj\u0105co om\u00f3wiono budow\u0119 i funkcjonowanie wszystkich element\u00f3w anatomii ludzkiego cia\u0142a.<\/p>\n","protected":false},"excerpt":{"rendered":"<p>Autor: Justyna Mazurek Wydawca: SBM Oprawa: Twarda Format: 16.5&#215;24.0cm Liczba [&hellip;]<\/p>\n","protected":false},"featured_media":17020,"template":"","meta":[],"product_brand":[],"product_cat":[7963,8069,7493],"product_tag":[4943,1655,1498],"class_list":{"0":"post-17019","1":"product","2":"type-product","3":"status-publish","4":"has-post-thumbnail","6":"product_cat-anatomia","7":"product_cat-fizjologia","8":"product_cat-medycyna","9":"product_tag-anatomia-czlowieka","10":"product_tag-fizjologia","11":"product_tag-fizjoterapia","13":"first","14":"instock","15":"sale","16":"shipping-taxable","17":"purchasable","18":"product-type-simple"},"_links":{"self":[{"href":"https:\/\/ksiegarnia-akademicka.pl\/index.php\/wp-json\/wp\/v2\/product\/17019","targetHints":{"allow":["GET"]}}],"collection":[{"href":"https:\/\/ksiegarnia-akademicka.pl\/index.php\/wp-json\/wp\/v2\/product"}],"about":[{"href":"https:\/\/ksiegarnia-akademicka.pl\/index.php\/wp-json\/wp\/v2\/types\/product"}],"wp:featuredmedia":[{"embeddable":true,"href":"https:\/\/ksiegarnia-akademicka.pl\/index.php\/wp-json\/wp\/v2\/media\/17020"}],"wp:attachment":[{"href":"https:\/\/ksiegarnia-akademicka.pl\/index.php\/wp-json\/wp\/v2\/media?parent=17019"}],"wp:term":[{"taxonomy":"product_brand","embeddable":true,"href":"https:\/\/ksiegarnia-akademicka.pl\/index.php\/wp-json\/wp\/v2\/product_brand?post=17019"},{"taxonomy":"product_cat","embeddable":true,"href":"https:\/\/ksiegarnia-akademicka.pl\/index.php\/wp-json\/wp\/v2\/product_cat?post=17019"},{"taxonomy":"product_tag","embeddable":true,"href":"https:\/\/ksiegarnia-akademicka.pl\/index.php\/wp-json\/wp\/v2\/product_tag?post=17019"}],"curies":[{"name":"wp","href":"https:\/\/api.w.org\/{rel}","templated":true}]}}