{"id":17017,"date":"2023-11-20T13:00:53","date_gmt":"2023-11-20T12:00:53","guid":{"rendered":"http:\/\/ksiegarnia-akademicka.pl\/?post_type=product&#038;p=17017"},"modified":"2023-11-20T13:00:54","modified_gmt":"2023-11-20T12:00:54","slug":"atlas-anatomiczny-200-rysunkow-i-schematow-dzialanie-ukladow-oraz-narzadow","status":"publish","type":"product","link":"https:\/\/ksiegarnia-akademicka.pl\/index.php\/product\/atlas-anatomiczny-200-rysunkow-i-schematow-dzialanie-ukladow-oraz-narzadow\/","title":{"rendered":"Atlas anatomiczny 200 rysunk\u00f3w i schemat\u00f3w. Dzia\u0142anie uk\u0142ad\u00f3w oraz narz\u0105d\u00f3w"},"content":{"rendered":"<p>Autor: Justyna Mazurek<br \/>\nWydawca: SBM<br \/>\nOprawa: Mi\u0119kka<br \/>\nFormat: 20.6&#215;28.3cm<br \/>\nLiczba stron: 160<br \/>\nRok wydania: 2023<br \/>\nJ\u0119zyk wydania: polski<\/p>\n<p>&#8222;Atlas anatomiczny&#8221; jest skierowany do m\u0142odzie\u017cy przygotowuj\u0105cej si\u0119 do matury z biologii, student\u00f3w kierunk\u00f3w oko\u0142omedycznych oraz wszystkich os\u00f3b zainteresowanych budow\u0105 i dzia\u0142aniem ludzkiego cia\u0142a. Przedstawiona na prostych schematach wiedza koncentruje si\u0119 na biernym oraz czynnym uk\u0142adzie ruchu, czyli uk\u0142adach szkieletowym i mi\u0119\u015bniowym.<\/p>\n<p>Ponadto w ksi\u0105\u017cce zamieszczono podstawowe wiadomo\u015bci o budowie trzewi, uk\u0142adu nerwowego, naczyniowego, oddechowego, jak r\u00f3wnie\u017c narz\u0105d\u00f3w zmys\u0142\u00f3w, oraz wybrane informacje dotycz\u0105ce fizjologii cz\u0142owieka. Ka\u017cdy dzia\u0142 zilustrowano szczeg\u00f3\u0142owymi rysunkami przedstawiaj\u0105cymi zar\u00f3wno poszczeg\u00f3lne narz\u0105dy oraz uk\u0142ady, jak i procesy zachodz\u0105ce w ciele cz\u0142owieka.<\/p>\n","protected":false},"excerpt":{"rendered":"<p>Autor: Justyna Mazurek Wydawca: SBM Oprawa: Mi\u0119kka Format: 20.6&#215;28.3cm Liczba [&hellip;]<\/p>\n","protected":false},"featured_media":17018,"template":"","meta":[],"product_brand":[],"product_cat":[8069,7493],"product_tag":[4943,1655,1498],"class_list":{"0":"post-17017","1":"product","2":"type-product","3":"status-publish","4":"has-post-thumbnail","6":"product_cat-fizjologia","7":"product_cat-medycyna","8":"product_tag-anatomia-czlowieka","9":"product_tag-fizjologia","10":"product_tag-fizjoterapia","12":"first","13":"instock","14":"sale","15":"shipping-taxable","16":"purchasable","17":"product-type-simple"},"_links":{"self":[{"href":"https:\/\/ksiegarnia-akademicka.pl\/index.php\/wp-json\/wp\/v2\/product\/17017","targetHints":{"allow":["GET"]}}],"collection":[{"href":"https:\/\/ksiegarnia-akademicka.pl\/index.php\/wp-json\/wp\/v2\/product"}],"about":[{"href":"https:\/\/ksiegarnia-akademicka.pl\/index.php\/wp-json\/wp\/v2\/types\/product"}],"wp:featuredmedia":[{"embeddable":true,"href":"https:\/\/ksiegarnia-akademicka.pl\/index.php\/wp-json\/wp\/v2\/media\/17018"}],"wp:attachment":[{"href":"https:\/\/ksiegarnia-akademicka.pl\/index.php\/wp-json\/wp\/v2\/media?parent=17017"}],"wp:term":[{"taxonomy":"product_brand","embeddable":true,"href":"https:\/\/ksiegarnia-akademicka.pl\/index.php\/wp-json\/wp\/v2\/product_brand?post=17017"},{"taxonomy":"product_cat","embeddable":true,"href":"https:\/\/ksiegarnia-akademicka.pl\/index.php\/wp-json\/wp\/v2\/product_cat?post=17017"},{"taxonomy":"product_tag","embeddable":true,"href":"https:\/\/ksiegarnia-akademicka.pl\/index.php\/wp-json\/wp\/v2\/product_tag?post=17017"}],"curies":[{"name":"wp","href":"https:\/\/api.w.org\/{rel}","templated":true}]}}