{"id":17006,"date":"2023-11-17T12:57:07","date_gmt":"2023-11-17T11:57:07","guid":{"rendered":"http:\/\/ksiegarnia-akademicka.pl\/?post_type=product&#038;p=17006"},"modified":"2023-11-17T12:57:08","modified_gmt":"2023-11-17T11:57:08","slug":"degeneracja-praw-czlowieka","status":"publish","type":"product","link":"https:\/\/ksiegarnia-akademicka.pl\/index.php\/product\/degeneracja-praw-czlowieka\/","title":{"rendered":"Degeneracja praw cz\u0142owieka"},"content":{"rendered":"<p>Autor:<br \/>\nGr\u00e9gor Puppinck<br \/>\nT\u0142umacze: Kulczyk Marcin<br \/>\nWydawca: O\u015brodek My\u015bli Politycznej<br \/>\nOprawa: Mi\u0119kka<br \/>\nFormat: 12.5&#215;19.5cm<br \/>\nLiczba stron: 336<br \/>\nRok wydania: 2023<br \/>\nJ\u0119zyk wydania: polski<\/p>\n<p>\u201ePrawa cz\u0142owieka sta\u0142y si\u0119 w XX wieku uniwersaln\u0105 filozofi\u0105, wyra\u017caj\u0105c\u0105 pewn\u0105 koncepcj\u0119 cz\u0142owieka. Niniejsza ksi\u0105\u017cka analizuje transformacj\u0119 tej koncepcji cz\u0142owieka poprzez pryzmat jego praw. W tym celu por\u00f3wnuje pierwotny zamiar tw\u00f3rc\u00f3w Powszechnej deklaracji praw cz\u0142owieka [&#8230;] z jej zmieniaj\u0105c\u0105 si\u0119 interpretacj\u0105, dokonan\u0105 od tego czasu przez instancje mi\u0119dzynarodowe. [&#8230;] ksi\u0105\u017cka ta opisuje przej\u015bcie od praw cz\u0142owieka z 1948 roku poprzez prawa jednostki ostatnich dwudziestu lat a\u017c po obecnie formu\u0142owane prawa transhumanistyczne. Ewolucja ta odzwierciedla zmian\u0119 stosunku cz\u0142owieka do natury. Podczas gdy prawa cz\u0142owieka w swej pierwotnej wersji z 1948 roku by\u0142y prawami naturalnymi, afirmacja indywidualizmu zrodzi\u0142a nowe prawa nienaturalne, takie jak prawo do eutanazji czy aborcji, prowadz\u0105ce z kolei do wytworzenia praw transhumanistycznych, kt\u00f3re maj\u0105 gwarantowa\u0107 dzi\u015b mo\u017cliwo\u015b\u0107 przekroczenia natury, czego wyrazem s\u0105 eugenika, prawo do dziecka czy do zmiany p\u0142ci. Zmiana ta \u015bwiadczy o g\u0142\u0119bokiej transformacji poj\u0119cia godno\u015bci ludzkiej, kt\u00f3ra prowadzi do zredukowania jej do samej tylko indywidualnej woli jednostki w opozycji do cia\u0142a, przy za\u0142o\u017ceniu, \u017ce wszelka negacja natury i jej uwarunkowa\u0144 oznacza wyzwolenie i post\u0119p. Wreszcie ksi\u0105\u017cka ta pokazuje, w jaki spos\u00f3b obecne prawa cz\u0142owieka towarzysz\u0105 transhumanizmowi i jak wp\u0142ywaj\u0105 na wypaczenie demokracji przedstawicielskiej&#8221;.<\/p>\n<p>(z Przedmowy)<\/p>\n<p>Gr\u00e9gor Puppinck jest doktorem prawa, ekspertem pracuj\u0105cym na forum organizacji mi\u0119dzynarodowych i na rzecz s\u0142u\u017cb dyplomatycznych Stolicy Apostolskiej. Jest autorem wielu artyku\u0142\u00f3w i ksi\u0105\u017cek z zakresu praw cz\u0142owieka, m.in. La Famille, les droits de l&#8217;homme et la vie \u00e9ternelle (L&#8217;Homme Nouveau, 2015, wyr\u00f3\u017cniona Prix Humanisme Chr\u00e9tien 2016, opublikowana tak\u017ce w j\u0119zykach portugalskim i w\u0142oskim), Droit et pr\u00e9vention de l&#8217;avortement en Europe (LEH \u00e9ditions, 2016) i Objection de conscience et droits de l&#8217;homme, essai d&#8217;analyse syst\u00e9matique (CNRS Editions, 2016, opublikowana r\u00f3wnie\u017c w j\u0119zyku angielskim).<\/p>\n","protected":false},"excerpt":{"rendered":"<p>Autor: Gr\u00e9gor Puppinck T\u0142umacze: Kulczyk Marcin Wydawca: O\u015brodek My\u015bli Politycznej [&hellip;]<\/p>\n","protected":false},"featured_media":17007,"template":"","meta":[],"product_brand":[],"product_cat":[7505,7496,27,18,7508],"product_tag":[911,873,246],"class_list":{"0":"post-17006","1":"product","2":"type-product","3":"status-publish","4":"has-post-thumbnail","6":"product_cat-etyka","7":"product_cat-konstytucyjne","8":"product_cat-nauki-spoleczne","9":"product_cat-prawo","10":"product_cat-socjologia","11":"product_tag-prawa-czlowieka","12":"product_tag-prawo-konstytucyjne","13":"product_tag-socjologia","15":"first","16":"instock","17":"sale","18":"shipping-taxable","19":"purchasable","20":"product-type-simple"},"_links":{"self":[{"href":"https:\/\/ksiegarnia-akademicka.pl\/index.php\/wp-json\/wp\/v2\/product\/17006","targetHints":{"allow":["GET"]}}],"collection":[{"href":"https:\/\/ksiegarnia-akademicka.pl\/index.php\/wp-json\/wp\/v2\/product"}],"about":[{"href":"https:\/\/ksiegarnia-akademicka.pl\/index.php\/wp-json\/wp\/v2\/types\/product"}],"wp:featuredmedia":[{"embeddable":true,"href":"https:\/\/ksiegarnia-akademicka.pl\/index.php\/wp-json\/wp\/v2\/media\/17007"}],"wp:attachment":[{"href":"https:\/\/ksiegarnia-akademicka.pl\/index.php\/wp-json\/wp\/v2\/media?parent=17006"}],"wp:term":[{"taxonomy":"product_brand","embeddable":true,"href":"https:\/\/ksiegarnia-akademicka.pl\/index.php\/wp-json\/wp\/v2\/product_brand?post=17006"},{"taxonomy":"product_cat","embeddable":true,"href":"https:\/\/ksiegarnia-akademicka.pl\/index.php\/wp-json\/wp\/v2\/product_cat?post=17006"},{"taxonomy":"product_tag","embeddable":true,"href":"https:\/\/ksiegarnia-akademicka.pl\/index.php\/wp-json\/wp\/v2\/product_tag?post=17006"}],"curies":[{"name":"wp","href":"https:\/\/api.w.org\/{rel}","templated":true}]}}