{"id":16993,"date":"2023-11-16T13:44:45","date_gmt":"2023-11-16T12:44:45","guid":{"rendered":"http:\/\/ksiegarnia-akademicka.pl\/?post_type=product&#038;p=16993"},"modified":"2024-12-05T09:28:57","modified_gmt":"2024-12-05T08:28:57","slug":"fizjologia-nettera-do-kolorowania","status":"publish","type":"product","link":"https:\/\/ksiegarnia-akademicka.pl\/index.php\/product\/fizjologia-nettera-do-kolorowania\/","title":{"rendered":"Fizjologia Nettera do kolorowania"},"content":{"rendered":"<p>Autor:<br \/>\nS.E. Mulroney<br \/>\nWydawca: Edra Urban &amp; Partner<br \/>\nOprawa: Mi\u0119kka<br \/>\nFormat: 21.0&#215;27.0cm<br \/>\nLiczba stron: 320<br \/>\nWydanie: 1<br \/>\nRok wydania: 2023<br \/>\nJ\u0119zyk wydania: polski<\/p>\n<p>Abstrakcyjne koncepcje, procesy i cykle staj\u0105 si\u0119 zrozumia\u0142e i \u0142atwe do zapami\u0119tania!<\/p>\n<p>Zapoznanie si\u0119 z tekstem, wykonywanie okre\u015blonych \u0107wicze\u0144, a nast\u0119pnie odpowiadanie na pytania sprawdzaj\u0105ce niezwykle u\u0142atwiaj\u0105 zrozumienie i utrwalenie omawianych zagadnie\u0144.<\/p>\n<p>W podr\u0119czniku:<br \/>\n\u2022 Ponad 100 kluczowych temat\u00f3w z dziedziny fizjologii, om\u00f3wionych z wykorzystaniem czytelnych rycin.<br \/>\n\u2022 \u0106wiczenia do kolorowania, pomagaj\u0105ce zrozumie\u0107 i zapami\u0119ta\u0107 skomplikowane zagadnienia.<br \/>\n\u2022 Uwagi kliniczne, kt\u00f3re \u0142\u0105cz\u0105 nauki podstawowe z zagadnieniami klinicznymi.<br \/>\n\u2022 Pytania kontrolne, pozwalaj\u0105ce usystematyzowa\u0107, powt\u00f3rzy\u0107 i sprawdzi\u0107 swoj\u0105 wiedz\u0119.<\/p>\n","protected":false},"excerpt":{"rendered":"<p>Autor: S.E. Mulroney Wydawca: Edra Urban &amp; Partner Oprawa: Mi\u0119kka [&hellip;]<\/p>\n","protected":false},"featured_media":16994,"template":"","meta":[],"product_brand":[],"product_cat":[8069,7493],"product_tag":[1655,3994],"class_list":{"0":"post-16993","1":"product","2":"type-product","3":"status-publish","4":"has-post-thumbnail","6":"product_cat-fizjologia","7":"product_cat-medycyna","8":"product_tag-fizjologia","9":"product_tag-medycyna","11":"first","12":"instock","13":"sale","14":"shipping-taxable","15":"purchasable","16":"product-type-simple"},"_links":{"self":[{"href":"https:\/\/ksiegarnia-akademicka.pl\/index.php\/wp-json\/wp\/v2\/product\/16993","targetHints":{"allow":["GET"]}}],"collection":[{"href":"https:\/\/ksiegarnia-akademicka.pl\/index.php\/wp-json\/wp\/v2\/product"}],"about":[{"href":"https:\/\/ksiegarnia-akademicka.pl\/index.php\/wp-json\/wp\/v2\/types\/product"}],"wp:featuredmedia":[{"embeddable":true,"href":"https:\/\/ksiegarnia-akademicka.pl\/index.php\/wp-json\/wp\/v2\/media\/16994"}],"wp:attachment":[{"href":"https:\/\/ksiegarnia-akademicka.pl\/index.php\/wp-json\/wp\/v2\/media?parent=16993"}],"wp:term":[{"taxonomy":"product_brand","embeddable":true,"href":"https:\/\/ksiegarnia-akademicka.pl\/index.php\/wp-json\/wp\/v2\/product_brand?post=16993"},{"taxonomy":"product_cat","embeddable":true,"href":"https:\/\/ksiegarnia-akademicka.pl\/index.php\/wp-json\/wp\/v2\/product_cat?post=16993"},{"taxonomy":"product_tag","embeddable":true,"href":"https:\/\/ksiegarnia-akademicka.pl\/index.php\/wp-json\/wp\/v2\/product_tag?post=16993"}],"curies":[{"name":"wp","href":"https:\/\/api.w.org\/{rel}","templated":true}]}}