{"id":16977,"date":"2023-11-16T09:01:55","date_gmt":"2023-11-16T08:01:55","guid":{"rendered":"http:\/\/ksiegarnia-akademicka.pl\/?post_type=product&#038;p=16977"},"modified":"2023-11-16T09:01:55","modified_gmt":"2023-11-16T08:01:55","slug":"banki-centralne-wobec-kryzysu-niestandardowe-narzedzia-polityki-pienieznej","status":"publish","type":"product","link":"https:\/\/ksiegarnia-akademicka.pl\/index.php\/product\/banki-centralne-wobec-kryzysu-niestandardowe-narzedzia-polityki-pienieznej\/","title":{"rendered":"Banki centralne wobec kryzysu Niestandardowe narz\u0119dzia polityki pieni\u0119\u017cnej"},"content":{"rendered":"<p>Autor:<br \/>\nIlona Skibi\u0144ska-Fabrowska<br \/>\nWydawca: CeDeWu<br \/>\nOprawa: Mi\u0119kka<br \/>\nFormat: 16.5&#215;23.5cm<br \/>\nLiczba stron: 230<br \/>\nWydanie: 3<br \/>\nRok wydania: 2023<br \/>\nJ\u0119zyk wydania: polski<\/p>\n<p>Polityka pieni\u0119\u017cna i narz\u0119dzia stosowane przez banki centralne s\u0105 od dawna przedmiotem szczeg\u00f3\u0142owych bada\u0144 i analiz. Wzrost zainteresowania t\u0105 problematyk\u0105 przypada na ostatnie lata. Jest to wynik wysokiej aktywno\u015bci bank\u00f3w centralnych w reakcji na kryzysy na rynku finansowym i w sferze realnej gospodarki. Zaburzenia na globalnych rynkach zmieni\u0142y warunki dzia\u0142ania w\u0142adz monetarnych. Stan\u0119\u0142y one przed wyzwaniem zwi\u0105zanym z nieskuteczno\u015bci\u0105 dotychczas stosowanych instrument\u00f3w polityki pieni\u0119\u017cnej. W publikacji autorka stara si\u0119 znale\u017a\u0107 odpowied\u017a na niekt\u00f3re z nich<br \/>\n\u2022 Czy prowadzona przed wybuchem kryzysu finansowego polityka pieni\u0119\u017cna by\u0142a skuteczna?<br \/>\n\u2022 Jak zareagowa\u0142y banki centralne na zaburzenia na rynkach finansowych?<br \/>\n\u2022 Jakie nowe instrumenty zosta\u0142y wypracowane w reakcji na nieefektywno\u015b\u0107 dotychczas stosowanych narz\u0119dzi polityki pieni\u0119\u017cnej?<br \/>\n\u2022 Jaka jest skuteczno\u015b\u0107 wdro\u017cenia niestandardowych instrument\u00f3w polityki pieni\u0119\u017cnej?<br \/>\n\u2022 Czy i na jakich zasadach jest mo\u017cliwy powr\u00f3t do przedkryzysowej, konwencjonalnej polityki pieni\u0119\u017cnej?<br \/>\n\u2022 Czy do\u015bwiadczenia bank\u00f3w centralnych zwi\u0105zane ze stosowaniem niestandardowych instrument\u00f3w polityki pieni\u0119\u017cnej mog\u0105 by\u0107 przydatne dla Polski?<\/p>\n","protected":false},"excerpt":{"rendered":"<p>Autor: Ilona Skibi\u0144ska-Fabrowska Wydawca: CeDeWu Oprawa: Mi\u0119kka Format: 16.5&#215;23.5cm Liczba [&hellip;]<\/p>\n","protected":false},"featured_media":16978,"template":"","meta":[],"product_brand":[],"product_cat":[20,7503],"product_tag":[411],"class_list":{"0":"post-16977","1":"product","2":"type-product","3":"status-publish","4":"has-post-thumbnail","6":"product_cat-bankowosc","7":"product_cat-bankowosc-i-prawo-bankowe","8":"product_tag-bankowosc","10":"first","11":"instock","12":"sale","13":"shipping-taxable","14":"purchasable","15":"product-type-simple"},"_links":{"self":[{"href":"https:\/\/ksiegarnia-akademicka.pl\/index.php\/wp-json\/wp\/v2\/product\/16977","targetHints":{"allow":["GET"]}}],"collection":[{"href":"https:\/\/ksiegarnia-akademicka.pl\/index.php\/wp-json\/wp\/v2\/product"}],"about":[{"href":"https:\/\/ksiegarnia-akademicka.pl\/index.php\/wp-json\/wp\/v2\/types\/product"}],"wp:featuredmedia":[{"embeddable":true,"href":"https:\/\/ksiegarnia-akademicka.pl\/index.php\/wp-json\/wp\/v2\/media\/16978"}],"wp:attachment":[{"href":"https:\/\/ksiegarnia-akademicka.pl\/index.php\/wp-json\/wp\/v2\/media?parent=16977"}],"wp:term":[{"taxonomy":"product_brand","embeddable":true,"href":"https:\/\/ksiegarnia-akademicka.pl\/index.php\/wp-json\/wp\/v2\/product_brand?post=16977"},{"taxonomy":"product_cat","embeddable":true,"href":"https:\/\/ksiegarnia-akademicka.pl\/index.php\/wp-json\/wp\/v2\/product_cat?post=16977"},{"taxonomy":"product_tag","embeddable":true,"href":"https:\/\/ksiegarnia-akademicka.pl\/index.php\/wp-json\/wp\/v2\/product_tag?post=16977"}],"curies":[{"name":"wp","href":"https:\/\/api.w.org\/{rel}","templated":true}]}}