{"id":16975,"date":"2023-11-16T09:00:26","date_gmt":"2023-11-16T08:00:26","guid":{"rendered":"http:\/\/ksiegarnia-akademicka.pl\/?post_type=product&#038;p=16975"},"modified":"2023-11-16T09:00:26","modified_gmt":"2023-11-16T08:00:26","slug":"analiza-i-kontrola-kosztow-przedsiebiorstwa","status":"publish","type":"product","link":"https:\/\/ksiegarnia-akademicka.pl\/index.php\/product\/analiza-i-kontrola-kosztow-przedsiebiorstwa\/","title":{"rendered":"Analiza i kontrola koszt\u00f3w przedsi\u0119biorstwa"},"content":{"rendered":"<p>Autor:<br \/>\nEdward Nowak<br \/>\nWydawca: CeDeWu<br \/>\nOprawa: Mi\u0119kka<br \/>\nFormat: 16.5&#215;23.5cm<br \/>\nLiczba stron: 232<br \/>\nWydanie: 2<br \/>\nRok wydania: 2023<br \/>\nJ\u0119zyk wydania: polski<\/p>\n<p>Ksi\u0105\u017cka jest monografi\u0105 po\u015bwi\u0119con\u0105 analizie i kontroli koszt\u00f3w oraz jej wykorzystaniu w ocenie dzia\u0142alno\u015bci przedsi\u0119biorstwa.<br \/>\nPo jej przestudiowaniu czytelnik zdob\u0119dzie wiedz\u0119 o tym:<br \/>\n&#8211; jaka jest istota i rola analizy koszt\u00f3w w ocenie dzia\u0142alno\u015bci przedsi\u0119biorstwa,<br \/>\n&#8211; jakie jest znaczenie kontroli koszt\u00f3w w zarz\u0105dzaniu przedsi\u0119biorstwem,<br \/>\n&#8211; jakie \u017ar\u00f3d\u0142a informacji wykorzystuje si\u0119 w analizie i kontroli koszt\u00f3w,<br \/>\n&#8211; jakie metody stosuje si\u0119 w analizie koszt\u00f3w przedsi\u0119biorstwa,<br \/>\n&#8211; w jaki spos\u00f3b przeprowadza\u0107 kontrol\u0119 koszt\u00f3w w przedsi\u0119biorstwie.<\/p>\n","protected":false},"excerpt":{"rendered":"<p>Autor: Edward Nowak Wydawca: CeDeWu Oprawa: Mi\u0119kka Format: 16.5&#215;23.5cm Liczba [&hellip;]<\/p>\n","protected":false},"featured_media":16976,"template":"","meta":[],"product_brand":[],"product_cat":[7516,31,7515],"product_tag":[437,361],"class_list":{"0":"post-16975","1":"product","2":"type-product","3":"status-publish","4":"has-post-thumbnail","6":"product_cat-finanse-przedsiebiorstwa","7":"product_cat-przedsiebiorstwo","8":"product_cat-zarzadzanie-przedsiebiorstwem","9":"product_tag-finanse-przedsiebiorstwa","10":"product_tag-przedsiebiorstwo","12":"first","13":"instock","14":"sale","15":"shipping-taxable","16":"purchasable","17":"product-type-simple"},"_links":{"self":[{"href":"https:\/\/ksiegarnia-akademicka.pl\/index.php\/wp-json\/wp\/v2\/product\/16975","targetHints":{"allow":["GET"]}}],"collection":[{"href":"https:\/\/ksiegarnia-akademicka.pl\/index.php\/wp-json\/wp\/v2\/product"}],"about":[{"href":"https:\/\/ksiegarnia-akademicka.pl\/index.php\/wp-json\/wp\/v2\/types\/product"}],"wp:featuredmedia":[{"embeddable":true,"href":"https:\/\/ksiegarnia-akademicka.pl\/index.php\/wp-json\/wp\/v2\/media\/16976"}],"wp:attachment":[{"href":"https:\/\/ksiegarnia-akademicka.pl\/index.php\/wp-json\/wp\/v2\/media?parent=16975"}],"wp:term":[{"taxonomy":"product_brand","embeddable":true,"href":"https:\/\/ksiegarnia-akademicka.pl\/index.php\/wp-json\/wp\/v2\/product_brand?post=16975"},{"taxonomy":"product_cat","embeddable":true,"href":"https:\/\/ksiegarnia-akademicka.pl\/index.php\/wp-json\/wp\/v2\/product_cat?post=16975"},{"taxonomy":"product_tag","embeddable":true,"href":"https:\/\/ksiegarnia-akademicka.pl\/index.php\/wp-json\/wp\/v2\/product_tag?post=16975"}],"curies":[{"name":"wp","href":"https:\/\/api.w.org\/{rel}","templated":true}]}}