{"id":16953,"date":"2023-11-15T14:34:48","date_gmt":"2023-11-15T13:34:48","guid":{"rendered":"http:\/\/ksiegarnia-akademicka.pl\/?post_type=product&#038;p=16953"},"modified":"2023-11-15T14:34:49","modified_gmt":"2023-11-15T13:34:49","slug":"pierwsza-pomoc-podrecznik-dla-studentow","status":"publish","type":"product","link":"https:\/\/ksiegarnia-akademicka.pl\/index.php\/product\/pierwsza-pomoc-podrecznik-dla-studentow\/","title":{"rendered":"Pierwsza pomoc Podr\u0119cznik dla student\u00f3w"},"content":{"rendered":"<p>Autor:<br \/>\nMariusz Goniewicz<br \/>\nWydawca: PZWL<br \/>\nOprawa: Mi\u0119kka<br \/>\nFormat: 16.5&#215;23.5cm<br \/>\nLiczba stron: 232<br \/>\nWydanie: 1<br \/>\nRok wydania: 2023<br \/>\nJ\u0119zyk wydania: polski<\/p>\n<p>W podr\u0119czniku om\u00f3wione s\u0105 czynno\u015bci ratuj\u0105ce \u017cycie w nag\u0142ych wypadkach. Przedstawiono najnowsze zasady udzielania pierwszej pomocy w stanach zagro\u017cenia \u017cycia u dzieci i doros\u0142ych. W publikacji zosta\u0142y uwzgl\u0119dnione aktualne wytyczne Europejskiej Rady Resuscytacji oraz Europejskiego Towarzystwa Medycyny Ratunkowej. Om\u00f3wione s\u0105 m. in. podstawowe zabiegi resuscytacyjne, post\u0119powanie z chorym nieprzytomnym, pierwsza pomoc w przypadku obra\u017ce\u0144, oparze\u0144, hipotermii oraz zatrucia. Publikacj\u0119 wzbogacaj\u0105 definicje, tabele, ryciny i obszerne pi\u015bmiennictwo. Przyswojenie opisywanych zagadnie\u0144 u\u0142atwiaj\u0105 zamieszczone algorytmy post\u0119powania.<br \/>\nPodr\u0119cznik jest adresowany do student\u00f3w wszystkich uczelni, na kt\u00f3rych jest realizowany przedmiot pierwsza pomoc (dora\u017ana pomoc medyczna, kwalifikowana pierwsza pomoc, pierwsza pomoc przedmedyczna).<\/p>\n","protected":false},"excerpt":{"rendered":"<p>Autor: Mariusz Goniewicz Wydawca: PZWL Oprawa: Mi\u0119kka Format: 16.5&#215;23.5cm Liczba [&hellip;]<\/p>\n","protected":false},"featured_media":16954,"template":"","meta":[],"product_brand":[],"product_cat":[7493,8116],"product_tag":[5254,6586],"class_list":{"0":"post-16953","1":"product","2":"type-product","3":"status-publish","4":"has-post-thumbnail","6":"product_cat-medycyna","7":"product_cat-medycyna-ratunkowa","8":"product_tag-medycyna-ratunkowa","9":"product_tag-pierwsza-pomoc","11":"first","12":"instock","13":"sale","14":"shipping-taxable","15":"purchasable","16":"product-type-simple"},"_links":{"self":[{"href":"https:\/\/ksiegarnia-akademicka.pl\/index.php\/wp-json\/wp\/v2\/product\/16953","targetHints":{"allow":["GET"]}}],"collection":[{"href":"https:\/\/ksiegarnia-akademicka.pl\/index.php\/wp-json\/wp\/v2\/product"}],"about":[{"href":"https:\/\/ksiegarnia-akademicka.pl\/index.php\/wp-json\/wp\/v2\/types\/product"}],"wp:featuredmedia":[{"embeddable":true,"href":"https:\/\/ksiegarnia-akademicka.pl\/index.php\/wp-json\/wp\/v2\/media\/16954"}],"wp:attachment":[{"href":"https:\/\/ksiegarnia-akademicka.pl\/index.php\/wp-json\/wp\/v2\/media?parent=16953"}],"wp:term":[{"taxonomy":"product_brand","embeddable":true,"href":"https:\/\/ksiegarnia-akademicka.pl\/index.php\/wp-json\/wp\/v2\/product_brand?post=16953"},{"taxonomy":"product_cat","embeddable":true,"href":"https:\/\/ksiegarnia-akademicka.pl\/index.php\/wp-json\/wp\/v2\/product_cat?post=16953"},{"taxonomy":"product_tag","embeddable":true,"href":"https:\/\/ksiegarnia-akademicka.pl\/index.php\/wp-json\/wp\/v2\/product_tag?post=16953"}],"curies":[{"name":"wp","href":"https:\/\/api.w.org\/{rel}","templated":true}]}}