{"id":16917,"date":"2023-11-09T08:58:05","date_gmt":"2023-11-09T07:58:05","guid":{"rendered":"http:\/\/ksiegarnia-akademicka.pl\/?post_type=product&#038;p=16917"},"modified":"2024-12-05T09:29:50","modified_gmt":"2024-12-05T08:29:50","slug":"psychologia-w-praktyce-lekarskiej","status":"publish","type":"product","link":"https:\/\/ksiegarnia-akademicka.pl\/index.php\/product\/psychologia-w-praktyce-lekarskiej\/","title":{"rendered":"Psychologia w praktyce lekarskiej"},"content":{"rendered":"<p>Autor:<br \/>\nUrszula Sajewicz-Radtke<br \/>\nWydawca: Medical Tribune<br \/>\nOprawa: Mi\u0119kka<br \/>\nFormat: 19.3&#215;12.7cm<br \/>\nLiczba stron: 272<br \/>\nRok wydania: 2023<br \/>\nJ\u0119zyk wydania: polski<\/p>\n<p>Spis tre\u015bci<br \/>\nWprowadzenie . . . . . . . . . . . . . . . . . . . . . . . . . . . . . . . . . . . . 9<br \/>\nCo chroni zdrowie psychiczne? . . . . . . . . . . . . . . . . . . . . . . . 21<br \/>\nPrzekonania dotycz\u0105ce chorowania oraz obraz zdrowia<br \/>\ni choroby . . . . . . . . . . . . . . . . . . . . . . . . . . . . . . . . . . . . . . . . 43<br \/>\nCzy relacja lekarz\u2013pacjent ma znaczenie? . . . . . . . . . . . . . . 72<br \/>\nRelacja lekarz\u2013pacjent \u2013 jak j\u0105 budowa\u0107? . . . . . . . . . . . . . . . 88<br \/>\nCzym jest stres . . . . . . . . . . . . . . . . . . . . . . . . . . . . . . . . . . . . 131<br \/>\nJak to jest by\u0107 chorym i jak to wp\u0142ywa na psychik\u0119 . . . . . . . . 173<br \/>\nPsychologiczne aspekty choroby przewlek\u0142ej . . . . . . . . . . . . 195<br \/>\nB\u00f3l . . . . . . . . . . . . . . . . . . . . . . . . . . . . . . . . . . . . . . . . . . . . . 216<br \/>\nUmieranie . . . . . . . . . . . . . . . . . . . . . . . . . . . . . . . . . . . . . . . 232<\/p>\n","protected":false},"excerpt":{"rendered":"<p>Autor: Urszula Sajewicz-Radtke Wydawca: Medical Tribune Oprawa: Mi\u0119kka Format: 19.3&#215;12.7cm [&hellip;]<\/p>\n","protected":false},"featured_media":16918,"template":"","meta":[],"product_brand":[],"product_cat":[7493,27,7509],"product_tag":[3994,1186],"class_list":{"0":"post-16917","1":"product","2":"type-product","3":"status-publish","4":"has-post-thumbnail","6":"product_cat-medycyna","7":"product_cat-nauki-spoleczne","8":"product_cat-psychologia","9":"product_tag-medycyna","10":"product_tag-psychologia","12":"first","13":"instock","14":"sale","15":"shipping-taxable","16":"purchasable","17":"product-type-simple"},"_links":{"self":[{"href":"https:\/\/ksiegarnia-akademicka.pl\/index.php\/wp-json\/wp\/v2\/product\/16917","targetHints":{"allow":["GET"]}}],"collection":[{"href":"https:\/\/ksiegarnia-akademicka.pl\/index.php\/wp-json\/wp\/v2\/product"}],"about":[{"href":"https:\/\/ksiegarnia-akademicka.pl\/index.php\/wp-json\/wp\/v2\/types\/product"}],"wp:featuredmedia":[{"embeddable":true,"href":"https:\/\/ksiegarnia-akademicka.pl\/index.php\/wp-json\/wp\/v2\/media\/16918"}],"wp:attachment":[{"href":"https:\/\/ksiegarnia-akademicka.pl\/index.php\/wp-json\/wp\/v2\/media?parent=16917"}],"wp:term":[{"taxonomy":"product_brand","embeddable":true,"href":"https:\/\/ksiegarnia-akademicka.pl\/index.php\/wp-json\/wp\/v2\/product_brand?post=16917"},{"taxonomy":"product_cat","embeddable":true,"href":"https:\/\/ksiegarnia-akademicka.pl\/index.php\/wp-json\/wp\/v2\/product_cat?post=16917"},{"taxonomy":"product_tag","embeddable":true,"href":"https:\/\/ksiegarnia-akademicka.pl\/index.php\/wp-json\/wp\/v2\/product_tag?post=16917"}],"curies":[{"name":"wp","href":"https:\/\/api.w.org\/{rel}","templated":true}]}}