{"id":16910,"date":"2023-11-08T10:37:31","date_gmt":"2023-11-08T09:37:31","guid":{"rendered":"http:\/\/ksiegarnia-akademicka.pl\/?post_type=product&#038;p=16910"},"modified":"2023-11-08T10:37:31","modified_gmt":"2023-11-08T09:37:31","slug":"wspolczesna-makroekonomia","status":"publish","type":"product","link":"https:\/\/ksiegarnia-akademicka.pl\/index.php\/product\/wspolczesna-makroekonomia\/","title":{"rendered":"Wsp\u00f3\u0142czesna makroekonomia"},"content":{"rendered":"<p>Autor:<br \/>\nStanis\u0142aw Lis<br \/>\nWydawca: CeDeWu<br \/>\nOprawa: Mi\u0119kka<br \/>\nFormat: 16.5&#215;23.5cm<br \/>\nLiczba stron: 454<br \/>\nWydanie: 3<br \/>\nRok wydania: 2023<br \/>\nJ\u0119zyk wydania: polski<\/p>\n<p>Podr\u0119cznik stanowi systematyczny, interesuj\u0105cy i nowoczesny wyk\u0142ad fundamentalnych problem\u00f3w wsp\u00f3\u0142czesnej gospodarki \u015bwiatowej. Prezentacja i interpretacja z\u0142o\u017conych zjawisk i proces\u00f3w makroekonomicznych prowadzona jest na gruncie powszechnie akceptowanych teorii g\u0142\u00f3wnego nurtu oraz do\u015bwiadcze\u0144 praktycznych kraj\u00f3w wysoko rozwini\u0119tych, w tym Polski.<\/p>\n<p>W podr\u0119czniku zwr\u00f3cono szczeg\u00f3ln\u0105 uwag\u0119 na:<br \/>\n&#8211; wyja\u015bnienie podstawowych kategorii makroekonomicznych, proces\u00f3w gospodarczych i wsp\u00f3\u0142zale\u017cno\u015bci pomi\u0119dzy podmiotami gospodaruj\u0105cymi i g\u0142\u00f3wnymi rynkami;<br \/>\n&#8211; analiz\u0119 funkcjonowania mechanizm\u00f3w dostosowawczych zar\u00f3wno w gospodarce zamkni\u0119tej i otwartej (w warunkach integracji ekonomicznej i globalizacji);<br \/>\n&#8211; determinanty r\u00f3wnowagi globalnej na podstawowych rynkach: rynku d\u00f3br i us\u0142ug, rynku pieni\u0105dza, rynku pracy i rynku walutowym;<br \/>\n&#8211; pokazanie zasad i skutk\u00f3w dzia\u0142ania mechanizmu dostosowawczego cen, p\u0142ac, stopy procentowej oraz kursu walutowego zar\u00f3wno w kr\u00f3tkim, jak i w d\u0142ugim okresie;<br \/>\n&#8211; zastosowanie narz\u0119dzi i instrument\u00f3w ekonomicznych oraz skuteczno\u015bci oddzia\u0142ywania polityki makroekonomicznej na stabilizacj\u0119 gospodarki; w tym kontek\u015bcie zaprezentowano kontrowersje wok\u00f3\u0142 roli rynku i pa\u0144stwa w gospodarce;<br \/>\n&#8211; \u017ar\u00f3d\u0142a i skutki spo\u0142eczno-ekonomiczne bezrobocia i inflacji;<br \/>\n&#8211; nowoczesne czynniki wzrostu gospodarczego i wahania koniunkturalne.<\/p>\n<p>Podr\u0119cznik wyr\u00f3\u017cnia si\u0119 tak\u017ce wa\u017cnymi walorami dydaktycznymi, interesuj\u0105cym sposobem narracji i ciekawymi przyk\u0142adami praktycznymi.<\/p>\n","protected":false},"excerpt":{"rendered":"<p>Autor: Stanis\u0142aw Lis Wydawca: CeDeWu Oprawa: Mi\u0119kka Format: 16.5&#215;23.5cm Liczba [&hellip;]<\/p>\n","protected":false},"featured_media":16911,"template":"","meta":[],"product_brand":[],"product_cat":[17,7499],"product_tag":[342],"class_list":{"0":"post-16910","1":"product","2":"type-product","3":"status-publish","4":"has-post-thumbnail","6":"product_cat-ekonomia","7":"product_cat-makro-i-mikroekonomia","8":"product_tag-makroekonomia","10":"first","11":"instock","12":"sale","13":"shipping-taxable","14":"purchasable","15":"product-type-simple"},"_links":{"self":[{"href":"https:\/\/ksiegarnia-akademicka.pl\/index.php\/wp-json\/wp\/v2\/product\/16910","targetHints":{"allow":["GET"]}}],"collection":[{"href":"https:\/\/ksiegarnia-akademicka.pl\/index.php\/wp-json\/wp\/v2\/product"}],"about":[{"href":"https:\/\/ksiegarnia-akademicka.pl\/index.php\/wp-json\/wp\/v2\/types\/product"}],"wp:featuredmedia":[{"embeddable":true,"href":"https:\/\/ksiegarnia-akademicka.pl\/index.php\/wp-json\/wp\/v2\/media\/16911"}],"wp:attachment":[{"href":"https:\/\/ksiegarnia-akademicka.pl\/index.php\/wp-json\/wp\/v2\/media?parent=16910"}],"wp:term":[{"taxonomy":"product_brand","embeddable":true,"href":"https:\/\/ksiegarnia-akademicka.pl\/index.php\/wp-json\/wp\/v2\/product_brand?post=16910"},{"taxonomy":"product_cat","embeddable":true,"href":"https:\/\/ksiegarnia-akademicka.pl\/index.php\/wp-json\/wp\/v2\/product_cat?post=16910"},{"taxonomy":"product_tag","embeddable":true,"href":"https:\/\/ksiegarnia-akademicka.pl\/index.php\/wp-json\/wp\/v2\/product_tag?post=16910"}],"curies":[{"name":"wp","href":"https:\/\/api.w.org\/{rel}","templated":true}]}}