{"id":16880,"date":"2023-11-08T09:36:33","date_gmt":"2023-11-08T08:36:33","guid":{"rendered":"http:\/\/ksiegarnia-akademicka.pl\/?post_type=product&#038;p=16880"},"modified":"2023-11-08T09:51:09","modified_gmt":"2023-11-08T08:51:09","slug":"zarzadzanie-finansami-przedsiebiorstwa-teoria-i-praktyka","status":"publish","type":"product","link":"https:\/\/ksiegarnia-akademicka.pl\/index.php\/product\/zarzadzanie-finansami-przedsiebiorstwa-teoria-i-praktyka\/","title":{"rendered":"Zarz\u0105dzanie finansami przedsi\u0119biorstwa &#8211; teoria i praktyka"},"content":{"rendered":"<p>Redakcja: Cie\u015blik Rafa\u0142, Postu\u0142a Marta<br \/>\nWydawca: Wydawnictwa Uniwersytetu Warszawskiego<br \/>\nOprawa: Mi\u0119kka<br \/>\nFormat: 16.7&#215;24.0cm<br \/>\nLiczba stron: 248<br \/>\nWydanie: 1<br \/>\nRok wydania: 2023<br \/>\nJ\u0119zyk wydania: polski<\/p>\n<p>Prowadzenie dzia\u0142alno\u015bci gospodarczej to dzisiaj zar\u00f3wno sztuka, jak i wyzwanie. Celem tej publikacji jest przybli\u017cenie studentom oraz osobom, kt\u00f3re zajmuj\u0105 si\u0119 lub b\u0119d\u0105 si\u0119 zajmowa\u0142y problematyk\u0105 finans\u00f3w pomiot\u00f3w gospodarczych, zagadnie\u0144 z tego obszaru w aspektach teoretycznym i praktycznym. Polecamy j\u0105 r\u00f3wnie\u017c prowadz\u0105cym lub zamierzaj\u0105cym prowadzi\u0107 w\u0142asny biznes. Pozwoli im ona bli\u017cej pozna\u0107 \u015bwiat finans\u00f3w, ograniczy\u0107 skutki pojawiaj\u0105cych si\u0119 zagro\u017ce\u0144 kryzysowych oraz wykorzysta\u0107 wiele szans rozwojowych, jakie mog\u0105 im towarzyszy\u0107.<\/p>\n<p>Rozwa\u017cania teoretyczne podbudowano wieloma przyk\u0142adami i zadaniami, co powoduje, \u017ce ksi\u0105\u017cka jest atrakcyjna dla os\u00f3b pragn\u0105cych widzie\u0107 zwi\u0105zek teorii z praktyk\u0105. Nacisk po\u0142o\u017cono na zagadnienia, takie jak: istota finans\u00f3w przedsi\u0119biorstw, \u017ar\u00f3d\u0142a pozyskiwania kapita\u0142\u00f3w, zarz\u0105dzanie ryzkiem, ocena sytuacji finansowej przedsi\u0119biorstwa, analiza progu rentowno\u015bci oraz d\u017awigni finansowej i operacyjnej, decyzje inwestycyjne, fuzje i przej\u0119cia firm. Du\u017co uwagi w monografii po\u015bwiecono zagadnieniom obecnie bardzo istotnym w kontek\u015bcie mierzenia si\u0119 ze skutkami COVID-19, tj. podejmowaniu ryzyka, kt\u00f3re wi\u0105\u017ce si\u0119 nieodzownie z zarz\u0105dzaniem w dzia\u0142alno\u015bci gospodarczej.<\/p>\n<p>[\u2026] monografia jest efektem docieka\u0144 pi\u0119ciu os\u00f3b zar\u00f3wno pracownik\u00f3w naukowych, jak i praktyk\u00f3w. Nale\u017cy uzna\u0107, i\u017c dobrze si\u0119 sta\u0142o, \u017ce zaj\u0119li si\u0119 Oni ambitnym i aktualnym tematem dotycz\u0105cym zarz\u0105dzania finansami przedsi\u0119biorstw. Temat o tyle istotny, \u017ce mierz\u0105c si\u0119 ze skutkami COVID-19, prowadzenie dzia\u0142alno\u015bci gospodarczej, a zw\u0142aszcza zapewnienie kapita\u0142\u00f3w do przetrwania kryzysu wywo\u0142anego pandemi\u0105, b\u0119dzie dla uczestnik\u00f3w rynku du\u017cym wyzwaniem,. Dlatego te\u017c niezwykle istotne jest poj\u0119cie tematu zarz\u0105dzania finansami w odniesieniu do aktualnych zagro\u017ce\u0144 i mo\u017cliwo\u015bci\u2026<br \/>\n[\u2026] Uwa\u017cam \u017ce lektura niniejszej monografii sprzyja\u0107 bezie pog\u0142\u0119bianiu i przyswajaniu po\u017c\u0105danej wiedzy skupionej wok\u00f3\u0142 zasad funkcjonowania przedsi\u0119biorstw. Jestem przekonana, \u017ce publikacja ta kwalifikuje si\u0119 do polecenia zar\u00f3wno studentom r\u00f3\u017cnych specjalno\u015bci kierunku zarz\u0105dzania czy finans\u00f3w i rachunkowo\u015bci, jak r\u00f3wnie\u017c w \u015brodowiskach mened\u017cerskich. [&#8230;] Ponadto jest niew\u0105tpliwie doskona\u0142\u0105 pozycj\u0105 szkoleniow\u0105 i samokszta\u0142ceniow\u0105 dla os\u00f3b zajmuj\u0105cych si\u0119 finansami w przedsi\u0119biorstwie, Jak te\u017c dla os\u00f3b prowadz\u0105cych lub zamierzaj\u0105cych prowadzi\u0107 w\u0142asny biznes.<br \/>\n(Dr hab. Sylwia Wojciechowska-Filipek, prof. SAN)<\/p>\n","protected":false},"excerpt":{"rendered":"<p>Redakcja: Cie\u015blik Rafa\u0142, Postu\u0142a Marta Wydawca: Wydawnictwa Uniwersytetu Warszawskiego Oprawa: [&hellip;]<\/p>\n","protected":false},"featured_media":16881,"template":"","meta":[],"product_brand":[],"product_cat":[7516,31,7515],"product_tag":[437,541],"class_list":{"0":"post-16880","1":"product","2":"type-product","3":"status-publish","4":"has-post-thumbnail","6":"product_cat-finanse-przedsiebiorstwa","7":"product_cat-przedsiebiorstwo","8":"product_cat-zarzadzanie-przedsiebiorstwem","9":"product_tag-finanse-przedsiebiorstwa","10":"product_tag-zarzadzanie","12":"first","13":"instock","14":"sale","15":"shipping-taxable","16":"purchasable","17":"product-type-simple"},"_links":{"self":[{"href":"https:\/\/ksiegarnia-akademicka.pl\/index.php\/wp-json\/wp\/v2\/product\/16880","targetHints":{"allow":["GET"]}}],"collection":[{"href":"https:\/\/ksiegarnia-akademicka.pl\/index.php\/wp-json\/wp\/v2\/product"}],"about":[{"href":"https:\/\/ksiegarnia-akademicka.pl\/index.php\/wp-json\/wp\/v2\/types\/product"}],"wp:featuredmedia":[{"embeddable":true,"href":"https:\/\/ksiegarnia-akademicka.pl\/index.php\/wp-json\/wp\/v2\/media\/16881"}],"wp:attachment":[{"href":"https:\/\/ksiegarnia-akademicka.pl\/index.php\/wp-json\/wp\/v2\/media?parent=16880"}],"wp:term":[{"taxonomy":"product_brand","embeddable":true,"href":"https:\/\/ksiegarnia-akademicka.pl\/index.php\/wp-json\/wp\/v2\/product_brand?post=16880"},{"taxonomy":"product_cat","embeddable":true,"href":"https:\/\/ksiegarnia-akademicka.pl\/index.php\/wp-json\/wp\/v2\/product_cat?post=16880"},{"taxonomy":"product_tag","embeddable":true,"href":"https:\/\/ksiegarnia-akademicka.pl\/index.php\/wp-json\/wp\/v2\/product_tag?post=16880"}],"curies":[{"name":"wp","href":"https:\/\/api.w.org\/{rel}","templated":true}]}}