{"id":16860,"date":"2023-11-03T13:04:13","date_gmt":"2023-11-03T12:04:13","guid":{"rendered":"http:\/\/ksiegarnia-akademicka.pl\/?post_type=product&#038;p=16860"},"modified":"2023-11-03T13:04:15","modified_gmt":"2023-11-03T12:04:15","slug":"prawo-obrotu-pienieznego-komentarz","status":"publish","type":"product","link":"https:\/\/ksiegarnia-akademicka.pl\/index.php\/product\/prawo-obrotu-pienieznego-komentarz\/","title":{"rendered":"Prawo obrotu pieni\u0119\u017cnego Komentarz"},"content":{"rendered":"<p>Redakcja: Mikos-Sitek Agnieszka, Nowak-Far Artur, Zapadka Piotr<br \/>\nWydawca: Wolters Kluwer<br \/>\nOprawa: Twarda<br \/>\nLiczba stron: 1216<br \/>\nWydanie: 1<br \/>\nRok wydania: 2023<br \/>\nJ\u0119zyk wydania: polski<\/p>\n<p>Ksi\u0105\u017cka Prawo obrotu pieni\u0119\u017cnego to komentarz do trzech ustaw: o przeciwdzia\u0142aniu praniu pieni\u0119dzy oraz finansowaniu terroryzmu, o Narodowym Banku Polskim i Prawa dewizowego.<\/p>\n<p>Publikacja omawia m.in. zasady kreacji pieni\u0105dza przez bank centralny, istot\u0119 prawnego \u015brodka p\u0142atniczego jako instrumentu s\u0142u\u017c\u0105cego do umarzania zobowi\u0105za\u0144, rozr\u00f3\u017cnienie poj\u0119\u0107 takich jak: jak znak pieni\u0119\u017cny i jednostka pieni\u0119\u017cna oraz obr\u00f3t got\u00f3wkowy i bezgot\u00f3wkowy, regu\u0142y transgranicznego transferu warto\u015bci dewizowych czy przeciwdzia\u0142anie praniu pieni\u0119dzy. To unikalne opracowanie pomaga przy wyk\u0142adni regu\u0142 odnosz\u0105cych si\u0119 do obrotu pieni\u0105dzem w polskim porz\u0105dku prawnym.<\/p>\n<p>Autorami s\u0105 wybitni teoretycy i praktycy prawa afiliowani przy wiod\u0105cych polskich wydzia\u0142ach prawa albo wykonuj\u0105cy r\u00f3\u017cne regulowane zawody prawnicze. S\u0105 to uznani eksperci w swoich obszarach specjalizacyjnych, maj\u0105cy bogat\u0105 praktyk\u0119 prawnicz\u0105 lub rozleg\u0142\u0105 wiedz\u0119 naukow\u0105.<\/p>\n<p>Publikacja pomo\u017ce w codziennej praktyce adwokatom, radcom prawnym, s\u0119dziom, prokuratorom, a tak\u017ce zainteresuje przedsi\u0119biorc\u00f3w m.in. w bankowo\u015bci i instytucjach finansowych, handlu zagranicznym i ekonomist\u00f3w.<\/p>\n","protected":false},"excerpt":{"rendered":"<p>Redakcja: Mikos-Sitek Agnieszka, Nowak-Far Artur, Zapadka Piotr Wydawca: Wolters Kluwer [&hellip;]<\/p>\n","protected":false},"featured_media":16861,"template":"","meta":[],"product_brand":[],"product_cat":[20,19,7501,7504],"product_tag":[483,1136],"class_list":{"0":"post-16860","1":"product","2":"type-product","3":"status-publish","4":"has-post-thumbnail","6":"product_cat-bankowosc","7":"product_cat-finanse-i-prawo-finansowe","8":"product_cat-prawo-finansowe","9":"product_cat-rynek-pieniezny-i-kapitalowy","10":"product_tag-prawo-bankowe","11":"product_tag-prawo-finansowe","13":"first","14":"instock","15":"sale","16":"shipping-taxable","17":"purchasable","18":"product-type-simple"},"_links":{"self":[{"href":"https:\/\/ksiegarnia-akademicka.pl\/index.php\/wp-json\/wp\/v2\/product\/16860","targetHints":{"allow":["GET"]}}],"collection":[{"href":"https:\/\/ksiegarnia-akademicka.pl\/index.php\/wp-json\/wp\/v2\/product"}],"about":[{"href":"https:\/\/ksiegarnia-akademicka.pl\/index.php\/wp-json\/wp\/v2\/types\/product"}],"wp:featuredmedia":[{"embeddable":true,"href":"https:\/\/ksiegarnia-akademicka.pl\/index.php\/wp-json\/wp\/v2\/media\/16861"}],"wp:attachment":[{"href":"https:\/\/ksiegarnia-akademicka.pl\/index.php\/wp-json\/wp\/v2\/media?parent=16860"}],"wp:term":[{"taxonomy":"product_brand","embeddable":true,"href":"https:\/\/ksiegarnia-akademicka.pl\/index.php\/wp-json\/wp\/v2\/product_brand?post=16860"},{"taxonomy":"product_cat","embeddable":true,"href":"https:\/\/ksiegarnia-akademicka.pl\/index.php\/wp-json\/wp\/v2\/product_cat?post=16860"},{"taxonomy":"product_tag","embeddable":true,"href":"https:\/\/ksiegarnia-akademicka.pl\/index.php\/wp-json\/wp\/v2\/product_tag?post=16860"}],"curies":[{"name":"wp","href":"https:\/\/api.w.org\/{rel}","templated":true}]}}