{"id":16813,"date":"2023-10-24T10:36:31","date_gmt":"2023-10-24T08:36:31","guid":{"rendered":"http:\/\/ksiegarnia-akademicka.pl\/?post_type=product&#038;p=16813"},"modified":"2023-10-24T10:36:31","modified_gmt":"2023-10-24T08:36:31","slug":"psychologia-rozwoju-czlowieka-tom-1-3","status":"publish","type":"product","link":"https:\/\/ksiegarnia-akademicka.pl\/index.php\/product\/psychologia-rozwoju-czlowieka-tom-1-3\/","title":{"rendered":"Psychologia rozwoju cz\u0142owieka Tom 1-3"},"content":{"rendered":"<p>Autor:<br \/>\nMaria Przetacznik-Gierowska<br \/>\nBarbara Harwas-Napiera\u0142a<br \/>\nJanusz Trempa\u0142a<br \/>\nWydawca: Wydawnictwo Naukowe PWN<br \/>\nOprawa: Mi\u0119kka<br \/>\nFormat: 17.0&#215;24.0cm<br \/>\nLiczba stron: 792<br \/>\nRok wydania: 2023<br \/>\nJ\u0119zyk wydania: polski<\/p>\n<p>Psychologia rozwoju cz\u0142owieka jest pierwszym polskim podr\u0119cznikiem akademickim, w kt\u00f3rym autorzy opisuj\u0105 ca\u0142okszta\u0142t zjawisk rozwojowych cz\u0142owieka od stadium prenatalnego a\u017c do staro\u015bci. Odej\u015bcie od tradycyjnego opisywania rozwoju tylko w okresie dzieci\u0144stwa i wieku m\u0142odzie\u0144czego jest konsekwencj\u0105 niekwestionowanego ju\u017c dzi\u015b pogl\u0105du, i\u017c rozw\u00f3j cz\u0142owieka dokonuje si\u0119 przez ca\u0142e \u017cycie.<\/p>\n<p>Tom 1:<\/p>\n<p>przedstawia problemy i zadania wsp\u00f3\u0142czesnej psychologii rozwoju cz\u0142owieka;<br \/>\nprezentuje ekologiczne, kulturowe i \u015brodowiskowe podej\u015bcie do badania proces\u00f3w rozwojowych;<br \/>\nprzybli\u017ca podstawowe modele, koncepcje i teorie rozwoju, zwraca tak\u017ce uwag\u0119 na problemy metodologiczne;<br \/>\nstanowi wprowadzenie do kolejnych tom\u00f3w po\u015bwi\u0119conych: charakterystyce okres\u00f3w \u017cycia cz\u0142owieka (tom 2) oraz rozwojowi funkcji psychicznych (tom 3).<\/p>\n<p>Tom 2:<\/p>\n<p>charakteryzuje rozw\u00f3j cz\u0142owieka w pe\u0142nym cyklu \u017cycia;<br \/>\njest kontynuacj\u0105 i rozwini\u0119ciem wprowadzaj\u0105cej w zagadnienia og\u00f3lne Psychologii rozwoju cz\u0142owieka. T. 1;<br \/>\numo\u017cliwia poznanie osi\u0105gni\u0119\u0107 i proces\u00f3w rozwojowych w okre\u015blonym odcinku \u017cycia;<br \/>\nprzedstawia dorobek teoretyczny i empiryczny polskiej psychologii rozwojowej na tle literatury \u015bwiatowej;<br \/>\nma niezwyk\u0142e walory dydaktyczne,<\/p>\n<p>Tom 3:<\/p>\n<p>w nowatorski spos\u00f3b ukazuje rozw\u00f3j poszczeg\u00f3lnych funkcji psychicznych w trakcie \u017cycia cz\u0142owieka,<br \/>\nprzedstawia charakterystyki rozwoju poznawczego, emocjonalnego, spo\u0142ecznego, moralnego, rozwoju osobowo\u015bci i r\u00f3\u017cnic indywidualnych,<br \/>\njest kontynuacj\u0105 i rozwini\u0119ciem tom\u00f3w I i II,<br \/>\nma niezwyk\u0142e walory dydaktyczne: prosty i zrozumia\u0142y j\u0119zyk; bloki rozszerzaj\u0105ce &#8211; szczeg\u00f3\u0142owe om\u00f3wienia wybranych problem\u00f3w oraz podsumowania rozdzia\u0142\u00f3w, s\u0142owa kluczowe, pytania kontrolne; literatur\u0119 zalecan\u0105 do ka\u017cdego z rozdzia\u0142\u00f3w.<\/p>\n<p>Pozycja jest adresowana przede wszystkim do wyk\u0142adowc\u00f3w i student\u00f3w r\u00f3\u017cnych kierunk\u00f3w uniwersyteckich (pedagogiki, psychologii, socjologii, etnografii itp.) oraz innych szk\u00f3\u0142 wy\u017cszych (akademii medycznych, akademii wychowania fizycznego itd.). Mo\u017ce by\u0107 tak\u017ce u\u017cyteczna dla wszystkich zainteresowanych profesjonalnie (psycholog\u00f3w-praktyk\u00f3w) i nieprofesjonalnie problemami rozwoju psychicznego cz\u0142owieka od pocz\u0119cia do p\u00f3\u017anej staro\u015bci oraz mo\u017cliwo\u015bciami optymalizowania tego rozwoju.<\/p>\n","protected":false},"excerpt":{"rendered":"<p>Autor: Maria Przetacznik-Gierowska Barbara Harwas-Napiera\u0142a Janusz Trempa\u0142a Wydawca: Wydawnictwo Naukowe [&hellip;]<\/p>\n","protected":false},"featured_media":16814,"template":"","meta":[],"product_brand":[],"product_cat":[27,7509],"product_tag":[1186,3169,1659],"class_list":{"0":"post-16813","1":"product","2":"type-product","3":"status-publish","4":"has-post-thumbnail","6":"product_cat-nauki-spoleczne","7":"product_cat-psychologia","8":"product_tag-psychologia","9":"product_tag-psychologia-rozwojowa","10":"product_tag-psychoterapia","12":"first","13":"instock","14":"sale","15":"shipping-taxable","16":"purchasable","17":"product-type-simple"},"_links":{"self":[{"href":"https:\/\/ksiegarnia-akademicka.pl\/index.php\/wp-json\/wp\/v2\/product\/16813","targetHints":{"allow":["GET"]}}],"collection":[{"href":"https:\/\/ksiegarnia-akademicka.pl\/index.php\/wp-json\/wp\/v2\/product"}],"about":[{"href":"https:\/\/ksiegarnia-akademicka.pl\/index.php\/wp-json\/wp\/v2\/types\/product"}],"wp:featuredmedia":[{"embeddable":true,"href":"https:\/\/ksiegarnia-akademicka.pl\/index.php\/wp-json\/wp\/v2\/media\/16814"}],"wp:attachment":[{"href":"https:\/\/ksiegarnia-akademicka.pl\/index.php\/wp-json\/wp\/v2\/media?parent=16813"}],"wp:term":[{"taxonomy":"product_brand","embeddable":true,"href":"https:\/\/ksiegarnia-akademicka.pl\/index.php\/wp-json\/wp\/v2\/product_brand?post=16813"},{"taxonomy":"product_cat","embeddable":true,"href":"https:\/\/ksiegarnia-akademicka.pl\/index.php\/wp-json\/wp\/v2\/product_cat?post=16813"},{"taxonomy":"product_tag","embeddable":true,"href":"https:\/\/ksiegarnia-akademicka.pl\/index.php\/wp-json\/wp\/v2\/product_tag?post=16813"}],"curies":[{"name":"wp","href":"https:\/\/api.w.org\/{rel}","templated":true}]}}