{"id":16811,"date":"2023-10-24T10:06:48","date_gmt":"2023-10-24T08:06:48","guid":{"rendered":"http:\/\/ksiegarnia-akademicka.pl\/?post_type=product&#038;p=16811"},"modified":"2023-10-24T10:06:49","modified_gmt":"2023-10-24T08:06:49","slug":"efektywnosc-strategii-inwestycyjnych-w-zarzadzaniu-oszczednosciami-emerytalnymi","status":"publish","type":"product","link":"https:\/\/ksiegarnia-akademicka.pl\/index.php\/product\/efektywnosc-strategii-inwestycyjnych-w-zarzadzaniu-oszczednosciami-emerytalnymi\/","title":{"rendered":"Efektywno\u015b\u0107 strategii inwestycyjnych w zarz\u0105dzaniu oszcz\u0119dno\u015bciami emerytalnymi"},"content":{"rendered":"<p>Autor:<br \/>\nSo\u0142dek Andrzej<br \/>\nWydawca: PWE<br \/>\nOprawa: Mi\u0119kka<br \/>\nLiczba stron: 320<br \/>\nRok wydania: 2023<br \/>\nJ\u0119zyk wydania: polski<\/p>\n<p>Monografia realizuje cel znalezienia sposobu zarzadzania, kt\u00f3ry dzi\u0119ki wy\u017cszej efektywno\u015bci inwestycyjnej przy danym poziomie sk\u0142adek i akceptowanym ryzyku rynkowym pozwoli\u0142by na podniesienie przysz\u0142ych \u015bwiadcze\u0144 emerytalnych. Intencj\u0105 autora by\u0142o przedstawienie w spos\u00f3b kompleksowy zagadnie\u0144 zwi\u0105zanych z procesem gromadzenia i inwestowania oszcz\u0119dno\u015bci emerytalnych, a jednocze\u015bnie po\u0142o\u017cenie nacisku na uwarunkowania efektywno\u015bci strategii inwestycyjnych. W monografii skoncentrowano si\u0119 na analizie strategii inwestycyjnych cyklu \u017cycia stanowi\u0105cych dominuj\u0105cy spos\u00f3b inwestowania oszcz\u0119dno\u015bci emerytalnych na najwi\u0119kszych rynkach emerytalnych na \u015bwiecie.<\/p>\n<p>Ksi\u0105\u017cka jest skierowana do naukowc\u00f3w specjalizuj\u0105cych si\u0119 w problematyce zarzadzania oszcz\u0119dno\u015bciami emerytalnymi, os\u00f3b zwi\u0105zanych zawodowo z rynkiem kapita\u0142owym w Polsce, doktorant\u00f3w oraz student\u00f3w uczelni ekonomicznych, a tak\u017ce wszystkich os\u00f3b oszcz\u0119dzaj\u0105cych na emerytur\u0119 indywidualnie i w funduszach emerytalnych.<\/p>\n","protected":false},"excerpt":{"rendered":"<p>Autor: So\u0142dek Andrzej Wydawca: PWE Oprawa: Mi\u0119kka Liczba stron: 320 [&hellip;]<\/p>\n","protected":false},"featured_media":16812,"template":"","meta":[],"product_brand":[],"product_cat":[17,7499],"product_tag":[337,644],"class_list":{"0":"post-16811","1":"product","2":"type-product","3":"status-publish","4":"has-post-thumbnail","6":"product_cat-ekonomia","7":"product_cat-makro-i-mikroekonomia","8":"product_tag-ekonomia","9":"product_tag-system-emerytalny","11":"first","12":"instock","13":"sale","14":"shipping-taxable","15":"purchasable","16":"product-type-simple"},"_links":{"self":[{"href":"https:\/\/ksiegarnia-akademicka.pl\/index.php\/wp-json\/wp\/v2\/product\/16811","targetHints":{"allow":["GET"]}}],"collection":[{"href":"https:\/\/ksiegarnia-akademicka.pl\/index.php\/wp-json\/wp\/v2\/product"}],"about":[{"href":"https:\/\/ksiegarnia-akademicka.pl\/index.php\/wp-json\/wp\/v2\/types\/product"}],"wp:featuredmedia":[{"embeddable":true,"href":"https:\/\/ksiegarnia-akademicka.pl\/index.php\/wp-json\/wp\/v2\/media\/16812"}],"wp:attachment":[{"href":"https:\/\/ksiegarnia-akademicka.pl\/index.php\/wp-json\/wp\/v2\/media?parent=16811"}],"wp:term":[{"taxonomy":"product_brand","embeddable":true,"href":"https:\/\/ksiegarnia-akademicka.pl\/index.php\/wp-json\/wp\/v2\/product_brand?post=16811"},{"taxonomy":"product_cat","embeddable":true,"href":"https:\/\/ksiegarnia-akademicka.pl\/index.php\/wp-json\/wp\/v2\/product_cat?post=16811"},{"taxonomy":"product_tag","embeddable":true,"href":"https:\/\/ksiegarnia-akademicka.pl\/index.php\/wp-json\/wp\/v2\/product_tag?post=16811"}],"curies":[{"name":"wp","href":"https:\/\/api.w.org\/{rel}","templated":true}]}}