{"id":16785,"date":"2023-10-23T09:24:46","date_gmt":"2023-10-23T07:24:46","guid":{"rendered":"http:\/\/ksiegarnia-akademicka.pl\/?post_type=product&#038;p=16785"},"modified":"2023-10-23T09:24:47","modified_gmt":"2023-10-23T07:24:47","slug":"kodeks-postepowania-cywilnego-praktyczny-komentarz-do-nowelizacji-z-2023-r","status":"publish","type":"product","link":"https:\/\/ksiegarnia-akademicka.pl\/index.php\/product\/kodeks-postepowania-cywilnego-praktyczny-komentarz-do-nowelizacji-z-2023-r\/","title":{"rendered":"Kodeks post\u0119powania cywilnego. Praktyczny komentarz do nowelizacji z 2023 r."},"content":{"rendered":"<p>Autor:<br \/>\nMarcin Dziurda<br \/>\nWydawca: Wolters Kluwer<br \/>\nOprawa: Mi\u0119kka<br \/>\nFormat: 14.8&#215;21.0cm<br \/>\nLiczba stron: 636<br \/>\nWydanie: 1<br \/>\nRok wydania: 2023<br \/>\nJ\u0119zyk wydania: polski<\/p>\n<p>Ksi\u0105\u017cka zawiera szczeg\u00f3\u0142owe, pe\u0142ne om\u00f3wienie wszystkich zmian wprowadzonych przez nowelizacj\u0119 k.p.c. z 9 marca 2023. Przedstawione zosta\u0142y praktyczne skutki wej\u015bcia w \u017cycie nowych przepis\u00f3w \u2013 zar\u00f3wno z punktu widzenia pe\u0142nomocnika, jak i s\u0105du.<br \/>\nAutor por\u00f3wnuje za\u0142o\u017cenia projektodawcy z tym, jakie b\u0119d\u0105 rzeczywiste skutki wej\u015bcia w \u017cycie nowych przepis\u00f3w. Szeroko i wszechstronnie posi\u0142kuje si\u0119 wnioskami wynikaj\u0105cymi z dotychczasowego stanowiska orzecznictwa, zw\u0142aszcza S\u0105du Najwy\u017cszego.<\/p>\n<p>Szczeg\u00f3ln\u0105 uwag\u0119 zwraca na te nowe regulacje, kt\u00f3rych stosowanie mo\u017ce sprawi\u0107 trudno\u015bci, a niew\u0142a\u015bciwe zastosowanie wi\u0105\u017ce si\u0119 z powa\u017cnymi ryzykami procesowymi.<\/p>\n<p>Nowelizacja Kodeksu post\u0119powania cywilnego z 9 marca 2023 r. wprowadza istotne zmiany m.in. w zakresie wymaga\u0144 dotycz\u0105cych wniosk\u00f3w dowodowych, dzia\u0142a\u0144 w razie niemo\u017cno\u015bci dor\u0119czenia pozwanemu odpisu pozwu, potr\u0105ce\u0144, pe\u0142nomocnictw, wnoszenia za\u017cale\u0144 czy wy\u0142\u0105czenia s\u0119dziego. Dodane zosta\u0142o nowe post\u0119powanie odr\u0119bne w sprawach konsumenckich. Zasadniczej zmianie uleg\u0142o posiedzenie przygotowawcze. W post\u0119powaniu egzekucyjnym w spos\u00f3b radykalny zmieni\u0142y si\u0119 m.in. przepisy dotycz\u0105ce egzekucji wyrok\u00f3w nakazuj\u0105cych publikacj\u0119 przeprosin.<\/p>\n<p>Ksi\u0105\u017cka szczeg\u00f3\u0142owo omawia ponadto najwa\u017cniejsze, istotne dla praktyki zmiany w innych ustawach \u2013 o kosztach s\u0105dowych w sprawach cywilnych, o komornikach s\u0105dowych, o kosztach komorniczych, a tak\u017ce w ustawie covidowej oraz Prawie o ustroju s\u0105d\u00f3w powszechnych. Analizuje r\u00f3wnie\u017c przepisy epizodyczne i intertemporalne, a zw\u0142aszcza ich wp\u0142yw na praktyk\u0119 sadow\u0105.<\/p>\n<p>Publikacja przeznaczona jest przede wszystkim dla praktyk\u00f3w \u2013 adwokat\u00f3w, radc\u00f3w prawnych, radc\u00f3w Prokuratorii Generalnej, s\u0119dzi\u00f3w oraz komornik\u00f3w. Ze wzgl\u0119du na uporz\u0105dkowan\u0105 struktur\u0119 mo\u017ce by\u0107 tak\u017ce pomoc\u0105 dla aplikant\u00f3w oraz student\u00f3w prawa.<\/p>\n","protected":false},"excerpt":{"rendered":"<p>Autor: Marcin Dziurda Wydawca: Wolters Kluwer Oprawa: Mi\u0119kka Format: 14.8&#215;21.0cm [&hellip;]<\/p>\n","protected":false},"featured_media":16786,"template":"","meta":[],"product_brand":[],"product_cat":[7491,18],"product_tag":[692,4603],"class_list":{"0":"post-16785","1":"product","2":"type-product","3":"status-publish","4":"has-post-thumbnail","6":"product_cat-cywilne","7":"product_cat-prawo","8":"product_tag-postepowanie-cywilne","9":"product_tag-seria-komentarze-praktyczne","11":"first","12":"instock","13":"sale","14":"shipping-taxable","15":"purchasable","16":"product-type-simple"},"_links":{"self":[{"href":"https:\/\/ksiegarnia-akademicka.pl\/index.php\/wp-json\/wp\/v2\/product\/16785","targetHints":{"allow":["GET"]}}],"collection":[{"href":"https:\/\/ksiegarnia-akademicka.pl\/index.php\/wp-json\/wp\/v2\/product"}],"about":[{"href":"https:\/\/ksiegarnia-akademicka.pl\/index.php\/wp-json\/wp\/v2\/types\/product"}],"wp:featuredmedia":[{"embeddable":true,"href":"https:\/\/ksiegarnia-akademicka.pl\/index.php\/wp-json\/wp\/v2\/media\/16786"}],"wp:attachment":[{"href":"https:\/\/ksiegarnia-akademicka.pl\/index.php\/wp-json\/wp\/v2\/media?parent=16785"}],"wp:term":[{"taxonomy":"product_brand","embeddable":true,"href":"https:\/\/ksiegarnia-akademicka.pl\/index.php\/wp-json\/wp\/v2\/product_brand?post=16785"},{"taxonomy":"product_cat","embeddable":true,"href":"https:\/\/ksiegarnia-akademicka.pl\/index.php\/wp-json\/wp\/v2\/product_cat?post=16785"},{"taxonomy":"product_tag","embeddable":true,"href":"https:\/\/ksiegarnia-akademicka.pl\/index.php\/wp-json\/wp\/v2\/product_tag?post=16785"}],"curies":[{"name":"wp","href":"https:\/\/api.w.org\/{rel}","templated":true}]}}