{"id":16556,"date":"2023-04-19T11:05:32","date_gmt":"2023-04-19T09:05:32","guid":{"rendered":"http:\/\/ksiegarnia-akademicka.pl\/?post_type=product&#038;p=16556"},"modified":"2023-04-19T11:05:33","modified_gmt":"2023-04-19T09:05:33","slug":"luter-tom-1","status":"publish","type":"product","link":"https:\/\/ksiegarnia-akademicka.pl\/index.php\/product\/luter-tom-1\/","title":{"rendered":"Luter Tom 1"},"content":{"rendered":"<p>Autor:<br \/>\nGrisar Hartmann<br \/>\nT\u0142umacze: Lang Abdrzej<br \/>\nWydawca: Exit<br \/>\nOprawa: Mi\u0119kka<br \/>\nFormat: 16.0&#215;23.0cm<br \/>\nLiczba stron: 654<br \/>\nRok wydania: 2023<br \/>\nJ\u0119zyk wydania: polski<\/p>\n<p>Na pocz\u0105tku XX w. w Ko\u015bciele katolickim pojawi\u0142y si\u0119 na temat Marcina Lutra opracowania dw\u00f3ch uczonych, nale\u017c\u0105cych do tego samego pokolenia: dominikanina Heinricha Denifle (1844-1905) oraz jezuity Hartmanna Grisara (1845-1932). Pierwszy z nich skupi\u0142 si\u0119 na moralno\u015bci chrze\u015bcija\u0144skiej, a drugi na historii i psychologii Lutra. W rzeczywisto\u015bci oba dzie\u0142a doskonale wzajemnie si\u0119 uzupe\u0142niaj\u0105.<\/p>\n<p>Hartmann Grisar stara\u0142 si\u0119 zachowa\u0107 obiektywno\u015b\u0107 w badaniach, ale jednocze\u015bnie nie pomija\u0142 \u017cadnych \u017ar\u00f3de\u0142. Ukazywa\u0142 jak najwi\u0119cej cech pozytywnych Marcina Lutra, a jednocze\u015bnie nie pomija\u0142 temat\u00f3w dra\u017cliwych i wypowiedzi wulgarnych. Dzi\u0119ki temu potrafi\u0142 obali\u0107 wiele legend, kt\u00f3re istnia\u0142y po stronie protestanckiej i katolickiej. Ocena postaci Marcina Lutra jest u niego nie mniej krytyczna ni\u017c u Heinricha Denifle&#8217;a, chocia\u017c czasami wynika z innych podstaw.<\/p>\n<p>SPIS TRE\u015aCI<\/p>\n<p>Bibliografia<br \/>\nWprowadzenie<\/p>\n<p>Tom I. Droga do apostazji (1483-1530)<\/p>\n<p>Rozdzia\u0142 I. Przebieg studi\u00f3w i pierwsze lata w klasztorze<br \/>\nRozdzia\u0142 II. Zapowied\u017a zmian<br \/>\nRozdzia\u0142 III. Punkt startowy<br \/>\nRozdzia\u0142 IV. &#8222;Jestem ze szko\u0142y Ockhama&#8221;<br \/>\nRozdzia\u0142 V. Rafy fa\u0142szywej mistyki<br \/>\nRozdzia\u0142 VI. Przemiana z 1515 w \u015bwietle komentarza do Listu do Rzymian<br \/>\nRozdzia\u0142 VII. Pewne osobliwo\u015bci odno\u015bnie zewn\u0119trznych okoliczno\u015bci i \u017cycia wewn\u0119trznego Lutra w czasie kryzysu<br \/>\nRozdzia\u0142 VIII. Komentarz do Listu do Galat\u00f3w. Pierwsze dysputy i sukcesy<br \/>\nRozdzia\u0142 IX. Tezy o odpu\u015bcie z 1517 i ich nast\u0119pstwa<br \/>\nRozdzia\u0142 X. Post\u0119py Lutra w nowym nauczaniu<br \/>\nRozdzia\u0142 XI. Pocz\u0105tek wielkiej apostazji<br \/>\nRozdzia\u0142 XII. Ekskomunika i banicja. Chrzest duchowy w Wartburgu<br \/>\nRozdzia\u0142 XIII. Powstanie ko\u015bcio\u0142\u00f3w reformowanych<br \/>\nRozdzia\u0142 XIV. Od wojny ch\u0142opskiej do sejmu w Augsburgu (1525-1530)<\/p>\n<p>KOMENTARZ<\/p>\n<p>1. Wst\u0119p<br \/>\n2. Hartmann Grisar (1845-1932)<br \/>\n3. Ko\u015bci\u00f3\u0142 pod koniec \u015bredniowiecza<br \/>\n4. \u017bycie Marcina Lutra do 1530<br \/>\n5. Rozw\u00f3j doktryn Marcina Lutra<br \/>\n6. Wybrane zagadnienia<\/p>\n<p>6.1. Spos\u00f3b post\u0119powania Marcina Lutra<br \/>\n6.2. Mowa nienawi\u015bci Marcina Lutra<br \/>\n6.3. Stosunek Marcina Lutra do Pisma \u015awi\u0119tego<br \/>\n6.4. Stosunek Marcina Lutra do Mszy \u015awi\u0119tej<br \/>\n6.5. Stosunek Marcina Lutra do w\u0142adz \u015bwieckich<br \/>\n6.6. Legendy o Marcinie Lutrze<br \/>\n6.7. Protestanci a doktryny Marcina Lutra<br \/>\n6.8. R\u00f3\u017cne ciekawostki<\/p>\n<p>7. Aktualno\u015b\u0107 dzie\u0142a Hartmanna Grisara<\/p>\n","protected":false},"excerpt":{"rendered":"<p>Autor: Grisar Hartmann T\u0142umacze: Lang Abdrzej Wydawca: Exit Oprawa: Mi\u0119kka [&hellip;]<\/p>\n","protected":false},"featured_media":16557,"template":"","meta":[],"product_brand":[],"product_cat":[38],"product_tag":[2322,71],"class_list":{"0":"post-16556","1":"product","2":"type-product","3":"status-publish","4":"has-post-thumbnail","6":"product_cat-historia","7":"product_tag-biografie","8":"product_tag-historia","10":"first","11":"instock","12":"sale","13":"shipping-taxable","14":"purchasable","15":"product-type-simple"},"_links":{"self":[{"href":"https:\/\/ksiegarnia-akademicka.pl\/index.php\/wp-json\/wp\/v2\/product\/16556","targetHints":{"allow":["GET"]}}],"collection":[{"href":"https:\/\/ksiegarnia-akademicka.pl\/index.php\/wp-json\/wp\/v2\/product"}],"about":[{"href":"https:\/\/ksiegarnia-akademicka.pl\/index.php\/wp-json\/wp\/v2\/types\/product"}],"wp:featuredmedia":[{"embeddable":true,"href":"https:\/\/ksiegarnia-akademicka.pl\/index.php\/wp-json\/wp\/v2\/media\/16557"}],"wp:attachment":[{"href":"https:\/\/ksiegarnia-akademicka.pl\/index.php\/wp-json\/wp\/v2\/media?parent=16556"}],"wp:term":[{"taxonomy":"product_brand","embeddable":true,"href":"https:\/\/ksiegarnia-akademicka.pl\/index.php\/wp-json\/wp\/v2\/product_brand?post=16556"},{"taxonomy":"product_cat","embeddable":true,"href":"https:\/\/ksiegarnia-akademicka.pl\/index.php\/wp-json\/wp\/v2\/product_cat?post=16556"},{"taxonomy":"product_tag","embeddable":true,"href":"https:\/\/ksiegarnia-akademicka.pl\/index.php\/wp-json\/wp\/v2\/product_tag?post=16556"}],"curies":[{"name":"wp","href":"https:\/\/api.w.org\/{rel}","templated":true}]}}