{"id":16554,"date":"2023-04-19T11:02:55","date_gmt":"2023-04-19T09:02:55","guid":{"rendered":"http:\/\/ksiegarnia-akademicka.pl\/?post_type=product&#038;p=16554"},"modified":"2023-04-19T11:02:55","modified_gmt":"2023-04-19T09:02:55","slug":"gwarancje-bankowe-i-ubezpieczeniowe-2","status":"publish","type":"product","link":"https:\/\/ksiegarnia-akademicka.pl\/index.php\/product\/gwarancje-bankowe-i-ubezpieczeniowe-2\/","title":{"rendered":"Gwarancje bankowe i ubezpieczeniowe"},"content":{"rendered":"<p>Autor:<br \/>\nBarbara Andrzejuk<br \/>\nIzabela Heropolita\u0144ska<br \/>\nWydawca: Wolters Kluwer<br \/>\nOprawa: Mi\u0119kka<br \/>\nFormat: 17.6&#215;25.0cm<br \/>\nLiczba stron: 644<br \/>\nWydanie: 4<br \/>\nRok wydania: 2023<br \/>\nJ\u0119zyk wydania: polski<\/p>\n<p>W ksi\u0105\u017cce w spos\u00f3b kompleksowy zaprezentowano zagadnienia dotycz\u0105ce gwarancji bankowych i ubezpieczeniowych oraz akredytywy standby. Czytelnik znajdzie w niej przyk\u0142ady gwarancji, regwarancji, wzory um\u00f3w przelewu wierzytelno\u015bci z gwarancji, akredytyw standby, gwarancji przetargowych oraz orzeczenia s\u0105d\u00f3w i Krajowej Izby Odwo\u0142awczej.<\/p>\n<p>Autorki om\u00f3wi\u0142y r\u00f3wnie\u017c:<br \/>\n&#8211; gwarancje wekslowe,<br \/>\n&#8211; gwarancje morskie,<br \/>\n&#8211; gwarancje w bran\u017cy turystycznej,<br \/>\n&#8211; gwarancje dotycz\u0105ce gier hazardowych,<br \/>\n&#8211; gwarancje w prawie ochrony \u015brodowiska (odpady, zu\u017cyty sprz\u0119t elektryczny),<br \/>\n&#8211; gwarancje dom\u00f3w maklerskich,<br \/>\n&#8211; gwarancje celne.<\/p>\n<p>Nowe wydanie zosta\u0142o znacznie rozszerzone i uaktualnione &#8211; dodano przyk\u0142ady nowych gwarancji (dotycz\u0105cych transportu drogowego, deweloperskich i zwi\u0105zanych z dzia\u0142alno\u015bci\u0105 biur us\u0142ug p\u0142atniczych oraz um\u00f3w cesji praw z gwarancji), a tak\u017ce tezy orzecze\u0144 Krajowej Izby Odwo\u0142awczej na temat gwarancji przetargowych.<\/p>\n<p>Publikacja przeznaczona jest g\u0142\u00f3wnie dla pracownik\u00f3w bank\u00f3w i ubezpieczycieli, podmiot\u00f3w zlecaj\u0105cych udzielenie gwarancji lub akredytywy standby. Zainteresuje r\u00f3wnie\u017c przedstawicieli podmiot\u00f3w b\u0119d\u0105cych ich beneficjentami.<\/p>\n<p>Stan prawny: 15 marca 2023 r.<\/p>\n","protected":false},"excerpt":{"rendered":"<p>Autor: Barbara Andrzejuk Izabela Heropolita\u0144ska Wydawca: Wolters Kluwer Oprawa: Mi\u0119kka [&hellip;]<\/p>\n","protected":false},"featured_media":16555,"template":"","meta":[],"product_brand":[],"product_cat":[20,7503,19,7501],"product_tag":[1577,483],"class_list":{"0":"post-16554","1":"product","2":"type-product","3":"status-publish","4":"has-post-thumbnail","6":"product_cat-bankowosc","7":"product_cat-bankowosc-i-prawo-bankowe","8":"product_cat-finanse-i-prawo-finansowe","9":"product_cat-prawo-finansowe","10":"product_tag-gwarancje-bankowe","11":"product_tag-prawo-bankowe","13":"first","14":"instock","15":"sale","16":"shipping-taxable","17":"purchasable","18":"product-type-simple"},"_links":{"self":[{"href":"https:\/\/ksiegarnia-akademicka.pl\/index.php\/wp-json\/wp\/v2\/product\/16554","targetHints":{"allow":["GET"]}}],"collection":[{"href":"https:\/\/ksiegarnia-akademicka.pl\/index.php\/wp-json\/wp\/v2\/product"}],"about":[{"href":"https:\/\/ksiegarnia-akademicka.pl\/index.php\/wp-json\/wp\/v2\/types\/product"}],"wp:featuredmedia":[{"embeddable":true,"href":"https:\/\/ksiegarnia-akademicka.pl\/index.php\/wp-json\/wp\/v2\/media\/16555"}],"wp:attachment":[{"href":"https:\/\/ksiegarnia-akademicka.pl\/index.php\/wp-json\/wp\/v2\/media?parent=16554"}],"wp:term":[{"taxonomy":"product_brand","embeddable":true,"href":"https:\/\/ksiegarnia-akademicka.pl\/index.php\/wp-json\/wp\/v2\/product_brand?post=16554"},{"taxonomy":"product_cat","embeddable":true,"href":"https:\/\/ksiegarnia-akademicka.pl\/index.php\/wp-json\/wp\/v2\/product_cat?post=16554"},{"taxonomy":"product_tag","embeddable":true,"href":"https:\/\/ksiegarnia-akademicka.pl\/index.php\/wp-json\/wp\/v2\/product_tag?post=16554"}],"curies":[{"name":"wp","href":"https:\/\/api.w.org\/{rel}","templated":true}]}}