{"id":16536,"date":"2023-04-17T10:26:23","date_gmt":"2023-04-17T08:26:23","guid":{"rendered":"http:\/\/ksiegarnia-akademicka.pl\/?post_type=product&#038;p=16536"},"modified":"2023-04-17T10:26:23","modified_gmt":"2023-04-17T08:26:23","slug":"terapia-uzaleznien-metody-oparte-na-dowodach-naukowych-3","status":"publish","type":"product","link":"https:\/\/ksiegarnia-akademicka.pl\/index.php\/product\/terapia-uzaleznien-metody-oparte-na-dowodach-naukowych-3\/","title":{"rendered":"Terapia uzale\u017cnie\u0144 &#8211; metody oparte na dowodach naukowych"},"content":{"rendered":"<p>Redakcja: Miller Peter M.<br \/>\nWydawca: Wydawnictwa Uniwersytetu Warszawskiego<br \/>\nOprawa: Mi\u0119kka<br \/>\nFormat: 23.6&#215;16.5<br \/>\nLiczba stron: 508<br \/>\nRok wydania: 2023<br \/>\nJ\u0119zyk wydania: polski<\/p>\n<p>Kompedium nowoczesnych metod terapii uzale\u017cnie\u0144, kt\u00f3rych skuteczno\u015b\u0107 potwierdzono w rygorystycznych badaniach naukowych. Publikacja adresowana do os\u00f3b prowadz\u0105cych leczenie os\u00f3b uzale\u017cnionych oraz przygotowuj\u0105cych si\u0119 do zdobycia odpowiednich certyfikat\u00f3w (specjalist\u00f3w psychoterapii uzale\u017cnie\u0144 i instruktor\u00f3w terapii uzale\u017cnie\u0144, psycholog\u00f3w klinicznych, psychiatr\u00f3w, lekarzy rodzinnych i klinicyst\u00f3w, kt\u00f3rych pacjentami mog\u0105 by\u0107 osoby z uzale\u017cnieniami), naukowc\u00f3w badaj\u0105cych mechanizmy i efektywno\u015b\u0107 terapii uzale\u017cnie\u0144, a tak\u017ce samych chorych i ich bliskich.<br \/>\nWa\u017cn\u0105 grup\u0105 odbiorc\u00f3w tej ksi\u0105\u017cki s\u0105 r\u00f3wnie\u017c tw\u00f3rcy polityki zdrowotnej i pracownicy instytucji finansuj\u0105cych leczenie os\u00f3b uzale\u017cnionych. Zawarte w niej informacje u\u0142atwiaj\u0105 bowiem podejmowanie decyzji w tej dziedzinie na podstawie wiedzy empirycznej. Doskonale skonstruowana, zawieraj\u0105ca obszerny spis literatury, jest dzie\u0142em zespo\u0142u wybitnych naukowc\u00f3w i klinicyst\u00f3w. Istotnym jej uzupe\u0142nieniem s\u0105 dodatki dotycz\u0105ce terapii uzale\u017cnie\u0144 od alkoholu i narkotyk\u00f3w w Polsce.<\/p>\n","protected":false},"excerpt":{"rendered":"<p>Redakcja: Miller Peter M. Wydawca: Wydawnictwa Uniwersytetu Warszawskiego Oprawa: Mi\u0119kka [&hellip;]<\/p>\n","protected":false},"featured_media":16537,"template":"","meta":[],"product_brand":[],"product_cat":[27,7509],"product_tag":[1186,1659],"class_list":{"0":"post-16536","1":"product","2":"type-product","3":"status-publish","4":"has-post-thumbnail","6":"product_cat-nauki-spoleczne","7":"product_cat-psychologia","8":"product_tag-psychologia","9":"product_tag-psychoterapia","11":"first","12":"instock","13":"sale","14":"shipping-taxable","15":"purchasable","16":"product-type-simple"},"_links":{"self":[{"href":"https:\/\/ksiegarnia-akademicka.pl\/index.php\/wp-json\/wp\/v2\/product\/16536","targetHints":{"allow":["GET"]}}],"collection":[{"href":"https:\/\/ksiegarnia-akademicka.pl\/index.php\/wp-json\/wp\/v2\/product"}],"about":[{"href":"https:\/\/ksiegarnia-akademicka.pl\/index.php\/wp-json\/wp\/v2\/types\/product"}],"wp:featuredmedia":[{"embeddable":true,"href":"https:\/\/ksiegarnia-akademicka.pl\/index.php\/wp-json\/wp\/v2\/media\/16537"}],"wp:attachment":[{"href":"https:\/\/ksiegarnia-akademicka.pl\/index.php\/wp-json\/wp\/v2\/media?parent=16536"}],"wp:term":[{"taxonomy":"product_brand","embeddable":true,"href":"https:\/\/ksiegarnia-akademicka.pl\/index.php\/wp-json\/wp\/v2\/product_brand?post=16536"},{"taxonomy":"product_cat","embeddable":true,"href":"https:\/\/ksiegarnia-akademicka.pl\/index.php\/wp-json\/wp\/v2\/product_cat?post=16536"},{"taxonomy":"product_tag","embeddable":true,"href":"https:\/\/ksiegarnia-akademicka.pl\/index.php\/wp-json\/wp\/v2\/product_tag?post=16536"}],"curies":[{"name":"wp","href":"https:\/\/api.w.org\/{rel}","templated":true}]}}