{"id":16501,"date":"2023-03-30T10:19:42","date_gmt":"2023-03-30T08:19:42","guid":{"rendered":"http:\/\/ksiegarnia-akademicka.pl\/?post_type=product&#038;p=16501"},"modified":"2024-12-05T09:18:35","modified_gmt":"2024-12-05T08:18:35","slug":"wspolczesna-bankowosc-inwestycyjna-2","status":"publish","type":"product","link":"https:\/\/ksiegarnia-akademicka.pl\/index.php\/product\/wspolczesna-bankowosc-inwestycyjna-2\/","title":{"rendered":"Wsp\u00f3\u0142czesna bankowo\u015b\u0107 inwestycyjna"},"content":{"rendered":"<p>Autor:<br \/>\nAnna Szel\u0105gowska<br \/>\nWydawca: CeDeWu<br \/>\nOprawa: Mi\u0119kka<br \/>\nFormat: 16.5&#215;23.5cm<br \/>\nLiczba stron: 416<br \/>\nRok wydania: 2023<br \/>\nJ\u0119zyk wydania: polski<\/p>\n<p>\u201eWsp\u00f3\u0142czesna bankowo\u015b\u0107 inwestycyjna&#8221; to pionierskie opracowanie, bardzo oczekiwane na polskim rynku wydawniczym.<br \/>\nO unikatowym charakterze tej publikacji \u015bwiadczy wieloaspektowe uj\u0119cie zagadnie\u0144 zwi\u0105zanych z ewolucj\u0105 bankowo\u015bci inwestycyjnej, in\u017cynierii finansowej, innowacyjnych produkt\u00f3w i us\u0142ug oferowanych w ramach bankowo\u015bci inwestycyjnej oraz wsp\u00f3\u0142czesnych trend\u00f3w zachodz\u0105cych na \u015bwiatowych rynkach finansowych.<br \/>\nBior\u0105c pod uwag\u0119 walory zar\u00f3wno naukowe, jak i praktyczne tego dzie\u0142a, pogratulowa\u0107 nale\u017cy odwagi w podj\u0119ciu wielu problematycznych kwestii i wsp\u00f3\u0142czesnych finans\u00f3w, imponuj\u0105co zaprezentowanych w szesnastu rozdzia\u0142ach. Przedstawiony w tym obszernym dziele materia\u0142 odpowiada na szereg pyta\u0144 \u015brodowiska akademickiego. Z tego powodu gor\u0105co rekomenduj\u0119 niniejsze studium jako wysoce warto\u015bciowe, oryginalne i kompleksowo wpisuj\u0105ce si\u0119 w nurt wsp\u00f3\u0142czesnych bada\u0144 nad rynkami finansowymi.<br \/>\nPraca ta prezentuje wysoki poziom naukowy i b\u0119dzie z pewno\u015bci\u0105 bardzo u\u017cyteczna dla student\u00f3w i pracownik\u00f3w naukowych oraz praktyk\u00f3w zajmuj\u0105cych si\u0119 zagadnieniami rynku finansowego, w tym w szczeg\u00f3lno\u015bci wsp\u00f3\u0142czesnymi trendami na rynku us\u0142ug bankowo\u015bci inwestycyjnej.<br \/>\nProf. zw. dr W\u0142adys\u0142aw Leopold Jaworski, fragment recenzji<\/p>\n","protected":false},"excerpt":{"rendered":"<p>Autor: Anna Szel\u0105gowska Wydawca: CeDeWu Oprawa: Mi\u0119kka Format: 16.5&#215;23.5cm Liczba [&hellip;]<\/p>\n","protected":false},"featured_media":16502,"template":"","meta":[],"product_brand":[],"product_cat":[20,7504],"product_tag":[433],"class_list":{"0":"post-16501","1":"product","2":"type-product","3":"status-publish","4":"has-post-thumbnail","6":"product_cat-bankowosc","7":"product_cat-rynek-pieniezny-i-kapitalowy","8":"product_tag-bankowosc-inwestycyjna","10":"first","11":"instock","12":"sale","13":"shipping-taxable","14":"purchasable","15":"product-type-simple"},"_links":{"self":[{"href":"https:\/\/ksiegarnia-akademicka.pl\/index.php\/wp-json\/wp\/v2\/product\/16501","targetHints":{"allow":["GET"]}}],"collection":[{"href":"https:\/\/ksiegarnia-akademicka.pl\/index.php\/wp-json\/wp\/v2\/product"}],"about":[{"href":"https:\/\/ksiegarnia-akademicka.pl\/index.php\/wp-json\/wp\/v2\/types\/product"}],"wp:featuredmedia":[{"embeddable":true,"href":"https:\/\/ksiegarnia-akademicka.pl\/index.php\/wp-json\/wp\/v2\/media\/16502"}],"wp:attachment":[{"href":"https:\/\/ksiegarnia-akademicka.pl\/index.php\/wp-json\/wp\/v2\/media?parent=16501"}],"wp:term":[{"taxonomy":"product_brand","embeddable":true,"href":"https:\/\/ksiegarnia-akademicka.pl\/index.php\/wp-json\/wp\/v2\/product_brand?post=16501"},{"taxonomy":"product_cat","embeddable":true,"href":"https:\/\/ksiegarnia-akademicka.pl\/index.php\/wp-json\/wp\/v2\/product_cat?post=16501"},{"taxonomy":"product_tag","embeddable":true,"href":"https:\/\/ksiegarnia-akademicka.pl\/index.php\/wp-json\/wp\/v2\/product_tag?post=16501"}],"curies":[{"name":"wp","href":"https:\/\/api.w.org\/{rel}","templated":true}]}}