{"id":16497,"date":"2023-03-30T10:14:53","date_gmt":"2023-03-30T08:14:53","guid":{"rendered":"http:\/\/ksiegarnia-akademicka.pl\/?post_type=product&#038;p=16497"},"modified":"2023-03-30T10:14:54","modified_gmt":"2023-03-30T08:14:54","slug":"steve-jobs-2","status":"publish","type":"product","link":"https:\/\/ksiegarnia-akademicka.pl\/index.php\/product\/steve-jobs-2\/","title":{"rendered":"Steve Jobs"},"content":{"rendered":"<p>Autor:<br \/>\nWalter Isaacson<br \/>\nT\u0142umacze: Bieli\u0144ski Przemys\u0142aw, Str\u0105kow Micha\u0142<br \/>\nWydawca: Insignis Media<br \/>\nOprawa: Mi\u0119kka ze skrzyde\u0142kami<br \/>\nFormat: 14.0&#215;21.0cm<br \/>\nLiczba stron: 736<br \/>\nWydanie: 5<br \/>\nRok wydania: 2023<br \/>\nJ\u0119zyk wydania: polski<\/p>\n<p>Ekskluzywna biografia tw\u00f3rcy firmy Apple &#8211; Steve&#8217;a Jobsa (jedyna napisana przy jego wsp\u00f3\u0142pracy)pi\u00f3ra Waltera Isaacsona, autora bestsellerowych biografii Benjamina Franklina i Alberta Einsteina.<\/p>\n<p>Opieraj\u0105c si\u0119 na ponad czterdziestu wywiadach z Jobsem, przeprowadzonych na przestrzeni dw\u00f3ch lat &#8211; a tak\u017ce na wywiadach z ponad setk\u0105 cz\u0142onk\u00f3w rodziny, przyjaci\u00f3\u0142, przeciwnik\u00f3w, konkurent\u00f3w i koleg\u00f3w Jobsa &#8211; Walter Isaacson napisa\u0142 wci\u0105gaj\u0105c\u0105 opowie\u015b\u0107 o pe\u0142nym wzlot\u00f3w i upadk\u00f3w \u017cyciu oraz p\u0142omiennej osobowo\u015bci tw\u00f3rczego przedsi\u0119biorcy, kt\u00f3rego perfekcjonizm i nadludzka energia zrewolucjonizowa\u0142y sze\u015b\u0107 bran\u017c: komputery osobiste, filmy animowane, muzyk\u0119, telefony, tablety i DTP.<\/p>\n<p>W czasach, kiedy Ameryka szuka sposob\u00f3w, by utrzyma\u0107 swoj\u0105 innowacyjn\u0105 przebojowo\u015b\u0107, kiedy spo\u0142ecze\u0144stwa na ca\u0142ym \u015bwiecie usi\u0142uj\u0105 budowa\u0107 gospodarki ery cyfrowej, Jobs pozostaje najwi\u0119ksz\u0105 ikon\u0105 wynalazczo\u015bci i wyobra\u017ani. Wychodz\u0105c z prze\u015bwiadczenia, \u017ce najlepszym sposobem stworzenia czego\u015b warto\u015bciowego w XXI w. jest zespolenie kreatywno\u015bci z technologi\u0105, za\u0142o\u017cy\u0142 firm\u0119, w kt\u00f3rej nieskr\u0119powana niczym wyobra\u017ania po\u0142\u0105czy\u0142a si\u0119 z zadziwiaj\u0105cymi osi\u0105gni\u0119ciami nowoczesnej techniki.<\/p>\n<p>Cho\u0107 Jobs wsp\u00f3\u0142pracowa\u0142 przy powstawaniu tej ksi\u0105\u017cki, nie domaga\u0142 si\u0119 kontroli nad tym, co zostanie w niej uj\u0119te, ani nawet prawa do przeczytania jej przed wydaniem. Niczego nie zataja\u0142. Zach\u0119ca\u0142 ludzi, kt\u00f3rych zna\u0142, by wypowiadali si\u0119 szczerze, i sam opowiada\u0142 otwarcie, czasami wr\u0119cz okrutnie, o ludziach, z kt\u00f3rymi pracowa\u0142 i konkurowa\u0142. Wypowiedzi jego przyjaci\u00f3\u0142, wrog\u00f3w i koleg\u00f3w sprawiaj\u0105, \u017ce w nieupi\u0119kszonej postaci poznajemy jego pasje, perfekcjonizm, obsesje, artyzm, przewrotno\u015b\u0107 i kompulsywn\u0105 \u017c\u0105dz\u0119 kontroli &#8211; wszystko to, co ukszta\u0142towa\u0142o podej\u015bcie Jobsa do biznesu oraz innowacyjno\u015bci produktu.<\/p>\n<p>Gnany przez swoje demony, Jobs potrafi\u0142 doprowadza\u0107 otoczenie do furii i rozpaczy. Ale jego osobowo\u015b\u0107 i jako\u015b\u0107 jego produkt\u00f3w by\u0142y ze sob\u0105 powi\u0105zane, tak samo jak komputery i oprogramowanie Apple, w jeden zintegrowany system. Niezwykle przemawiaj\u0105ca do wyobra\u017ani historia Jobsa ukazuje, jak wa\u017cna w \u017cyciu jest pomys\u0142owo\u015b\u0107, si\u0142a charakteru, talenty przyw\u00f3dcze i wierno\u015b\u0107 swoim warto\u015bciom.<\/p>\n","protected":false},"excerpt":{"rendered":"<p>Autor: Walter Isaacson T\u0142umacze: Bieli\u0144ski Przemys\u0142aw, Str\u0105kow Micha\u0142 Wydawca: Insignis [&hellip;]<\/p>\n","protected":false},"featured_media":16498,"template":"","meta":[],"product_brand":[],"product_cat":[7707],"product_tag":[2322,5953],"class_list":{"0":"post-16497","1":"product","2":"type-product","3":"status-publish","4":"has-post-thumbnail","6":"product_cat-literatura","7":"product_tag-biografie","8":"product_tag-literatura","10":"first","11":"instock","12":"sale","13":"shipping-taxable","14":"purchasable","15":"product-type-simple"},"_links":{"self":[{"href":"https:\/\/ksiegarnia-akademicka.pl\/index.php\/wp-json\/wp\/v2\/product\/16497","targetHints":{"allow":["GET"]}}],"collection":[{"href":"https:\/\/ksiegarnia-akademicka.pl\/index.php\/wp-json\/wp\/v2\/product"}],"about":[{"href":"https:\/\/ksiegarnia-akademicka.pl\/index.php\/wp-json\/wp\/v2\/types\/product"}],"wp:featuredmedia":[{"embeddable":true,"href":"https:\/\/ksiegarnia-akademicka.pl\/index.php\/wp-json\/wp\/v2\/media\/16498"}],"wp:attachment":[{"href":"https:\/\/ksiegarnia-akademicka.pl\/index.php\/wp-json\/wp\/v2\/media?parent=16497"}],"wp:term":[{"taxonomy":"product_brand","embeddable":true,"href":"https:\/\/ksiegarnia-akademicka.pl\/index.php\/wp-json\/wp\/v2\/product_brand?post=16497"},{"taxonomy":"product_cat","embeddable":true,"href":"https:\/\/ksiegarnia-akademicka.pl\/index.php\/wp-json\/wp\/v2\/product_cat?post=16497"},{"taxonomy":"product_tag","embeddable":true,"href":"https:\/\/ksiegarnia-akademicka.pl\/index.php\/wp-json\/wp\/v2\/product_tag?post=16497"}],"curies":[{"name":"wp","href":"https:\/\/api.w.org\/{rel}","templated":true}]}}