{"id":16456,"date":"2023-03-11T11:23:06","date_gmt":"2023-03-11T10:23:06","guid":{"rendered":"http:\/\/ksiegarnia-akademicka.pl\/?post_type=product&#038;p=16456"},"modified":"2023-03-11T11:23:06","modified_gmt":"2023-03-11T10:23:06","slug":"rehabilitacja-zawodowa-i-spoleczna-oraz-zatrudnianie-osob-z-niepelnosprawnosciami-komentarz","status":"publish","type":"product","link":"https:\/\/ksiegarnia-akademicka.pl\/index.php\/product\/rehabilitacja-zawodowa-i-spoleczna-oraz-zatrudnianie-osob-z-niepelnosprawnosciami-komentarz\/","title":{"rendered":"Rehabilitacja zawodowa i spo\u0142eczna oraz zatrudnianie os\u00f3b z niepe\u0142nosprawno\u015bciami Komentarz"},"content":{"rendered":"<p>Autor:<br \/>\nMagdalena Paluszkiewicz<br \/>\nEwa Staszewska<br \/>\nEdyta Bielak-Jomaa<br \/>\nWydawca: Wolters Kluwer<br \/>\nOprawa: Twarda<br \/>\nFormat: 17.5&#215;24.5cm<br \/>\nLiczba stron: 744<br \/>\nWydanie: 1<br \/>\nRok wydania: 2023<br \/>\nJ\u0119zyk wydania: polski<\/p>\n<p>Komentarz do ustawy z 27 sierpnia 1997 r. o rehabilitacji zawodowej i spo\u0142ecznej oraz zatrudnianiu os\u00f3b niepe\u0142nosprawnych jest jedn\u0105 z nielicznych publikacji podejmuj\u0105cych w kompleksowy spos\u00f3b prawn\u0105 problematyk\u0119 zwi\u0105zan\u0105 z uprawnieniami i obowi\u0105zkami podmiot\u00f3w dzia\u0142aj\u0105cych w sferze wsparcia os\u00f3b z niepe\u0142nosprawno\u015bciami, jak r\u00f3wnie\u017c szczeg\u00f3lnymi uprawnieniami tych os\u00f3b, zwi\u0105zanych z ich funkcjonowaniem w \u017cyciu spo\u0142ecznym i zawodowym \u2013 zar\u00f3wno w kontek\u015bcie poszukiwania zatrudnienia, jak i w fazie jego realizacji. Znaczn\u0105 cz\u0119\u015b\u0107 regulacji zajmuj\u0105 sprawy odnosz\u0105ce si\u0119 do organizacji procesu zatrudnienia u przedsi\u0119biorc\u00f3w i uprawnienia tych ostatnich z tym powi\u0105zane.<\/p>\n<p>Autorzy, prezentuj\u0105c wszechstronn\u0105 interpretacj\u0119 przepis\u00f3w, uwzgl\u0119dniaj\u0105 wszystkie ostatnie zmiany do ustawy o rehabilitacji zawodowej i spo\u0142ecznej oraz zatrudnianiu os\u00f3b niepe\u0142nosprawnych, w du\u017cej cz\u0119\u015bci wprowadzone ustaw\u0105 z 5 sierpnia 2022 r. o ekonomii spo\u0142ecznej i nie tylko, w tym dotycz\u0105ce:<br \/>\n\u2022 doprecyzowanie zasad przetwarzania przez pracodawc\u00f3w danych dotycz\u0105cych stanu zdrowia (niepe\u0142nosprawno\u015bci) dla realizacji cel\u00f3w okre\u015blonych w ustawie oraz okre\u015blenie dodatkowych zada\u0144 zwi\u0105zanych z przetwarzaniem takich danych na gruncie ustawy przez inne podmioty i osoby,<br \/>\n\u2022 potwierdzania dobrowolno\u015bci ujawniania pracodawcy danych osobowych o stanie zdrowia (w tym zw\u0142aszcza o niepe\u0142nosprawno\u015bci i jej stopniu),<br \/>\n\u2022 zaliczania do koszt\u00f3w p\u0142acy pracownika niepe\u0142nosprawnego \u015bwiadcze\u0144 wyp\u0142acanych temu pracownikowi przez pracodawc\u0119 w zwi\u0105zku z wykonywaniem pracy zdalnej,<br \/>\n\u2022 zmienionych zasad przekazywania do PFRON informacji miesi\u0119cznych, rocznych i ewidencyjnych przez podmioty do tego zobowi\u0105zane,<br \/>\n\u2022 zasad obni\u017cania wp\u0142at na PFRON na podstawie certyfikatu dost\u0119pno\u015bci.<br \/>\nWykorzystano ponadto w szerokim zakresie najnowsze pogl\u0105dy doktryny prawa i judykatury, co umo\u017cliwi\u0142o identyfikacj\u0119 wielu praktycznych problem\u00f3w utrudniaj\u0105cych stosowanie ustawy oraz przedstawienie propozycji ich rozwi\u0105zania, w\u0142\u0105cznie ze sformu\u0142owaniem postulat\u00f3w zmian de lege ferenda.<\/p>\n<p>Ksi\u0105\u017cka przeznaczona jest dla szerokiego kr\u0119gu odbiorc\u00f3w, poczynaj\u0105c od przedstawicieli instytucji publicznych (pa\u0144stwowych i samorz\u0105dowych, centralnych i lokalnych) dzia\u0142aj\u0105cych w sferze obs\u0142ugi os\u00f3b z niepe\u0142nosprawno\u015bciami, poprzez przedsi\u0119biorc\u00f3w zatrudniaj\u0105cych takie osoby, dzia\u0142y HR w tych zak\u0142adach pracy, osoby zajmuj\u0105ce si\u0119 obs\u0142ug\u0105 prawn\u0105 podmiot\u00f3w gospodarczych, osoby dzia\u0142aj\u0105ce na rzecz os\u00f3b z niepe\u0142nosprawno\u015bciami w ramach organizacji pozarz\u0105dowych, czy wreszcie przedstawicieli wymiaru sprawiedliwo\u015bci orzekaj\u0105cych w takich sprawach.<\/p>\n<p>Stan prawny: 15 stycznia 2023 r.<\/p>\n","protected":false},"excerpt":{"rendered":"<p>Autor: Magdalena Paluszkiewicz Ewa Staszewska Edyta Bielak-Jomaa Wydawca: Wolters Kluwer [&hellip;]<\/p>\n","protected":false},"featured_media":16457,"template":"","meta":[],"product_brand":[],"product_cat":[18,7550,21],"product_tag":[793,643],"class_list":{"0":"post-16456","1":"product","2":"type-product","3":"status-publish","4":"has-post-thumbnail","6":"product_cat-prawo","7":"product_cat-prawo-pracy","8":"product_cat-ubezpieczenia","9":"product_tag-prawo-pracy","10":"product_tag-ubezpieczenia-spoleczne","12":"first","13":"instock","14":"sale","15":"shipping-taxable","16":"purchasable","17":"product-type-simple"},"_links":{"self":[{"href":"https:\/\/ksiegarnia-akademicka.pl\/index.php\/wp-json\/wp\/v2\/product\/16456","targetHints":{"allow":["GET"]}}],"collection":[{"href":"https:\/\/ksiegarnia-akademicka.pl\/index.php\/wp-json\/wp\/v2\/product"}],"about":[{"href":"https:\/\/ksiegarnia-akademicka.pl\/index.php\/wp-json\/wp\/v2\/types\/product"}],"wp:featuredmedia":[{"embeddable":true,"href":"https:\/\/ksiegarnia-akademicka.pl\/index.php\/wp-json\/wp\/v2\/media\/16457"}],"wp:attachment":[{"href":"https:\/\/ksiegarnia-akademicka.pl\/index.php\/wp-json\/wp\/v2\/media?parent=16456"}],"wp:term":[{"taxonomy":"product_brand","embeddable":true,"href":"https:\/\/ksiegarnia-akademicka.pl\/index.php\/wp-json\/wp\/v2\/product_brand?post=16456"},{"taxonomy":"product_cat","embeddable":true,"href":"https:\/\/ksiegarnia-akademicka.pl\/index.php\/wp-json\/wp\/v2\/product_cat?post=16456"},{"taxonomy":"product_tag","embeddable":true,"href":"https:\/\/ksiegarnia-akademicka.pl\/index.php\/wp-json\/wp\/v2\/product_tag?post=16456"}],"curies":[{"name":"wp","href":"https:\/\/api.w.org\/{rel}","templated":true}]}}