{"id":16414,"date":"2023-03-01T16:10:52","date_gmt":"2023-03-01T15:10:52","guid":{"rendered":"http:\/\/ksiegarnia-akademicka.pl\/?post_type=product&#038;p=16414"},"modified":"2023-03-01T16:10:52","modified_gmt":"2023-03-01T15:10:52","slug":"wstrzykniecia-srodskorne-podskorne-domiesniowe-i-dozylne-2","status":"publish","type":"product","link":"https:\/\/ksiegarnia-akademicka.pl\/index.php\/product\/wstrzykniecia-srodskorne-podskorne-domiesniowe-i-dozylne-2\/","title":{"rendered":"Wstrzykni\u0119cia \u015br\u00f3dsk\u00f3rne, podsk\u00f3rne, domi\u0119\u015bniowe i do\u017cylne"},"content":{"rendered":"<p>Autor:<br \/>\nEwa \u0141o\u015b<br \/>\nWies\u0142awa Ciechaniewicz<br \/>\nEl\u017cbieta Grochans<br \/>\nWydawca: PZWL<br \/>\nOprawa: Mi\u0119kka<br \/>\nFormat: 16.5&#215;23.5cm<br \/>\nLiczba stron: 340<br \/>\nWydanie: 2<br \/>\nRok wydania: 2023<br \/>\nJ\u0119zyk wydania: polski<\/p>\n<p>Rozszerzone i uaktualnione wydanie cenionej publikacji na rynku wydawniczym. Praktyczny przewodnik dotycz\u0105cy zasad i procedur wykonywania wstrzykni\u0119\u0107. Walory dydaktyczne ksi\u0105\u017cki podnosz\u0105 celnie dobrane ilustracje i zamieszczony na ko\u0144cu zestaw pyta\u0144 sprawdzaj\u0105cych poziom przyswojonej wiedzy. Publikacja adresowana zar\u00f3wno do student\u00f3w kierunk\u00f3w medycznych, jak i do\u015bwiadczonych pracownik\u00f3w ochrony zdrowia.<\/p>\n","protected":false},"excerpt":{"rendered":"<p>Autor: Ewa \u0141o\u015b Wies\u0142awa Ciechaniewicz El\u017cbieta Grochans Wydawca: PZWL Oprawa: [&hellip;]<\/p>\n","protected":false},"featured_media":16415,"template":"","meta":[],"product_brand":[],"product_cat":[7493,7965],"product_tag":[6565,4645],"class_list":{"0":"post-16414","1":"product","2":"type-product","3":"status-publish","4":"has-post-thumbnail","6":"product_cat-medycyna","7":"product_cat-pielegniarstwo","8":"product_tag-anestezjologia","9":"product_tag-pielegniarstwo","11":"first","12":"instock","13":"sale","14":"shipping-taxable","15":"purchasable","16":"product-type-simple"},"_links":{"self":[{"href":"https:\/\/ksiegarnia-akademicka.pl\/index.php\/wp-json\/wp\/v2\/product\/16414","targetHints":{"allow":["GET"]}}],"collection":[{"href":"https:\/\/ksiegarnia-akademicka.pl\/index.php\/wp-json\/wp\/v2\/product"}],"about":[{"href":"https:\/\/ksiegarnia-akademicka.pl\/index.php\/wp-json\/wp\/v2\/types\/product"}],"wp:featuredmedia":[{"embeddable":true,"href":"https:\/\/ksiegarnia-akademicka.pl\/index.php\/wp-json\/wp\/v2\/media\/16415"}],"wp:attachment":[{"href":"https:\/\/ksiegarnia-akademicka.pl\/index.php\/wp-json\/wp\/v2\/media?parent=16414"}],"wp:term":[{"taxonomy":"product_brand","embeddable":true,"href":"https:\/\/ksiegarnia-akademicka.pl\/index.php\/wp-json\/wp\/v2\/product_brand?post=16414"},{"taxonomy":"product_cat","embeddable":true,"href":"https:\/\/ksiegarnia-akademicka.pl\/index.php\/wp-json\/wp\/v2\/product_cat?post=16414"},{"taxonomy":"product_tag","embeddable":true,"href":"https:\/\/ksiegarnia-akademicka.pl\/index.php\/wp-json\/wp\/v2\/product_tag?post=16414"}],"curies":[{"name":"wp","href":"https:\/\/api.w.org\/{rel}","templated":true}]}}