{"id":16404,"date":"2023-02-28T09:05:38","date_gmt":"2023-02-28T08:05:38","guid":{"rendered":"http:\/\/ksiegarnia-akademicka.pl\/?post_type=product&#038;p=16404"},"modified":"2023-02-28T09:05:39","modified_gmt":"2023-02-28T08:05:39","slug":"ulgi-podatkowe-na-innowacje-i-rozwoj","status":"publish","type":"product","link":"https:\/\/ksiegarnia-akademicka.pl\/index.php\/product\/ulgi-podatkowe-na-innowacje-i-rozwoj\/","title":{"rendered":"Ulgi podatkowe na innowacje i rozw\u00f3j"},"content":{"rendered":"<p>Autor:<br \/>\nRados\u0142aw Kowalski<br \/>\nRedakcja: Infor PL<br \/>\nWydawca: Infor<br \/>\nOprawa: Kartonowa Foliowana<br \/>\nFormat: 16.5&#215;23.5cm<br \/>\nLiczba stron: 112<br \/>\nRok wydania: 2023<br \/>\nJ\u0119zyk wydania: polski<\/p>\n<p>Esto\u0144ski CIT to forma opodatkowania CIT, kt\u00f3ra w za\u0142o\u017ceniu mia\u0142a by\u0107 przyjazna podatnikom, elastyczna i \u0142atwa do stosowania. Zosta\u0142 stworzony jako rozwi\u0105zanie proinwestycyjne adresowane do mikro-, ma\u0142ych i \u015brednich przedsi\u0119biorc\u00f3w. Niestety, zmiany przepis\u00f3w zosta\u0142y uchwalone w po\u015bpiechu i w praktyce nie by\u0142y ani czytelne, ani \u0142atwe w zastosowaniu. Sprawi\u0142o to, \u017ce w kr\u00f3tkim czasie po wprowadzeniu zosta\u0142y dwukrotnie znowelizowane, a ich stosowanie tym bardziej mo\u017ce wydawa\u0107 si\u0119 utrudnione.<br \/>\nAutor publikacji \u2013 doradca podatkowy \u2013 wyja\u015bnia, jak bezpiecznie podj\u0105\u0107 decyzj\u0119 o przej\u015bciu na CIT esto\u0144ski. Wskazuje argumenty \u201eza\u201d i \u201eprzeciw\u201d oraz doradza, jakie aspekty dzia\u0142alno\u015bci rozwa\u017cy\u0107 przed podj\u0119ciem decyzji w tym zakresie i jak zaplanowa\u0107 dzia\u0142alno\u015b\u0107 na czteroletni okres stosowania rycza\u0142tu od dochod\u00f3w sp\u00f3\u0142ek.<br \/>\nZakres tematyczny opracowania nie ogranicza si\u0119 tylko do proinwestycyjnego esto\u0144skiego CIT. Autor przybli\u017ca w nim tak\u017ce zasady stosowania innych ulg podatkowych:<br \/>\n?    tzw. niemieckiego funduszu inwestycyjnego, czyli ulgi skierowanej do podatnik\u00f3w, kt\u00f3rzy nie s\u0105 zdecydowani na zastosowanie tak radykalnego rozwi\u0105zania jak esto\u0144ski CIT,<br \/>\n?    na dzia\u0142alno\u015b\u0107 badawczo-rozwojow\u0105 i innowacyjn\u0105, czyli B+R, IP Box, na robotyzacj\u0119, na innowacyjnych pracownik\u00f3w oraz na prototyp.<br \/>\nDzi\u0119ki temu publikacja jest w\u0142a\u015bciwym wyborem nie tylko dla podatnik\u00f3w CIT, lecz tak\u017ce podatnik\u00f3w PIT. Dowiedz\u0105 si\u0119 oni z niej, jak korzysta\u0107 z ulg podatkowych o charakterze proinwestycyjnym i jakie zmiany wprowadzono w tym zakresie w ramach ostatnich nowelizacji ustaw o podatkach dochodowych.<br \/>\nOpracowanie zosta\u0142o zilustrowane przyk\u0142adami, kt\u00f3re podatnicy mog\u0105 \u0142atwo odnie\u015b\u0107 do swoich indywidualnych sytuacji podatkowych. Wyra\u017cone w nim opinie s\u0105 poparte interpretacjami i obja\u015bnieniami podatkowymi MF.<\/p>\n","protected":false},"excerpt":{"rendered":"<p>Autor: Rados\u0142aw Kowalski Redakcja: Infor PL Wydawca: Infor Oprawa: Kartonowa [&hellip;]<\/p>\n","protected":false},"featured_media":16405,"template":"","meta":[],"product_brand":[],"product_cat":[22],"product_tag":[1055,8201],"class_list":{"0":"post-16404","1":"product","2":"type-product","3":"status-publish","4":"has-post-thumbnail","6":"product_cat-podatki-i-prawo-podatkowe","7":"product_tag-prawo-podatkowe","8":"product_tag-ulgi-podatkowe","10":"first","11":"instock","12":"sale","13":"shipping-taxable","14":"purchasable","15":"product-type-simple"},"_links":{"self":[{"href":"https:\/\/ksiegarnia-akademicka.pl\/index.php\/wp-json\/wp\/v2\/product\/16404","targetHints":{"allow":["GET"]}}],"collection":[{"href":"https:\/\/ksiegarnia-akademicka.pl\/index.php\/wp-json\/wp\/v2\/product"}],"about":[{"href":"https:\/\/ksiegarnia-akademicka.pl\/index.php\/wp-json\/wp\/v2\/types\/product"}],"wp:featuredmedia":[{"embeddable":true,"href":"https:\/\/ksiegarnia-akademicka.pl\/index.php\/wp-json\/wp\/v2\/media\/16405"}],"wp:attachment":[{"href":"https:\/\/ksiegarnia-akademicka.pl\/index.php\/wp-json\/wp\/v2\/media?parent=16404"}],"wp:term":[{"taxonomy":"product_brand","embeddable":true,"href":"https:\/\/ksiegarnia-akademicka.pl\/index.php\/wp-json\/wp\/v2\/product_brand?post=16404"},{"taxonomy":"product_cat","embeddable":true,"href":"https:\/\/ksiegarnia-akademicka.pl\/index.php\/wp-json\/wp\/v2\/product_cat?post=16404"},{"taxonomy":"product_tag","embeddable":true,"href":"https:\/\/ksiegarnia-akademicka.pl\/index.php\/wp-json\/wp\/v2\/product_tag?post=16404"}],"curies":[{"name":"wp","href":"https:\/\/api.w.org\/{rel}","templated":true}]}}