{"id":164,"date":"2018-05-22T12:40:54","date_gmt":"2018-05-22T10:40:54","guid":{"rendered":"http:\/\/ksiegarnia-akademicka.pl\/index.php\/product\/historia-mysli-ekonomicznej\/"},"modified":"2019-05-24T09:52:35","modified_gmt":"2019-05-24T07:52:35","slug":"historia-mysli-ekonomicznej","status":"publish","type":"product","link":"https:\/\/ksiegarnia-akademicka.pl\/index.php\/product\/historia-mysli-ekonomicznej\/","title":{"rendered":"Historia my\u015bli ekonomicznej"},"content":{"rendered":"<p>Autor:<br \/>\nRyszard Bartkowiak<br \/>\nWydawca: PWE<br \/>\nOprawa: Kartonowa Foliowana<br \/>\nLiczba stron: 224<br \/>\nRok wydania: 2019<br \/>\nJ\u0119zyk wydania: polski<\/p>\n<p>Podr\u0119cznik prezentuje rozw\u00f3j my\u015bli ekonomicznej na tle zmieniaj\u0105cej si\u0119 gospodarki \u2013 od XVIII do ko\u0144ca XX wieku. Od XVIII wieku g\u0142\u00f3wn\u0105 form\u0105 gospodarowania jest gospodarka rynkowa, dlatego \u00f3wcze\u015bnie sformu\u0142owane teorie i powsta\u0142e nurty my\u015bli ekonomicznej s\u0105 w du\u017cej cz\u0119\u015bci nadal aktualne i wykorzystywane w formu\u0142owaniu wytycznych dla polityki gospodarczej. Z tego powodu poznanie historii my\u015bli ekonomicznej jest niezb\u0119dne dla zrozumienia zasad funkcjonowania wsp\u00f3\u0142czesnej gospodarki. <\/p>\n<p>Podr\u0119cznik jest przeznaczony dla student\u00f3w kierunk\u00f3w ekonomicznych oraz prawa, historii, dziennikarstwa, politologii w wy\u017cszych uczelniach r\u00f3\u017cnych typ\u00f3w. Zainteresuje te\u017c Czytelnik\u00f3w, kt\u00f3rzy chc\u0105 si\u0119 zapozna\u0107 z dawnymi teoriami wa\u017cnymi r\u00f3wnie\u017c wsp\u00f3\u0142cze\u015bnie.<\/p>\n","protected":false},"excerpt":{"rendered":"<p>Autor: Ryszard Bartkowiak Wydawca: PWE Oprawa: Kartonowa Foliowana Liczba stron: [&hellip;]<\/p>\n","protected":false},"featured_media":11286,"template":"","meta":[],"product_brand":[],"product_cat":[17,7498],"product_tag":[368,269],"class_list":{"0":"post-164","1":"product","2":"type-product","3":"status-publish","4":"has-post-thumbnail","6":"product_cat-ekonomia","7":"product_cat-teoria-ekonomii","8":"product_tag-historia-mysli-ekonomiczne","9":"product_tag-podrecznik-akademicki","11":"first","12":"instock","13":"sale","14":"shipping-taxable","15":"purchasable","16":"product-type-simple"},"_links":{"self":[{"href":"https:\/\/ksiegarnia-akademicka.pl\/index.php\/wp-json\/wp\/v2\/product\/164","targetHints":{"allow":["GET"]}}],"collection":[{"href":"https:\/\/ksiegarnia-akademicka.pl\/index.php\/wp-json\/wp\/v2\/product"}],"about":[{"href":"https:\/\/ksiegarnia-akademicka.pl\/index.php\/wp-json\/wp\/v2\/types\/product"}],"wp:featuredmedia":[{"embeddable":true,"href":"https:\/\/ksiegarnia-akademicka.pl\/index.php\/wp-json\/wp\/v2\/media\/11286"}],"wp:attachment":[{"href":"https:\/\/ksiegarnia-akademicka.pl\/index.php\/wp-json\/wp\/v2\/media?parent=164"}],"wp:term":[{"taxonomy":"product_brand","embeddable":true,"href":"https:\/\/ksiegarnia-akademicka.pl\/index.php\/wp-json\/wp\/v2\/product_brand?post=164"},{"taxonomy":"product_cat","embeddable":true,"href":"https:\/\/ksiegarnia-akademicka.pl\/index.php\/wp-json\/wp\/v2\/product_cat?post=164"},{"taxonomy":"product_tag","embeddable":true,"href":"https:\/\/ksiegarnia-akademicka.pl\/index.php\/wp-json\/wp\/v2\/product_tag?post=164"}],"curies":[{"name":"wp","href":"https:\/\/api.w.org\/{rel}","templated":true}]}}