{"id":16369,"date":"2023-02-23T12:04:27","date_gmt":"2023-02-23T11:04:27","guid":{"rendered":"http:\/\/ksiegarnia-akademicka.pl\/?post_type=product&#038;p=16369"},"modified":"2023-02-23T12:04:28","modified_gmt":"2023-02-23T11:04:28","slug":"analiza-danych-w-biznesie-sztuka-podejmowania-skutecznych-decyzji-2","status":"publish","type":"product","link":"https:\/\/ksiegarnia-akademicka.pl\/index.php\/product\/analiza-danych-w-biznesie-sztuka-podejmowania-skutecznych-decyzji-2\/","title":{"rendered":"Analiza danych w biznesie Sztuka podejmowania skutecznych decyzji"},"content":{"rendered":"<p>Autor:<br \/>\nFoster Provost<br \/>\nT\u0142umacze: Sielicki Leszek<br \/>\nWydawca: onepress<br \/>\nOprawa: Mi\u0119kka<br \/>\nFormat: 16.8&#215;23.7cm<br \/>\nLiczba stron: 360<br \/>\nRok wydania: 2023<br \/>\nJ\u0119zyk wydania: polski<\/p>\n<p>Wyci\u0105gaj trafne wnioski!<\/p>\n<p>Posiadanie zbior\u00f3w danych to po\u0142owa sukcesu. Druga po\u0142owa to umiej\u0119tno\u015b\u0107 ich skutecznej analizy i wyci\u0105gania wniosk\u00f3w! Dopiero na tej podstawie b\u0119dziesz w stanie w\u0142a\u015bciwie oceni\u0107 kondycj\u0119 Twojej firmy oraz podj\u0105\u0107 s\u0142uszne decyzje. Wiedza zawarta w tej ksi\u0105\u017cce mo\u017ce zadecydowa\u0107 o sukcesie biznesowym lub pora\u017cce. Nie ryzykuj i si\u0119gnij po to doskona\u0142e \u017ar\u00f3d\u0142o wiedzy, po\u015bwi\u0119cone nauce o danych.<\/p>\n<p>To unikalny podr\u0119cznik, kt\u00f3ry pomo\u017ce Ci sprawnie opanowa\u0107 nawet najtrudniejsze zagadnienia zwi\u0105zane z analiz\u0105 danych. Dowiedz si\u0119, jak zbudowany jest proces eksploracji danych, z jakich narz\u0119dzi mo\u017cesz skorzysta\u0107 oraz jak stworzy\u0107 model predykcyjny i dopasowa\u0107 go do danych. W kolejnych rozdzia\u0142ach przeczytasz o tym, czym grozi nadmierne dopasowanie modelu i jak go unika\u0107 oraz jak wyci\u0105ga\u0107 wnioski metod\u0105 najbli\u017cszych s\u0105siad\u00f3w. Na koniec zaznajomisz si\u0119 z mo\u017cliwo\u015bciami wizualizacji skuteczno\u015bci modelu oraz odkryjesz zwi\u0105zek pomi\u0119dzy nauk\u0105 o danych a strategi\u0105 biznesow\u0105. To obowi\u0105zkowa lektura dla wszystkich os\u00f3b chc\u0105cych podejmowa\u0107 \u015bwiadome decyzje na podstawie posiadanych danych!<\/p>\n<p>Dzi\u0119ki tej ksi\u0105\u017cce:<\/p>\n<p>poznasz model predykcyjny<br \/>\ndowiesz si\u0119, jak dopasowa\u0107 model do danych<br \/>\nzwizualizujesz skuteczno\u015b\u0107 zbudowanego modelu<br \/>\nzwi\u0119kszysz swoje szanse na osi\u0105gni\u0119cie sukcesu biznesowego!<\/p>\n<p>Przeanalizuj posiadane dane i podejmij trafne decyzje!<\/p>\n","protected":false},"excerpt":{"rendered":"<p>Autor: Foster Provost T\u0142umacze: Sielicki Leszek Wydawca: onepress Oprawa: Mi\u0119kka [&hellip;]<\/p>\n","protected":false},"featured_media":16370,"template":"","meta":[],"product_brand":[],"product_cat":[32],"product_tag":[1802,541],"class_list":{"0":"post-16369","1":"product","2":"type-product","3":"status-publish","4":"has-post-thumbnail","6":"product_cat-biznes","7":"product_tag-biznes","8":"product_tag-zarzadzanie","10":"first","11":"instock","12":"sale","13":"shipping-taxable","14":"purchasable","15":"product-type-simple"},"_links":{"self":[{"href":"https:\/\/ksiegarnia-akademicka.pl\/index.php\/wp-json\/wp\/v2\/product\/16369","targetHints":{"allow":["GET"]}}],"collection":[{"href":"https:\/\/ksiegarnia-akademicka.pl\/index.php\/wp-json\/wp\/v2\/product"}],"about":[{"href":"https:\/\/ksiegarnia-akademicka.pl\/index.php\/wp-json\/wp\/v2\/types\/product"}],"wp:featuredmedia":[{"embeddable":true,"href":"https:\/\/ksiegarnia-akademicka.pl\/index.php\/wp-json\/wp\/v2\/media\/16370"}],"wp:attachment":[{"href":"https:\/\/ksiegarnia-akademicka.pl\/index.php\/wp-json\/wp\/v2\/media?parent=16369"}],"wp:term":[{"taxonomy":"product_brand","embeddable":true,"href":"https:\/\/ksiegarnia-akademicka.pl\/index.php\/wp-json\/wp\/v2\/product_brand?post=16369"},{"taxonomy":"product_cat","embeddable":true,"href":"https:\/\/ksiegarnia-akademicka.pl\/index.php\/wp-json\/wp\/v2\/product_cat?post=16369"},{"taxonomy":"product_tag","embeddable":true,"href":"https:\/\/ksiegarnia-akademicka.pl\/index.php\/wp-json\/wp\/v2\/product_tag?post=16369"}],"curies":[{"name":"wp","href":"https:\/\/api.w.org\/{rel}","templated":true}]}}