{"id":16355,"date":"2023-02-23T11:47:20","date_gmt":"2023-02-23T10:47:20","guid":{"rendered":"http:\/\/ksiegarnia-akademicka.pl\/?post_type=product&#038;p=16355"},"modified":"2023-02-23T11:47:20","modified_gmt":"2023-02-23T10:47:20","slug":"nowa-psychologia-zarzadzania-jak-blyskawicznie-zmotywowac-tych-ktorym-chce-sie-najmniej","status":"publish","type":"product","link":"https:\/\/ksiegarnia-akademicka.pl\/index.php\/product\/nowa-psychologia-zarzadzania-jak-blyskawicznie-zmotywowac-tych-ktorym-chce-sie-najmniej\/","title":{"rendered":"Nowa psychologia zarz\u0105dzania Jak b\u0142yskawicznie zmotywowa\u0107 tych, kt\u00f3rym chce si\u0119 najmniej"},"content":{"rendered":"<p>Autor:<br \/>\nTomasz Gordon<br \/>\nWydawca: onepress<br \/>\nOprawa: Mi\u0119kka ze skrzyde\u0142kami<br \/>\nFormat: 14.0&#215;20.8cm<br \/>\nLiczba stron: 200<br \/>\nRok wydania: 2023<br \/>\nJ\u0119zyk wydania: polski<\/p>\n<p>Jak b\u0142yskawicznie zmotywowa\u0107 tych, kt\u00f3rym chce si\u0119 najmniej?<br \/>\nDlaczego coaching (nie) dzia\u0142a, a biznes ma zazwyczaj awersj\u0119 do &#8222;ko\u0142cz\u00f3w&#8221;?<br \/>\nJak wykorzysta\u0107 dorobek psychologii pozytywnej i analizy transakcyjnej, by skuteczniej zarz\u0105dza\u0107?<br \/>\nDlaczego inteligencja emocjonalna stanowi dominuj\u0105cy prognostyk sukcesu zawodowego i spe\u0142nienia prywatnego?<br \/>\nJak dzi\u0119ki zastosowaniu innowacyjnej metody motywacyjno-koryguj\u0105cej skr\u00f3ci\u0107 czas i podnie\u015b\u0107 efektywno\u015b\u0107 proces\u00f3w rozwojowych?<br \/>\nSamo\u015bwiadomo\u015b\u0107, motywowanie siebie i innych oraz rozwi\u0105zywanie konflikt\u00f3w w zespole &#8211; to niekt\u00f3re z przestrzeni, kt\u00f3re mog\u0105 by\u0107 wydatnie wzmocnione dzi\u0119ki lekturze pracy p. Tomasza Gordona. Fundament ksi\u0105\u017cki stanowi kurs rozwoju inteligencji emocjonalnej, komunikacji, zarz\u0105dzania zmian\u0105 oraz przeciwdzia\u0142ania wypaleniu zawodowemu. Rekomenduj\u0119 j\u0105 jako projekt starannie przygotowany i u\u017cyteczny nie tylko dla mened\u017cer\u00f3w.<br \/>\nProf. zw. dr hab. Zbigniew N\u0119cki, Dziekan Wydzia\u0142u Psychologii i Nauk Humanistycznych Krakowskiej Akademii im. Andrzeja Frycza Modrzewskiego<\/p>\n<p>Nowa psychologia zarz\u0105dzania opisuje oparte na nauce i sprawdzone w biznesie patenty najskuteczniejszych szef\u00f3w. Mo\u017ce okaza\u0107 si\u0119 niezmiernie przydatna zar\u00f3wno dla do\u015bwiadczonych mened\u017cer\u00f3w, jak i przysz\u0142ych adept\u00f3w sztuki skutecznego zarz\u0105dzania lud\u017ami. Koncentruje si\u0119 na u\u017cytecznych biznesowo zasadach psychologii pozytywnej i analizy transakcyjnej oraz uwzgl\u0119dnia proces grupowy w pracy mened\u017cera. Autor wyja\u015bnia przyczyny awersji biznesu do coachingu. Wskazuje r\u00f3wnie\u017c szanse i zagro\u017cenia zwi\u0105zane z wchodzeniem mened\u017cera w rol\u0119 coacha, mentora i trenera. Serce ksi\u0105\u017cki stanowi 7 filar\u00f3w modelu coachingowego &#8211; mi\u0119kkiego zarz\u0105dzania dla twardych rezultat\u00f3w. Jej zwie\u0144czeniem za\u015b jest autorska metoda motywacyjno-koryguj\u0105ca, kt\u00f3ra wydatnie skraca i usprawnia prac\u0119 mened\u017cera z zespo\u0142em w tzw. kryzysie odpowiedzialno\u015bci.<\/p>\n","protected":false},"excerpt":{"rendered":"<p>Autor: Tomasz Gordon Wydawca: onepress Oprawa: Mi\u0119kka ze skrzyde\u0142kami Format: [&hellip;]<\/p>\n","protected":false},"featured_media":16356,"template":"","meta":[],"product_brand":[],"product_cat":[7511,30],"product_tag":[1257,541],"class_list":{"0":"post-16355","1":"product","2":"type-product","3":"status-publish","4":"has-post-thumbnail","6":"product_cat-kierowanie-i-zarzadzanie","7":"product_cat-zarzadzanie","8":"product_tag-poradniki","9":"product_tag-zarzadzanie","11":"first","12":"instock","13":"sale","14":"shipping-taxable","15":"purchasable","16":"product-type-simple"},"_links":{"self":[{"href":"https:\/\/ksiegarnia-akademicka.pl\/index.php\/wp-json\/wp\/v2\/product\/16355","targetHints":{"allow":["GET"]}}],"collection":[{"href":"https:\/\/ksiegarnia-akademicka.pl\/index.php\/wp-json\/wp\/v2\/product"}],"about":[{"href":"https:\/\/ksiegarnia-akademicka.pl\/index.php\/wp-json\/wp\/v2\/types\/product"}],"wp:featuredmedia":[{"embeddable":true,"href":"https:\/\/ksiegarnia-akademicka.pl\/index.php\/wp-json\/wp\/v2\/media\/16356"}],"wp:attachment":[{"href":"https:\/\/ksiegarnia-akademicka.pl\/index.php\/wp-json\/wp\/v2\/media?parent=16355"}],"wp:term":[{"taxonomy":"product_brand","embeddable":true,"href":"https:\/\/ksiegarnia-akademicka.pl\/index.php\/wp-json\/wp\/v2\/product_brand?post=16355"},{"taxonomy":"product_cat","embeddable":true,"href":"https:\/\/ksiegarnia-akademicka.pl\/index.php\/wp-json\/wp\/v2\/product_cat?post=16355"},{"taxonomy":"product_tag","embeddable":true,"href":"https:\/\/ksiegarnia-akademicka.pl\/index.php\/wp-json\/wp\/v2\/product_tag?post=16355"}],"curies":[{"name":"wp","href":"https:\/\/api.w.org\/{rel}","templated":true}]}}