{"id":16347,"date":"2023-02-23T11:00:40","date_gmt":"2023-02-23T10:00:40","guid":{"rendered":"http:\/\/ksiegarnia-akademicka.pl\/?post_type=product&#038;p=16347"},"modified":"2023-02-23T11:00:40","modified_gmt":"2023-02-23T10:00:40","slug":"doreczenia-elektroniczne-komentarz","status":"publish","type":"product","link":"https:\/\/ksiegarnia-akademicka.pl\/index.php\/product\/doreczenia-elektroniczne-komentarz\/","title":{"rendered":"Dor\u0119czenia elektroniczne. Komentarz"},"content":{"rendered":"<p>Autor:<br \/>\nAdamczyk Marcin, Kwiatek B\u0142a\u017cej, Sk\u00f3ra Agnieszka, Szel\u0105gowska Karolina, Wach Karol<br \/>\nWydawca: Wolters Kluwer<br \/>\nOprawa: Mi\u0119kka<br \/>\nFormat: 14.8&#215;21.0cm<br \/>\nLiczba stron: 492<br \/>\nWydanie: 1<br \/>\nRok wydania: 2023<br \/>\nJ\u0119zyk wydania: polski<\/p>\n<p>Ustawa o dor\u0119czeniach elektronicznych z 18 listopada 2020 r. to podstawowy akt normatywny ustanawiaj\u0105cy nowe zasady dor\u0119cze\u0144 korespondencji drog\u0105 elektroniczn\u0105 przez podmioty publiczne i do podmiot\u00f3w publicznych.<\/p>\n<p>W publikacji przedstawiono:<br \/>\n\u2022 terminy i zasady przyj\u0119cia fikcji prawnej dor\u0119czenia zast\u0119pczego w publicznej us\u0142udze rejestrowanego dor\u0119czenia elektronicznego, kwalifikowanej us\u0142udze rejestrowanego dor\u0119czenia elektronicznego i publicznej us\u0142udze hybrydowej;<br \/>\n\u2022 zasady reklamacji i post\u0119powanie reklamacyjne za niewykonanie lub nienale\u017cyte wykonanie publicznej us\u0142ugi rejestrowanego dor\u0119czenia elektronicznego i publicznej us\u0142ugi hybrydowej, a tak\u017ce odpowiedzialno\u015b\u0107 operatora wyznaczonego w tym zakresie;<br \/>\n\u2022 dor\u0119czanie korespondencji z wykorzystaniem publicznej us\u0142ugi rejestrowanego dor\u0119czenia elektronicznego, kwalifikowanej us\u0142ugi rejestrowanego dor\u0119czenia elektronicznego i publicznej us\u0142ugi hybrydowej;<br \/>\n\u2022 warunki przekszta\u0142cania korespondencji \u2013 pisma w postaci elektronicznej \u2013 w przesy\u0142k\u0119 listow\u0105 (wydruk) w ramach publicznej us\u0142ugi hybrydowej;<br \/>\n\u2022 obowi\u0105zki ustawowe podmiot\u00f3w publicznych, przedstawicieli zawod\u00f3w prawniczych i przedsi\u0119biorc\u00f3w wpisanych do KRS albo CEiDG.<\/p>\n<p>W ksi\u0105\u017cce om\u00f3wiono tak\u017ce zagadnienia wystawiania dowodu wys\u0142ania oraz dowodu otrzymania, funkcjonowania bazy adres\u00f3w elektronicznych, w tym dost\u0119p do niej i wyszukiwanie adresat\u00f3w, a tak\u017ce nieprawid\u0142owo\u015bci w procesie dor\u0119czania oraz ich konsekwencje prawne.<\/p>\n<p>Publikacja uwzgl\u0119dnia najnowsze zmiany wprowadzone ustaw\u0105 z 16 listopada 2022 r. o systemie teleinformatycznym do obs\u0142ugi niekt\u00f3rych um\u00f3w.<\/p>\n<p>Prezentowane pogl\u0105dy i wnioski s\u0105 wynikiem wieloletniego do\u015bwiadczenia naukowego oraz zawodowego autor\u00f3w, zwi\u0105zanego ze stosowaniem prawa w ramach pracy w administracji publicznej i w sektorze prywatnym.<\/p>\n<p>Opracowanie jest przeznaczone zar\u00f3wno dla pracownik\u00f3w administracji publicznej, jak i adwokat\u00f3w, radc\u00f3w prawnych, s\u0119dzi\u00f3w. Zainteresuje tak\u017ce pracownik\u00f3w naukowych oraz student\u00f3w kierunk\u00f3w prawniczych.<\/p>\n","protected":false},"excerpt":{"rendered":"<p>Autor: Adamczyk Marcin, Kwiatek B\u0142a\u017cej, Sk\u00f3ra Agnieszka, Szel\u0105gowska Karolina, Wach [&hellip;]<\/p>\n","protected":false},"featured_media":16348,"template":"","meta":[],"product_brand":[],"product_cat":[7491,22,18],"product_tag":[615,1055,4603],"class_list":{"0":"post-16347","1":"product","2":"type-product","3":"status-publish","4":"has-post-thumbnail","6":"product_cat-cywilne","7":"product_cat-podatki-i-prawo-podatkowe","8":"product_cat-prawo","9":"product_tag-prawo-cywilne","10":"product_tag-prawo-podatkowe","11":"product_tag-seria-komentarze-praktyczne","13":"first","14":"instock","15":"sale","16":"shipping-taxable","17":"purchasable","18":"product-type-simple"},"_links":{"self":[{"href":"https:\/\/ksiegarnia-akademicka.pl\/index.php\/wp-json\/wp\/v2\/product\/16347","targetHints":{"allow":["GET"]}}],"collection":[{"href":"https:\/\/ksiegarnia-akademicka.pl\/index.php\/wp-json\/wp\/v2\/product"}],"about":[{"href":"https:\/\/ksiegarnia-akademicka.pl\/index.php\/wp-json\/wp\/v2\/types\/product"}],"wp:featuredmedia":[{"embeddable":true,"href":"https:\/\/ksiegarnia-akademicka.pl\/index.php\/wp-json\/wp\/v2\/media\/16348"}],"wp:attachment":[{"href":"https:\/\/ksiegarnia-akademicka.pl\/index.php\/wp-json\/wp\/v2\/media?parent=16347"}],"wp:term":[{"taxonomy":"product_brand","embeddable":true,"href":"https:\/\/ksiegarnia-akademicka.pl\/index.php\/wp-json\/wp\/v2\/product_brand?post=16347"},{"taxonomy":"product_cat","embeddable":true,"href":"https:\/\/ksiegarnia-akademicka.pl\/index.php\/wp-json\/wp\/v2\/product_cat?post=16347"},{"taxonomy":"product_tag","embeddable":true,"href":"https:\/\/ksiegarnia-akademicka.pl\/index.php\/wp-json\/wp\/v2\/product_tag?post=16347"}],"curies":[{"name":"wp","href":"https:\/\/api.w.org\/{rel}","templated":true}]}}