{"id":16298,"date":"2023-02-15T08:36:10","date_gmt":"2023-02-15T07:36:10","guid":{"rendered":"http:\/\/ksiegarnia-akademicka.pl\/?post_type=product&#038;p=16298"},"modified":"2023-02-15T08:36:10","modified_gmt":"2023-02-15T07:36:10","slug":"zawod-fizjoterapeuty-i-rehabilitacja-lecznicza-w-polsce","status":"publish","type":"product","link":"https:\/\/ksiegarnia-akademicka.pl\/index.php\/product\/zawod-fizjoterapeuty-i-rehabilitacja-lecznicza-w-polsce\/","title":{"rendered":"Zaw\u00f3d fizjoterapeuty i rehabilitacja lecznicza w Polsce"},"content":{"rendered":"<p>Autor:<br \/>\nMa\u0142gorzata Paszkowska<br \/>\nWydawca: Difin<br \/>\nOprawa: Mi\u0119kka<br \/>\nLiczba stron: 322<br \/>\nRok wydania: 2023<br \/>\nJ\u0119zyk wydania: polski<\/p>\n<p>Ksi\u0105\u017cka kompleksowo przedstawia aktualny status i zasady wykonywania zawodu fizjoterapeuty, a tak\u017ce organizacj\u0119 rehabilitacji leczniczej w Polsce. Om\u00f3wiono w niej kompetencje, prawa i obowi\u0105zki fizjoterapeut\u00f3w, a tak\u017ce mo\u017cliwe formy organizacyjne rehabilitacji leczniczej i ich zakresy. Publikacja w zamierzeniu autorki ma stanowi\u0107 kompendium podstawowej wiedzy o zawodzie i rodzajach dzia\u0142alno\u015bci leczniczej w zakresie rehabilitacji, dla ka\u017cdej osoby wykonuj\u0105cej zaw\u00f3d fizjoterapeuty. Pos\u0142uguj\u0105c si\u0119 przyst\u0119pnym j\u0119zykiem autorka wskazuje m.in.:<br \/>\n&#8211; jakie s\u0105 cechy zawodu fizjoterapeuty kszta\u0142tuj\u0105ce jego pozycje zawodow\u0105,<br \/>\n&#8211; jakie s\u0105 generalne rodzaje rehabilitacji i podstawowe definicje z ni\u0105 zwi\u0105zane,<br \/>\n&#8211; jaki jest system kszta\u0142cenia dyplomowego i podyplomowego fizjoterapeut\u00f3w,<br \/>\n&#8211; jakie s\u0105 warunki formalne dost\u0119pu do zawodu fizjoterapeuty oraz ograniczenia w wykonywaniu tego zawodu,<br \/>\n&#8211; jakie s\u0105 prawne i etyczne standardy wykonywania zawodu fizjoterapeuty,<br \/>\n&#8211; jak funkcjonuje samorz\u0105d zawodowy fizjoterapeut\u00f3w,<br \/>\n&#8211; jakie s\u0105 zasady zak\u0142adania i funkcjonowania zak\u0142ad\u00f3w rehabilitacji leczniczej i prywatnych praktyk fizjoterapeutycznych,<br \/>\n&#8211; jakie s\u0105 rodzaje \u015bwiadcze\u0144 gwarantowanych w zakresie rehabilitacji leczniczej,<br \/>\n&#8211; jakie s\u0105 formy rehabilitacji leczniczej poza systemem ubezpieczenia zdrowotnego (m.in. rehabilitacja w ramach prewencji rentowej ZUS, KRUS). Ksi\u0105\u017cka adresowana jest przede wszystkim do fizjoterapeut\u00f3w oraz do os\u00f3b zarz\u0105dzaj\u0105cych podmiotami, w kt\u00f3rych udzielane s\u0105 \u015bwiadczenia rehabilitacji leczniczej, a tak\u017ce do student\u00f3w kierunku fizjoterapia oraz do innych os\u00f3b zainteresowanych problematyk\u0105 funkcjonowania rehabilitacji leczniczej w Polsce.<br \/>\nPatronat: 21 Wojskowy Szpital Uzdrowiskowo-Rehabilitacyjny SP ZOZ Busko-Zdr\u00f3j, Rehabilitacja w Praktyce, Praktyczna Fizjoterapia i Rehabilitacja, Portal Fizjoterapeuty.<\/p>\n","protected":false},"excerpt":{"rendered":"<p>Autor: Ma\u0142gorzata Paszkowska Wydawca: Difin Oprawa: Mi\u0119kka Liczba stron: 322 [&hellip;]<\/p>\n","protected":false},"featured_media":16299,"template":"","meta":[],"product_brand":[],"product_cat":[8069,7493],"product_tag":[1655,1498,5853],"class_list":{"0":"post-16298","1":"product","2":"type-product","3":"status-publish","4":"has-post-thumbnail","6":"product_cat-fizjologia","7":"product_cat-medycyna","8":"product_tag-fizjologia","9":"product_tag-fizjoterapia","10":"product_tag-rehabilitacja","12":"first","13":"instock","14":"sale","15":"shipping-taxable","16":"purchasable","17":"product-type-simple"},"_links":{"self":[{"href":"https:\/\/ksiegarnia-akademicka.pl\/index.php\/wp-json\/wp\/v2\/product\/16298","targetHints":{"allow":["GET"]}}],"collection":[{"href":"https:\/\/ksiegarnia-akademicka.pl\/index.php\/wp-json\/wp\/v2\/product"}],"about":[{"href":"https:\/\/ksiegarnia-akademicka.pl\/index.php\/wp-json\/wp\/v2\/types\/product"}],"wp:featuredmedia":[{"embeddable":true,"href":"https:\/\/ksiegarnia-akademicka.pl\/index.php\/wp-json\/wp\/v2\/media\/16299"}],"wp:attachment":[{"href":"https:\/\/ksiegarnia-akademicka.pl\/index.php\/wp-json\/wp\/v2\/media?parent=16298"}],"wp:term":[{"taxonomy":"product_brand","embeddable":true,"href":"https:\/\/ksiegarnia-akademicka.pl\/index.php\/wp-json\/wp\/v2\/product_brand?post=16298"},{"taxonomy":"product_cat","embeddable":true,"href":"https:\/\/ksiegarnia-akademicka.pl\/index.php\/wp-json\/wp\/v2\/product_cat?post=16298"},{"taxonomy":"product_tag","embeddable":true,"href":"https:\/\/ksiegarnia-akademicka.pl\/index.php\/wp-json\/wp\/v2\/product_tag?post=16298"}],"curies":[{"name":"wp","href":"https:\/\/api.w.org\/{rel}","templated":true}]}}