{"id":16259,"date":"2023-02-09T10:30:35","date_gmt":"2023-02-09T09:30:35","guid":{"rendered":"http:\/\/ksiegarnia-akademicka.pl\/?post_type=product&#038;p=16259"},"modified":"2024-12-05T09:21:44","modified_gmt":"2024-12-05T08:21:44","slug":"bankructwa-tom-1-panstwa-i-samorzady","status":"publish","type":"product","link":"https:\/\/ksiegarnia-akademicka.pl\/index.php\/product\/bankructwa-tom-1-panstwa-i-samorzady\/","title":{"rendered":"Bankructwa Tom 1 Pa\u0144stwa i samorz\u0105dy"},"content":{"rendered":"<p>Autor:<br \/>\nJolanta Maria Ciak<br \/>\nWydawca: Difin<br \/>\nOprawa: Mi\u0119kka<br \/>\nLiczba stron: 216<br \/>\nRok wydania: 2023<br \/>\nJ\u0119zyk wydania: polski<\/p>\n<p>Monografia stanowi pierwszy tom cyklu monografii pod wsp\u00f3lnym tytu\u0142em Bankructwa. Tom ten zosta\u0142 po\u015bwi\u0119cony zagadnieniom d\u0142ugu i bankructwa w sektorze publicznym, kt\u00f3re mimo historii si\u0119gaj\u0105cej tysi\u0119cy lat, nadal s\u0105 i b\u0119d\u0105 aktualne, zatem wymagaj\u0105 dalszej eksploracji naukowej. Problematyka d\u0142ugu i bankructwa pa\u0144stw oraz jednostek samorz\u0105dowych jest szeroko opisywana w literaturze z zakresu ekonomii, finans\u00f3w oraz prawa, niemniej jej z\u0142o\u017cono\u015b\u0107 oraz nieprzewidywalne zdarzenia wp\u0142ywaj\u0105ce na stan finans\u00f3w publicznych (np. pandemia COVID-19, agresja Rosji w Ukrainie) oznaczaj\u0105 konieczno\u015b\u0107 aktualizowania dotychczasowego stanu wiedzy w zakresie przyczyn i skutk\u00f3w bankructwa w sektorze publicznym, mo\u017cliwych form wsparcia nadmiernie zad\u0142u\u017conych pa\u0144stw i samorz\u0105d\u00f3w, jak r\u00f3wnie\u017c metod przeciwdzia\u0142ania takim zdarzeniom. W ksi\u0105\u017cce om\u00f3wione s\u0105 bankructwa pa\u0144stw oraz samorz\u0105d\u00f3w, zawarte liczne studia przypadk\u00f3w bankructw w sektorze publicznym (w Polsce i na \u015bwiecie) oraz charakterystyka wydarze\u0144 z ostatnich kilku lat i ich wp\u0142ywu na sektor publiczny.<\/p>\n","protected":false},"excerpt":{"rendered":"<p>Autor: Jolanta Maria Ciak Wydawca: Difin Oprawa: Mi\u0119kka Liczba stron: [&hellip;]<\/p>\n","protected":false},"featured_media":16260,"template":"","meta":[],"product_brand":[],"product_cat":[19,7500,7494],"product_tag":[472,486,473],"class_list":{"0":"post-16259","1":"product","2":"type-product","3":"status-publish","4":"has-post-thumbnail","6":"product_cat-finanse-i-prawo-finansowe","7":"product_cat-finanse-publiczne","8":"product_cat-samorzad-terytorialny","9":"product_tag-finanse-publiczne","10":"product_tag-samorzad-terytorialny","11":"product_tag-sektor-publiczny","13":"first","14":"instock","15":"sale","16":"shipping-taxable","17":"purchasable","18":"product-type-simple"},"_links":{"self":[{"href":"https:\/\/ksiegarnia-akademicka.pl\/index.php\/wp-json\/wp\/v2\/product\/16259","targetHints":{"allow":["GET"]}}],"collection":[{"href":"https:\/\/ksiegarnia-akademicka.pl\/index.php\/wp-json\/wp\/v2\/product"}],"about":[{"href":"https:\/\/ksiegarnia-akademicka.pl\/index.php\/wp-json\/wp\/v2\/types\/product"}],"wp:featuredmedia":[{"embeddable":true,"href":"https:\/\/ksiegarnia-akademicka.pl\/index.php\/wp-json\/wp\/v2\/media\/16260"}],"wp:attachment":[{"href":"https:\/\/ksiegarnia-akademicka.pl\/index.php\/wp-json\/wp\/v2\/media?parent=16259"}],"wp:term":[{"taxonomy":"product_brand","embeddable":true,"href":"https:\/\/ksiegarnia-akademicka.pl\/index.php\/wp-json\/wp\/v2\/product_brand?post=16259"},{"taxonomy":"product_cat","embeddable":true,"href":"https:\/\/ksiegarnia-akademicka.pl\/index.php\/wp-json\/wp\/v2\/product_cat?post=16259"},{"taxonomy":"product_tag","embeddable":true,"href":"https:\/\/ksiegarnia-akademicka.pl\/index.php\/wp-json\/wp\/v2\/product_tag?post=16259"}],"curies":[{"name":"wp","href":"https:\/\/api.w.org\/{rel}","templated":true}]}}