{"id":16238,"date":"2023-02-08T10:06:54","date_gmt":"2023-02-08T09:06:54","guid":{"rendered":"http:\/\/ksiegarnia-akademicka.pl\/?post_type=product&#038;p=16238"},"modified":"2024-12-05T09:22:03","modified_gmt":"2024-12-05T08:22:03","slug":"cyfrowy-umysl-jak-zarzadzac-i-rozwijac-biznes-w-erze-algorytmow-i-sztucznej-inteligencji","status":"publish","type":"product","link":"https:\/\/ksiegarnia-akademicka.pl\/index.php\/product\/cyfrowy-umysl-jak-zarzadzac-i-rozwijac-biznes-w-erze-algorytmow-i-sztucznej-inteligencji\/","title":{"rendered":"Cyfrowy umys\u0142 Jak zarz\u0105dza\u0107 i rozwija\u0107 biznes w erze algorytm\u00f3w i sztucznej inteligencji"},"content":{"rendered":"<p>Autor:<br \/>\nPaul Leonardi<br \/>\nT\u0142umacze: Gasper Dorota<br \/>\nWydawca: MT Biznes<br \/>\nOprawa: Mi\u0119kka ze skrzyde\u0142kami<br \/>\nFormat: 15.8&#215;23.3cm<br \/>\nLiczba stron: 280<br \/>\nWydanie: 1<br \/>\nRok wydania: 2023<br \/>\nJ\u0119zyk wydania: polski<\/p>\n<p>Ksi\u0105\u017cka Cyfrowy umys\u0142 przygotuje ciebie, twoj\u0105 karier\u0119 i firm\u0119 na nadej\u015bcie przysz\u0142o\u015bci!<br \/>\nJakich umiej\u0119tno\u015bci potrzebujemy, by efektywnie wykorzystywa\u0107 technologie cyfrowe w biznesie?<br \/>\nNasta\u0142a rewolucja cyfrowa, zmieniaj\u0105ca spos\u00f3b pracy, struktur\u0119 organizacji oraz ludzkie zachowanie i interakcje. Zdecydowana wi\u0119kszo\u015b\u0107 z nas my\u015bli o problemach i rozwi\u0105zaniach analogowo, po czym przek\u0142ada tak wypracowane modele na j\u0119zyk i metody cyfrowe. Nie jest to najlepszy pomys\u0142. Aby prosperowa\u0107 w \u015bwiecie opieraj\u0105cym si\u0119 na danych i nap\u0119dzanym przez algorytmy, musimy nauczy\u0107 si\u0119 nowych sposob\u00f3w rozumowania i dzia\u0142ania. Musimy wykszta\u0142ci\u0107 w sobie cyfrowy spos\u00f3b my\u015blenia. I ta ksi\u0105\u017cka pokazuje, jak to zrobi\u0107.<\/p>\n<p>Niezb\u0119dnik dla lider\u00f3w, kt\u00f3rzy chc\u0105 osi\u0105ga\u0107 sukcesy w erze cyfrowej<br \/>\nCyfrowy umys\u0142 skupia si\u0119 na trzech obszarach: wsp\u00f3\u0142pracy, przetwarzaniu danych i zmianie oraz przedstawia metody i narz\u0119dzia, kt\u00f3re pozwol\u0105 nam na nabycie niezb\u0119dnych umiej\u0119tno\u015bci cyfrowych w ka\u017cdym z nich. Dzi\u0119ki cyfrowej mentalno\u015bci b\u0119dziemy mogli zadawa\u0107 w\u0142a\u015bciwe pytania, podejmowa\u0107 trafne decyzje i odpowiednio ocenia\u0107 mo\u017cliwo\u015bci, jakie niesie cyfrowa przysz\u0142o\u015bci. Liderzy, kt\u00f3rzy przestawi\u0105 si\u0119 na cyfrowy spos\u00f3b my\u015blenia, b\u0119d\u0105 mogli skutecznie rozwija\u0107 talenty w swoich organizacjach i przygotowa\u0107 firm\u0119 na udan\u0105 i ci\u0105g\u0142\u0105 transformacj\u0119 w zmiennym otoczeniu.<\/p>\n<p>Jak rozwin\u0105\u0107 cyfrowy spos\u00f3b my\u015blenia?<br \/>\nNagradzani badacze i wyk\u0142adowcy \u2013 profesorowie Paul Leonardi i Tsedal Neeley pokazuj\u0105, jak to osi\u0105gn\u0105\u0107, i zdradzaj\u0105 pewien sekret: rozwini\u0119cie cyfrowej mentalno\u015bci nie jest wcale takie trudne, jak nam si\u0119 zdaje. Wi\u0119kszo\u015b\u0107 ludzi mo\u017ce osi\u0105gn\u0105\u0107 wystarczaj\u0105c\u0105 bieg\u0142o\u015b\u0107 w cyfrowej tematyce, je\u015bli b\u0119dzie przestrzega\u0107 zasady \u201e30 procent\u201d \u2013 minimalnego progu wiedzy. To on pomaga nam zrozumie\u0107 i wykorzysta\u0107 cyfrowe w\u0105tki, z kt\u00f3rych utkany jest nasz \u015bwiat. Pozwala lepiej zarz\u0105dza\u0107, wzajemnie si\u0119 rozumie\u0107 i wsp\u00f3\u0142dzia\u0142a\u0107 w firmie.<\/p>\n<p>***<\/p>\n<p>Ksi\u0105\u017cka Cyfrowy umys\u0142 jest nieocenionym \u017ar\u00f3d\u0142em wiedzy dla ka\u017cdego, kto pragnie sta\u0107 si\u0119 lepszym przyw\u00f3dc\u0105, przygotowa\u0107 si\u0119 zawodowo na przysz\u0142o\u015b\u0107 czy te\u017c po prostu chce lepiej zrozumie\u0107 tera\u017aniejszo\u015b\u0107 i przysz\u0142o\u015b\u0107 biznesu.<\/p>\n<p>\u2014 MICKEY (HIROSHI) MIKITANI, za\u0142o\u017cyciel, prezes i dyrektor zarz\u0105dzaj\u0105cy Rakuten Group<\/p>\n<p>Je\u015bli obawiasz si\u0119, \u017ce algorytmy zast\u0105pi\u0105 nasz os\u0105d, big data spowoduje, \u017ce nasza wiedza b\u0119dzie przestarza\u0142a, a roboty zabior\u0105 nam prac\u0119, ta ksi\u0105\u017cka jest dla ciebie. Leonardi i Neeley dziel\u0105 si\u0119 praktycznymi spostrze\u017ceniami i wiedz\u0105, kt\u00f3re s\u0105 niezb\u0119dne do tego, aby\u015b zrozumia\u0142 kolejn\u0105 fal\u0119 cyfrowej zmiany \u2013 i m\u00f3g\u0142 j\u0105 bez szwanku prze\u017cy\u0107.<\/p>\n<p>\u2014 ADAM GRANT, autor bestseller\u00f3w \u201eThe New York Timesa\u201d Leniwy umys\u0142 oraz Buntownicy; autor podcastu WorkLife<\/p>\n<p>Cyfrowy umys\u0142 pokazuje, jak to zrobi\u0107, by ka\u017cdy \u2013 od kadry kierowniczej do pojedynczego pracownika \u2013 umia\u0142 pom\u00f3c swojej firmie odnosi\u0107 sukcesy w erze cyfrowej. Dzisiejsi dyrektorzy musz\u0105 dopilnowa\u0107, aby ca\u0142y personel mia\u0142 cyfrow\u0105 mentalno\u015b\u0107. Warto zacz\u0105\u0107 od tej ksi\u0105\u017cki.<\/p>\n<p>\u2014 JEFF HENLEY, wiceprezes wykonawczy Oracle<\/p>\n<p>Leonardi i Neeley napisali niezb\u0119dny podr\u0119cznik fundamentalnych prawd dla lider\u00f3w, kt\u00f3rzy chc\u0105 prosperowa\u0107 w erze cyfrowej.<\/p>\n<p>\u2014 HUBERT JOLY, by\u0142y prezes i dyrektor zarz\u0105dzaj\u0105cy Best Buy; starszy wyk\u0142adowca w Harvard Business School; autor The Heart of Business<\/p>\n","protected":false},"excerpt":{"rendered":"<p>Autor: Paul Leonardi T\u0142umacze: Gasper Dorota Wydawca: MT Biznes Oprawa: [&hellip;]<\/p>\n","protected":false},"featured_media":16239,"template":"","meta":[],"product_brand":[],"product_cat":[7511,31,30,7515],"product_tag":[1292,1257,541],"class_list":{"0":"post-16238","1":"product","2":"type-product","3":"status-publish","4":"has-post-thumbnail","6":"product_cat-kierowanie-i-zarzadzanie","7":"product_cat-przedsiebiorstwo","8":"product_cat-zarzadzanie","9":"product_cat-zarzadzanie-przedsiebiorstwem","10":"product_tag-organizacja","11":"product_tag-poradniki","12":"product_tag-zarzadzanie","14":"first","15":"instock","16":"sale","17":"shipping-taxable","18":"purchasable","19":"product-type-simple"},"_links":{"self":[{"href":"https:\/\/ksiegarnia-akademicka.pl\/index.php\/wp-json\/wp\/v2\/product\/16238","targetHints":{"allow":["GET"]}}],"collection":[{"href":"https:\/\/ksiegarnia-akademicka.pl\/index.php\/wp-json\/wp\/v2\/product"}],"about":[{"href":"https:\/\/ksiegarnia-akademicka.pl\/index.php\/wp-json\/wp\/v2\/types\/product"}],"wp:featuredmedia":[{"embeddable":true,"href":"https:\/\/ksiegarnia-akademicka.pl\/index.php\/wp-json\/wp\/v2\/media\/16239"}],"wp:attachment":[{"href":"https:\/\/ksiegarnia-akademicka.pl\/index.php\/wp-json\/wp\/v2\/media?parent=16238"}],"wp:term":[{"taxonomy":"product_brand","embeddable":true,"href":"https:\/\/ksiegarnia-akademicka.pl\/index.php\/wp-json\/wp\/v2\/product_brand?post=16238"},{"taxonomy":"product_cat","embeddable":true,"href":"https:\/\/ksiegarnia-akademicka.pl\/index.php\/wp-json\/wp\/v2\/product_cat?post=16238"},{"taxonomy":"product_tag","embeddable":true,"href":"https:\/\/ksiegarnia-akademicka.pl\/index.php\/wp-json\/wp\/v2\/product_tag?post=16238"}],"curies":[{"name":"wp","href":"https:\/\/api.w.org\/{rel}","templated":true}]}}