{"id":16234,"date":"2023-02-08T10:01:10","date_gmt":"2023-02-08T09:01:10","guid":{"rendered":"http:\/\/ksiegarnia-akademicka.pl\/?post_type=product&#038;p=16234"},"modified":"2023-02-08T10:01:11","modified_gmt":"2023-02-08T09:01:11","slug":"nadzor-pedagogiczny-w-szkole-i-przedszkolu-2","status":"publish","type":"product","link":"https:\/\/ksiegarnia-akademicka.pl\/index.php\/product\/nadzor-pedagogiczny-w-szkole-i-przedszkolu-2\/","title":{"rendered":"Nadz\u00f3r pedagogiczny w szkole i przedszkolu"},"content":{"rendered":"<p>Autor:<br \/>\nWanda Pakulniewicz<br \/>\nWydawca: Wiedza i Praktyka<br \/>\nOprawa: Mi\u0119kka<br \/>\nFormat: 16.0&#215;23.5cm<br \/>\nLiczba stron: 164<br \/>\nRok wydania: 2022<br \/>\nJ\u0119zyk wydania: polski<\/p>\n<p>Oddajemy w Pa\u0144stwa r\u0119ce kompendium wiedzy o nadzorze pedagogicznym. Wydaje si\u0119, \u017ce o nadzorze pedagogicznym napisano ju\u017c wszystko, ale wierzymy, \u017ce znajdziecie tu Pa\u0144stwo informacje, kt\u00f3re na pewno zainteresuj\u0105 i pozwol\u0105 inaczej spojrze\u0107 na to zagadnienie. Bo przecie\u017c nadz\u00f3r pedagogiczny to nie tylko obserwacje zaj\u0119\u0107, kontrola, ale i wspomaganie. To po prostu systemowe rozwi\u0105zania funkcjonowania szko\u0142y. Szko\u0142a dobrze zarz\u0105dzana, w\u0142a\u015bciwie funkcjonuj\u0105ca to samokontroluj\u0105ca si\u0119 organizacja z systemem sprz\u0119\u017ce\u0144 zwrotnych stanowi\u0105cych podstaw\u0119 doskonalenia jako\u015bci jej pracy. To w\u0142a\u015bnie dyrektor szko\u0142y jest odpowiedzialny za wdro\u017cenie tych systemowych rozwi\u0105za\u0144.<\/p>\n","protected":false},"excerpt":{"rendered":"<p>Autor: Wanda Pakulniewicz Wydawca: Wiedza i Praktyka Oprawa: Mi\u0119kka Format: [&hellip;]<\/p>\n","protected":false},"featured_media":16235,"template":"","meta":[],"product_brand":[],"product_cat":[28],"product_tag":[2614,51],"class_list":{"0":"post-16234","1":"product","2":"type-product","3":"status-publish","4":"has-post-thumbnail","6":"product_cat-pedagogika","7":"product_tag-nadzor-pedagogiczny","8":"product_tag-pedagogika","10":"first","11":"instock","12":"sale","13":"shipping-taxable","14":"purchasable","15":"product-type-simple"},"_links":{"self":[{"href":"https:\/\/ksiegarnia-akademicka.pl\/index.php\/wp-json\/wp\/v2\/product\/16234","targetHints":{"allow":["GET"]}}],"collection":[{"href":"https:\/\/ksiegarnia-akademicka.pl\/index.php\/wp-json\/wp\/v2\/product"}],"about":[{"href":"https:\/\/ksiegarnia-akademicka.pl\/index.php\/wp-json\/wp\/v2\/types\/product"}],"wp:featuredmedia":[{"embeddable":true,"href":"https:\/\/ksiegarnia-akademicka.pl\/index.php\/wp-json\/wp\/v2\/media\/16235"}],"wp:attachment":[{"href":"https:\/\/ksiegarnia-akademicka.pl\/index.php\/wp-json\/wp\/v2\/media?parent=16234"}],"wp:term":[{"taxonomy":"product_brand","embeddable":true,"href":"https:\/\/ksiegarnia-akademicka.pl\/index.php\/wp-json\/wp\/v2\/product_brand?post=16234"},{"taxonomy":"product_cat","embeddable":true,"href":"https:\/\/ksiegarnia-akademicka.pl\/index.php\/wp-json\/wp\/v2\/product_cat?post=16234"},{"taxonomy":"product_tag","embeddable":true,"href":"https:\/\/ksiegarnia-akademicka.pl\/index.php\/wp-json\/wp\/v2\/product_tag?post=16234"}],"curies":[{"name":"wp","href":"https:\/\/api.w.org\/{rel}","templated":true}]}}