{"id":16202,"date":"2023-01-25T09:14:24","date_gmt":"2023-01-25T08:14:24","guid":{"rendered":"http:\/\/ksiegarnia-akademicka.pl\/?post_type=product&#038;p=16202"},"modified":"2023-01-25T09:14:25","modified_gmt":"2023-01-25T08:14:25","slug":"finanse-zrownowazone-esg-przedsiebiorstwa-sektor-finansowy","status":"publish","type":"product","link":"https:\/\/ksiegarnia-akademicka.pl\/index.php\/product\/finanse-zrownowazone-esg-przedsiebiorstwa-sektor-finansowy\/","title":{"rendered":"Finanse zr\u00f3wnowa\u017cone ESG &#8211; Przedsi\u0119biorstwa &#8211; Sektor finansowy"},"content":{"rendered":"<p>Redakcja: Janicka Ma\u0142gorzata, Mizio\u0142ek Tomasz<br \/>\nWydawca: PWE<br \/>\nOprawa: Mi\u0119kka<br \/>\nLiczba stron: 316<br \/>\nRok wydania: 2023<br \/>\nJ\u0119zyk wydania: polski<\/p>\n<p>Wymogi zr\u00f3wnowa\u017conej transformacji, kt\u00f3r\u0105 mo\u017cna uzna\u0107 za wyzwanie naszych czas\u00f3w, dotycz\u0105 wszystkich podmiot\u00f3w i sektor\u00f3w gospodarczych dzia\u0142aj\u0105cych w skali zar\u00f3wno makro-, jak i mikroekonomicznej, w wymiarze zar\u00f3wno krajowym, jak i globalnym. Tematyka \u201ezr\u00f3wnowa\u017cenia\u201d (sustainability) funkcjonuje w przestrzeni publicznej od lat, wi\u0119kszo\u015b\u0107 istniej\u0105cych opracowa\u0144 koncentruje si\u0119 jednak na problematyce zielonych finans\u00f3w i na kwestiach \u015brodowiskowych. Szczeg\u00f3lnie dotkliwa luka informacyjna odnosi si\u0119 do \u2013 przez lata niedocenianej \u2013 roli finans\u00f3w w zr\u00f3wnowa\u017conym rozwoju. Bez sektora finansowego rozumiej\u0105cego wyzwania zr\u00f3wnowa\u017conego rozwoju i dzia\u0142aj\u0105cego na jego rzecz trudno wyobrazi\u0107 sobie zr\u00f3wnowa\u017con\u0105 transformacj\u0119 gospodarcz\u0105.<\/p>\n<p>Prezentowana publikacja kompleksowo wype\u0142nia istotn\u0105 luk\u0119 informacyjn\u0105, systematyzuje i poszerza wiedz\u0119 w obszarze zr\u00f3wnowa\u017conych finans\u00f3w w odniesieniu do zar\u00f3wno ESG, jak i przedsi\u0119biorstw oraz sektora finansowego. Monografia adresowana jest do szeroko poj\u0119tego sektora biznesowego (przedsi\u0119biorstw i instytucji finansowych), a tak\u017ce \u015brodowiska naukowego (wyk\u0142adowc\u00f3w i student\u00f3w). Autorzy monografii s\u0105 pracownikami Katedry Finans\u00f3w i Inwestycji Mi\u0119dzynarodowych Uniwersytetu \u0141\u00f3dzkiego oraz Gie\u0142dy Papier\u00f3w Warto\u015bciowych w Warszawie.<\/p>\n","protected":false},"excerpt":{"rendered":"<p>Redakcja: Janicka Ma\u0142gorzata, Mizio\u0142ek Tomasz Wydawca: PWE Oprawa: Mi\u0119kka Liczba [&hellip;]<\/p>\n","protected":false},"featured_media":16203,"template":"","meta":[],"product_brand":[],"product_cat":[17,7516,7499,31,7515],"product_tag":[337,251,361],"class_list":{"0":"post-16202","1":"product","2":"type-product","3":"status-publish","4":"has-post-thumbnail","6":"product_cat-ekonomia","7":"product_cat-finanse-przedsiebiorstwa","8":"product_cat-makro-i-mikroekonomia","9":"product_cat-przedsiebiorstwo","10":"product_cat-zarzadzanie-przedsiebiorstwem","11":"product_tag-ekonomia","12":"product_tag-finanse","13":"product_tag-przedsiebiorstwo","15":"first","16":"instock","17":"sale","18":"shipping-taxable","19":"purchasable","20":"product-type-simple"},"_links":{"self":[{"href":"https:\/\/ksiegarnia-akademicka.pl\/index.php\/wp-json\/wp\/v2\/product\/16202","targetHints":{"allow":["GET"]}}],"collection":[{"href":"https:\/\/ksiegarnia-akademicka.pl\/index.php\/wp-json\/wp\/v2\/product"}],"about":[{"href":"https:\/\/ksiegarnia-akademicka.pl\/index.php\/wp-json\/wp\/v2\/types\/product"}],"wp:featuredmedia":[{"embeddable":true,"href":"https:\/\/ksiegarnia-akademicka.pl\/index.php\/wp-json\/wp\/v2\/media\/16203"}],"wp:attachment":[{"href":"https:\/\/ksiegarnia-akademicka.pl\/index.php\/wp-json\/wp\/v2\/media?parent=16202"}],"wp:term":[{"taxonomy":"product_brand","embeddable":true,"href":"https:\/\/ksiegarnia-akademicka.pl\/index.php\/wp-json\/wp\/v2\/product_brand?post=16202"},{"taxonomy":"product_cat","embeddable":true,"href":"https:\/\/ksiegarnia-akademicka.pl\/index.php\/wp-json\/wp\/v2\/product_cat?post=16202"},{"taxonomy":"product_tag","embeddable":true,"href":"https:\/\/ksiegarnia-akademicka.pl\/index.php\/wp-json\/wp\/v2\/product_tag?post=16202"}],"curies":[{"name":"wp","href":"https:\/\/api.w.org\/{rel}","templated":true}]}}