{"id":16168,"date":"2023-01-23T10:12:40","date_gmt":"2023-01-23T09:12:40","guid":{"rendered":"http:\/\/ksiegarnia-akademicka.pl\/?post_type=product&#038;p=16168"},"modified":"2023-01-23T10:12:41","modified_gmt":"2023-01-23T09:12:41","slug":"prawo-rynku-kapitalowego-tom-i-komentarz","status":"publish","type":"product","link":"https:\/\/ksiegarnia-akademicka.pl\/index.php\/product\/prawo-rynku-kapitalowego-tom-i-komentarz\/","title":{"rendered":"Prawo rynku kapita\u0142owego. Tom I. Komentarz"},"content":{"rendered":"<p>Redakcja: prof. dr hab. Marek Wierzbowski, dr Ludwik Sobolewski, dr hab. Pawe\u0142 Wajda, prof. UW<\/p>\n<p>Autor: prof. dr hab. Miros\u0142aw B\u0105czyk, dr hab. Anna B\u0142achnio-Parzych, prof. ALK, mec. Klaudia Brzezi\u0144ska-Jaromin, Bogus\u0142aw Budzi\u0144ski, dr Marta Burgiel-Bosak, dr Aleksandra Gawrysiak-Zab\u0142ocka, dr Krzysztof Glibowski, mec. Anna Jasku\u0142owska-Ko\u017aliczak, Marta K\u0142osi\u0144ska, mec. Edyta Kniaziowska-Bryk, mec. Katarzyna Krzykwa, Maciej Kurzajewski, mec. Micha\u0142 Lasota, dr Anna Lichosik, dr hab. Marcin J. Menkes, prof. SGH, prof. dr hab. Marek Michalski, Przemys\u0142aw Mroczkowski, dr Rafa\u0142 Mroczkowski, Rafa\u0142 Niedba\u0142a, dr Joanna R\u00f3g-Dyrda, mec. Micha\u0142 St\u0119pniewski, dr Magdalena \u015aliwa-Wajda, mec. Aleksander \u015amidowicz, dr hab. Dominika Wajda, Weronika Wojturska, dr hab. Konrad Zacharzewski, prof. ALK, dr hab. Piotr Zapadka, prof. UKSW , dr hab. Kamil Zaradkiewicz, prof. dr hab. Patrycja Zawadzka<br \/>\nWydawnictwo: C.H. Beck<br \/>\nSeria: Du\u017ce Komentarze Becka<br \/>\nRok wydania: 2022<br \/>\nWydanie: 4<br \/>\nOprawa: Twarda<br \/>\nLiczba stron: 1812<br \/>\nWymiary: 160&#215;240 mm<br \/>\nWaga: 2100 g<br \/>\nISBN: 978-83-8235-211-5<\/p>\n<p>Prawo rynku kapita\u0142owego. Komentarz. Tom I pod redakcj\u0105 prof. dr hab. Marka Wierzbowskiego, dr Ludwika Sobolewskiego oraz dr hab. Paw\u0142a Wajdy, prof. UW stanowi najobszerniejsze na rynku om\u00f3wienie ustawy o obrocie instrumentami finansowymi.<\/p>\n<p>W spos\u00f3b wyczerpuj\u0105cy i zarazem praktyczny pozwala zapozna\u0107 si\u0119 z kwestiami dotycz\u0105cymi m.in.:<\/p>\n<p>zasad, trybu i warunk\u00f3w podejmowania i prowadzenia dzia\u0142alno\u015bci w zakresie obrotu instrumentami finansowymi;<br \/>\npraw i obowi\u0105zk\u00f3w podmiot\u00f3w uczestnicz\u0105cych w obrocie instrumentami finansowymi;<br \/>\norganizacji, zakresu i celu sprawowania nadzoru w zakresie obrotu instrumentami finansowymi.<br \/>\nKomentarz stanowi szczeg\u00f3\u0142owe i kompleksowe om\u00f3wienie wszystkich zagadnie\u0144 w poruszanej tematyce. Czwarte wydanie, uwzgl\u0119dnia r\u00f3wnie\u017c om\u00f3wienie najnowszych zmian, w tym wprowadzonych przez:<\/p>\n<p>ustaw\u0119 z 7.7.2022 r. o finansowaniu spo\u0142eczno\u015bciowym dla przedsi\u0119wzi\u0119\u0107 gospodarczych i pomocy kredytobiorcom;<br \/>\nustaw\u0119 z 1.10.2021 r. o zmianie ustawy o obrocie instrumentami finansowymi oraz niekt\u00f3rych innych ustaw, dostosowuj\u0105cej polskie przepisy do regulacji europejskich. Ustawa m.in. podzieli\u0142a firmy inwestycyjne na trzy kategorie, zmieni\u0142a katalog \u015brodk\u00f3w nadzorczych przys\u0142uguj\u0105cych Komisji Nadzoru Finansowego, wprowadzi\u0142a zmiany w zakresie polityki wynagrodze\u0144 w domach maklerskich oraz wprowadzi\u0142a grupowy test kapita\u0142owy dla prostszych struktur grupowych sk\u0142adaj\u0105cych si\u0119 z firm inwestycyjnych.<br \/>\nPublikacja uwzgl\u0119dnia tak\u017ce planowane zmiany wynikaj\u0105ce z projektu ustawy o zmianie niekt\u00f3rych ustaw w zwi\u0105zku z zapewnieniem rozwoju rynku finansowego oraz ochrony inwestor\u00f3w na tym rynku (RCL, druk UD235), maj\u0105cego na celu uporz\u0105dkowanie i usprawnienie funkcjonowania instytucji rynku finansowego, a tak\u017ce zwi\u0119kszenia poziomu cyfryzacji w realizacji przez Komisj\u0119 Nadzoru Finansowego obowi\u0105zk\u00f3w nadzorczych przez odpowiednie zmiany w zakresie ustaw go reguluj\u0105cych.<\/p>\n","protected":false},"excerpt":{"rendered":"<p>Redakcja: prof. dr hab. Marek Wierzbowski, dr Ludwik Sobolewski, dr [&hellip;]<\/p>\n","protected":false},"featured_media":16169,"template":"","meta":[],"product_brand":[],"product_cat":[7495,18],"product_tag":[428,429,781],"class_list":{"0":"post-16168","1":"product","2":"type-product","3":"status-publish","4":"has-post-thumbnail","6":"product_cat-gospodarcze-i-handlowe","7":"product_cat-prawo","8":"product_tag-prawo-gospodarcze","9":"product_tag-prawo-handlowe","10":"product_tag-seria-duze-komentarze-becka","12":"first","13":"instock","14":"sale","15":"shipping-taxable","16":"purchasable","17":"product-type-simple"},"_links":{"self":[{"href":"https:\/\/ksiegarnia-akademicka.pl\/index.php\/wp-json\/wp\/v2\/product\/16168","targetHints":{"allow":["GET"]}}],"collection":[{"href":"https:\/\/ksiegarnia-akademicka.pl\/index.php\/wp-json\/wp\/v2\/product"}],"about":[{"href":"https:\/\/ksiegarnia-akademicka.pl\/index.php\/wp-json\/wp\/v2\/types\/product"}],"wp:featuredmedia":[{"embeddable":true,"href":"https:\/\/ksiegarnia-akademicka.pl\/index.php\/wp-json\/wp\/v2\/media\/16169"}],"wp:attachment":[{"href":"https:\/\/ksiegarnia-akademicka.pl\/index.php\/wp-json\/wp\/v2\/media?parent=16168"}],"wp:term":[{"taxonomy":"product_brand","embeddable":true,"href":"https:\/\/ksiegarnia-akademicka.pl\/index.php\/wp-json\/wp\/v2\/product_brand?post=16168"},{"taxonomy":"product_cat","embeddable":true,"href":"https:\/\/ksiegarnia-akademicka.pl\/index.php\/wp-json\/wp\/v2\/product_cat?post=16168"},{"taxonomy":"product_tag","embeddable":true,"href":"https:\/\/ksiegarnia-akademicka.pl\/index.php\/wp-json\/wp\/v2\/product_tag?post=16168"}],"curies":[{"name":"wp","href":"https:\/\/api.w.org\/{rel}","templated":true}]}}