{"id":16160,"date":"2023-01-23T09:45:03","date_gmt":"2023-01-23T08:45:03","guid":{"rendered":"http:\/\/ksiegarnia-akademicka.pl\/?post_type=product&#038;p=16160"},"modified":"2023-01-23T09:45:04","modified_gmt":"2023-01-23T08:45:04","slug":"13-wzorcow-dobrej-komunikacji-i-relacji-analiza-transakcyjna-w-praktyce","status":"publish","type":"product","link":"https:\/\/ksiegarnia-akademicka.pl\/index.php\/product\/13-wzorcow-dobrej-komunikacji-i-relacji-analiza-transakcyjna-w-praktyce\/","title":{"rendered":"13 wzorc\u00f3w dobrej komunikacji i relacji. Analiza transakcyjna w praktyce"},"content":{"rendered":"<p>Autor:<br \/>\nMonika Dawid-Sawicka<br \/>\nWydawca: Wolters Kluwer<br \/>\nOprawa: Mi\u0119kka<br \/>\nFormat: 14.8&#215;21.0cm<br \/>\nLiczba stron: 208<br \/>\nWydanie: 1<br \/>\nRok wydania: 2023<br \/>\nJ\u0119zyk wydania: polski<\/p>\n<p>Analiza transakcyjna jest uznan\u0105 na \u015bwiecie koncepcj\u0105 psychologiczn\u0105, kt\u00f3ra ma zastosowanie tam, gdzie pojawia si\u0119 potrzeba rozumienia zjawisk zachodz\u0105cych w relacjach mi\u0119dzy lud\u017ami.<\/p>\n<p>Autorki w praktyczny spos\u00f3b opisuj\u0105 13 wybranych konstrukt\u00f3w analizy transakcyjnej. Ka\u017cdy z nich zilustrowany jest przyk\u0142adami, a uzupe\u0142nieniem tre\u015bci jest zestaw narz\u0119dzi i \u0107wicze\u0144 do samodzielnego wykonania.<\/p>\n<p>Dzi\u0119ki lekturze ksi\u0105\u017cki czytelnik b\u0119dzie m\u00f3g\u0142:<\/p>\n<p>zrozumie\u0107 wzorce zachowa\u0144 \u2013 w\u0142asnych oraz innych os\u00f3b;<br \/>\nprzeanalizowa\u0107 i usprawni\u0107 w\u0142asny styl komunikowania si\u0119;<br \/>\npozna\u0107 mechanizmy gier psychologicznych w \u017cyciu prywatnym i zawodowym;<br \/>\nzastosowa\u0107 rozwi\u0105zania wspieraj\u0105ce wsp\u00f3\u0142prac\u0119 i budowanie dobrych relacji.<\/p>\n<p>W publikacji mo\u017cna odnale\u017a\u0107 narz\u0119dzia do wykorzystania w codziennych sytuacjach zawodowych, takich jak: prowadzenie skutecznych rozm\u00f3w, rozwi\u0105zywanie konflikt\u00f3w, motywowanie czy wsp\u00f3\u0142praca w zespole.<\/p>\n<p>Pozycja jest przeznaczona dla manager\u00f3w, przedsi\u0119biorc\u00f3w, pracownik\u00f3w dzia\u0142\u00f3w HR oraz wszystkich tych, kt\u00f3rzy pracuj\u0105 w obszarach: edukacji, biznesu, coachingu czy szkole\u0144. Zaciekawi tak\u017ce wszystkich, kt\u00f3rzy s\u0105 zainteresowani rozwojem osobistym.<\/p>\n<p>\u201eNapisana przez praktyk\u00f3w dla praktyk\u00f3w. Ksi\u0105\u017cka zawiera liczne przyk\u0142ady zaczerpni\u0119te z polskich organizacji pozwalaj\u0105ce zobaczy\u0107 u\u017cyteczno\u015b\u0107 za\u0142o\u017ce\u0144 analizy transakcyjnej w r\u00f3\u017cnych sytuacjach biznesowych. Koncentruje si\u0119 na przestrzeni biznesowej, jednak znajdziemy w niej tak\u017ce trafne odwo\u0142ania do naszego codziennego funkcjonowania\u201d.<\/p>\n<p>Agnieszka Wo\u015b-Szymanowska psycholog, konsultantka biznesowa, tw\u00f3rczyni bloga analiza-transakcyjna.pl<\/p>\n<p> \u201eNa polskim rynku wydawniczym brakuje ksi\u0105\u017cki, kt\u00f3ra w spos\u00f3b zrozumia\u0142y dla nie-praktyka analizy transakcyjnej, przybli\u017ca koncept i konstrukty tej teorii psychologii. Autorki w spos\u00f3b nadaj\u0105cy si\u0119 do natychmiastowego zaimplementowania opisa\u0142y najwa\u017cniejsze elementy analizy transakcyjnej. Forma i tre\u015bci tu opisane, pozwalaj\u0105 na skuteczne zastosowanie rozwi\u0105za\u0144 w swoim codziennym \u017cyciu\u201d.<\/p>\n<p>Kamila P\u0119piak-Kowalska wyk\u0142adowczyni, konsultantka biznesowa, coach<\/p>\n","protected":false},"excerpt":{"rendered":"<p>Autor: Monika Dawid-Sawicka Wydawca: Wolters Kluwer Oprawa: Mi\u0119kka Format: 14.8&#215;21.0cm [&hellip;]<\/p>\n","protected":false},"featured_media":16161,"template":"","meta":[],"product_brand":[],"product_cat":[27,7509],"product_tag":[1186,1659],"class_list":{"0":"post-16160","1":"product","2":"type-product","3":"status-publish","4":"has-post-thumbnail","6":"product_cat-nauki-spoleczne","7":"product_cat-psychologia","8":"product_tag-psychologia","9":"product_tag-psychoterapia","11":"first","12":"instock","13":"sale","14":"shipping-taxable","15":"purchasable","16":"product-type-simple"},"_links":{"self":[{"href":"https:\/\/ksiegarnia-akademicka.pl\/index.php\/wp-json\/wp\/v2\/product\/16160","targetHints":{"allow":["GET"]}}],"collection":[{"href":"https:\/\/ksiegarnia-akademicka.pl\/index.php\/wp-json\/wp\/v2\/product"}],"about":[{"href":"https:\/\/ksiegarnia-akademicka.pl\/index.php\/wp-json\/wp\/v2\/types\/product"}],"wp:featuredmedia":[{"embeddable":true,"href":"https:\/\/ksiegarnia-akademicka.pl\/index.php\/wp-json\/wp\/v2\/media\/16161"}],"wp:attachment":[{"href":"https:\/\/ksiegarnia-akademicka.pl\/index.php\/wp-json\/wp\/v2\/media?parent=16160"}],"wp:term":[{"taxonomy":"product_brand","embeddable":true,"href":"https:\/\/ksiegarnia-akademicka.pl\/index.php\/wp-json\/wp\/v2\/product_brand?post=16160"},{"taxonomy":"product_cat","embeddable":true,"href":"https:\/\/ksiegarnia-akademicka.pl\/index.php\/wp-json\/wp\/v2\/product_cat?post=16160"},{"taxonomy":"product_tag","embeddable":true,"href":"https:\/\/ksiegarnia-akademicka.pl\/index.php\/wp-json\/wp\/v2\/product_tag?post=16160"}],"curies":[{"name":"wp","href":"https:\/\/api.w.org\/{rel}","templated":true}]}}