{"id":16150,"date":"2023-01-23T09:13:55","date_gmt":"2023-01-23T08:13:55","guid":{"rendered":"http:\/\/ksiegarnia-akademicka.pl\/?post_type=product&#038;p=16150"},"modified":"2023-01-23T09:13:55","modified_gmt":"2023-01-23T08:13:55","slug":"jalowy-pieniadz-tom-2-historia-kapitalizmu-jako-konfliktu-miedzy-praca-a-lichwa-tytul-tomu-od-merkantylizmu-do-marksa","status":"publish","type":"product","link":"https:\/\/ksiegarnia-akademicka.pl\/index.php\/product\/jalowy-pieniadz-tom-2-historia-kapitalizmu-jako-konfliktu-miedzy-praca-a-lichwa-tytul-tomu-od-merkantylizmu-do-marksa\/","title":{"rendered":"Ja\u0142owy pieni\u0105dz Tom 2 Historia kapitalizmu jako konfliktu mi\u0119dzy prac\u0105 a lichw\u0105 Tytu\u0142 tomu: Od Merkantylizmu do Marksa"},"content":{"rendered":"<p>Autor:<br \/>\nJones E. Michael<br \/>\nT\u0142umacze: Przyby\u0142 Jan, Gawlik Karolina, Morka Jerzy<br \/>\nWydawca: Wektory<br \/>\nOprawa: Mi\u0119kka<br \/>\nFormat: 16.0&#215;23.0cm<br \/>\nLiczba stron: 480<br \/>\nRok wydania: 2023<br \/>\nJ\u0119zyk wydania: polski<\/p>\n<p>W drugim tomie ksi\u0105\u017cki Ja\u0142owy pieni\u0105dz autor omawia mi\u0119dzy innymi: rozwi\u0105zania i podstawy ideowe, towarzysz\u0105ce b\u0142yskotliwemu rozwojowi przedsi\u0119biorstw, jakim by\u0142y redukcje prowadzone przez misjonarzy jezuickich w Ameryce Po\u0142udniowej; kapitalistyczne przyczyny kasaty zakonu Jezuit\u00f3w; ekonomiczny aspekt wybuchu dw\u00f3ch rewolucji tzw. chwalebnej i francuskiej; pierwsze eksperymenty in\u017cynierii spo\u0142ecznej przeprowadzane w celu uformowania nowego otwartego spo\u0142ecze\u0144stwa kapitalistycznego wg. wizji wigowskiej; zagadnienia zwi\u0105zane z gospodarcz\u0105 emancypacj\u0105 \u017byd\u00f3w w epoce napoleo\u0144skiej; zwyci\u0119ski marsz rodziny Rotszyld\u00f3w po prymat w europejskim \u015bwiecie finansjery (Meyer Amschel Rotszyld jako archetyp postaci Mefistofelesa w Fau\u015bcie Wolfganga Goethego); ostateczne uprawomocnienie zjawiska lichwy, jako fundamentu kapitalizmu.<\/p>\n<p>Jones opisuje i opiniuje tocz\u0105cy si\u0119 w XIX wieku sp\u00f3r pomi\u0119dzy, opart\u0105 o newtonowsk\u0105 fizyk\u0119 i empiryczne teorie Davida Hume&#8217;a, koncepcj\u0105 gospodarcz\u0105 samoreguluj\u0105cego si\u0119 rynku, kt\u00f3rej g\u0142\u00f3wnym architektem by\u0142 Adam Smith, a rozwijan\u0105 na kontynencie germa\u0144sk\u0105 ide\u0105 gospodarki, opartej o idee narodowej solidarno\u015bci i mocnej roli pa\u0144stwa. Ta druga tradycja ekonomiczna, kt\u00f3rej motorem by\u0142 racjonalizm Immanuela Kanta, jak twierdzi Jones: zosta\u0142a brutalnie przerwana przez wnuka rabina z Trewiru, chodzi oczywi\u015bcie o Karola Marksa. Jak pisze autor: Intelektualna alchemia, za spraw\u0105 kt\u00f3rej Karol Marks sta\u0142 si\u0119 antysemit\u0105 oraz \u017cydowskim rewolucjonist\u0105, na pierwszy rzut oka mo\u017ce wyda\u0107 si\u0119 czym\u015b niezwyk\u0142ym, ale zwa\u017cywszy na nurty my\u015bli tamtych czas\u00f3w, tak\u017ce nietrudna do przewidzenia. To samo o\u015bwiecenie, kt\u00f3re w przypadku chrze\u015bcija\u0144stwa zanegowa\u0142o wszelkie obyczaje i przekonania religijne, sprowadzi\u0142o judaizm do jego ontologicznego rdzenia, czyli odrzucenia logosu, czego ukoronowaniem jest rewolucja.<\/p>\n","protected":false},"excerpt":{"rendered":"<p>Autor: Jones E. Michael T\u0142umacze: Przyby\u0142 Jan, Gawlik Karolina, Morka [&hellip;]<\/p>\n","protected":false},"featured_media":16151,"template":"","meta":[],"product_brand":[],"product_cat":[17,7498],"product_tag":[337,3402],"class_list":{"0":"post-16150","1":"product","2":"type-product","3":"status-publish","4":"has-post-thumbnail","6":"product_cat-ekonomia","7":"product_cat-teoria-ekonomii","8":"product_tag-ekonomia","9":"product_tag-teoria-ekonomii","11":"first","12":"instock","13":"sale","14":"shipping-taxable","15":"purchasable","16":"product-type-simple"},"_links":{"self":[{"href":"https:\/\/ksiegarnia-akademicka.pl\/index.php\/wp-json\/wp\/v2\/product\/16150","targetHints":{"allow":["GET"]}}],"collection":[{"href":"https:\/\/ksiegarnia-akademicka.pl\/index.php\/wp-json\/wp\/v2\/product"}],"about":[{"href":"https:\/\/ksiegarnia-akademicka.pl\/index.php\/wp-json\/wp\/v2\/types\/product"}],"wp:featuredmedia":[{"embeddable":true,"href":"https:\/\/ksiegarnia-akademicka.pl\/index.php\/wp-json\/wp\/v2\/media\/16151"}],"wp:attachment":[{"href":"https:\/\/ksiegarnia-akademicka.pl\/index.php\/wp-json\/wp\/v2\/media?parent=16150"}],"wp:term":[{"taxonomy":"product_brand","embeddable":true,"href":"https:\/\/ksiegarnia-akademicka.pl\/index.php\/wp-json\/wp\/v2\/product_brand?post=16150"},{"taxonomy":"product_cat","embeddable":true,"href":"https:\/\/ksiegarnia-akademicka.pl\/index.php\/wp-json\/wp\/v2\/product_cat?post=16150"},{"taxonomy":"product_tag","embeddable":true,"href":"https:\/\/ksiegarnia-akademicka.pl\/index.php\/wp-json\/wp\/v2\/product_tag?post=16150"}],"curies":[{"name":"wp","href":"https:\/\/api.w.org\/{rel}","templated":true}]}}