{"id":16140,"date":"2023-01-23T08:50:49","date_gmt":"2023-01-23T07:50:49","guid":{"rendered":"http:\/\/ksiegarnia-akademicka.pl\/?post_type=product&#038;p=16140"},"modified":"2024-12-05T09:05:54","modified_gmt":"2024-12-05T08:05:54","slug":"rola-terenowych-organow-administracji-publicznej-w-zapewnianiu-bezpieczenstwa-i-porzadku-publicznego","status":"publish","type":"product","link":"https:\/\/ksiegarnia-akademicka.pl\/index.php\/product\/rola-terenowych-organow-administracji-publicznej-w-zapewnianiu-bezpieczenstwa-i-porzadku-publicznego\/","title":{"rendered":"Rola terenowych organ\u00f3w administracji publicznej w zapewnianiu bezpiecze\u0144stwa i porz\u0105dku publicznego"},"content":{"rendered":"<p>Autor:<br \/>\nMarcin Jurgilewicz<br \/>\nRedakcja: Difin<br \/>\nWydawca: Difin<br \/>\nOprawa: Mi\u0119kka<br \/>\nLiczba stron: 326<br \/>\nRok wydania: 2023<br \/>\nJ\u0119zyk wydania: polski<\/p>\n<p>Monografia zosta\u0142a po\u015bwi\u0119cona problematyce funkcjonowania terenowej administracji publicznej w sferze zapewniania bezpiecze\u0144stwa i porz\u0105dku publicznego. Szczeg\u00f3lna uwaga skupiona jest na organizacyjno-instytucjonalnych oraz administracyjnoprawnych aspektach dzia\u0142ania organ\u00f3w i podmiot\u00f3w tego szczebla w omawianym zakresie oraz zagro\u017ce\u0144 i wyzwa\u0144, jakie wsp\u00f3\u0142cze\u015bnie s\u0105 dostrzegalne w tej sferze. W opracowaniu skoncentrowano si\u0119 na zadaniach i zakresie kompetencji terenowej administracji publicznej okre\u015blonych dla dzia\u0142a\u0144 ukierunkowanych na zapewnianie bezpiecze\u0144stwa i porz\u0105dku publicznego w ramach systemu prawnego obowi\u0105zuj\u0105cego na terenie Rzeczypospolitej Polskiej.<\/p>\n","protected":false},"excerpt":{"rendered":"<p>Autor: Marcin Jurgilewicz Redakcja: Difin Wydawca: Difin Oprawa: Mi\u0119kka Liczba [&hellip;]<\/p>\n","protected":false},"featured_media":16141,"template":"","meta":[],"product_brand":[],"product_cat":[7492,18,7494],"product_tag":[585,4980,486],"class_list":{"0":"post-16140","1":"product","2":"type-product","3":"status-publish","4":"has-post-thumbnail","6":"product_cat-administracyjne","7":"product_cat-prawo","8":"product_cat-samorzad-terytorialny","9":"product_tag-administracja-publiczna","10":"product_tag-bezpieczenstwo-publiczne","11":"product_tag-samorzad-terytorialny","13":"first","14":"instock","15":"sale","16":"shipping-taxable","17":"purchasable","18":"product-type-simple"},"_links":{"self":[{"href":"https:\/\/ksiegarnia-akademicka.pl\/index.php\/wp-json\/wp\/v2\/product\/16140","targetHints":{"allow":["GET"]}}],"collection":[{"href":"https:\/\/ksiegarnia-akademicka.pl\/index.php\/wp-json\/wp\/v2\/product"}],"about":[{"href":"https:\/\/ksiegarnia-akademicka.pl\/index.php\/wp-json\/wp\/v2\/types\/product"}],"wp:featuredmedia":[{"embeddable":true,"href":"https:\/\/ksiegarnia-akademicka.pl\/index.php\/wp-json\/wp\/v2\/media\/16141"}],"wp:attachment":[{"href":"https:\/\/ksiegarnia-akademicka.pl\/index.php\/wp-json\/wp\/v2\/media?parent=16140"}],"wp:term":[{"taxonomy":"product_brand","embeddable":true,"href":"https:\/\/ksiegarnia-akademicka.pl\/index.php\/wp-json\/wp\/v2\/product_brand?post=16140"},{"taxonomy":"product_cat","embeddable":true,"href":"https:\/\/ksiegarnia-akademicka.pl\/index.php\/wp-json\/wp\/v2\/product_cat?post=16140"},{"taxonomy":"product_tag","embeddable":true,"href":"https:\/\/ksiegarnia-akademicka.pl\/index.php\/wp-json\/wp\/v2\/product_tag?post=16140"}],"curies":[{"name":"wp","href":"https:\/\/api.w.org\/{rel}","templated":true}]}}