{"id":16105,"date":"2023-01-17T10:47:42","date_gmt":"2023-01-17T09:47:42","guid":{"rendered":"http:\/\/ksiegarnia-akademicka.pl\/?post_type=product&#038;p=16105"},"modified":"2024-12-05T09:06:32","modified_gmt":"2024-12-05T08:06:32","slug":"interwencyjna-polityka-panstwa-na-rynku-pracy-po-2004-r","status":"publish","type":"product","link":"https:\/\/ksiegarnia-akademicka.pl\/index.php\/product\/interwencyjna-polityka-panstwa-na-rynku-pracy-po-2004-r\/","title":{"rendered":"Interwencyjna polityka pa\u0144stwa na rynku pracy po 2004 r."},"content":{"rendered":"<p>Autor:<br \/>\nEwa Flaszy\u0144ska<br \/>\nWydawca: Aspra<br \/>\nOprawa: Twarda<br \/>\nLiczba stron: 224<br \/>\nRok wydania: 2023<br \/>\nJ\u0119zyk wydania: polski<\/p>\n<p>Ksi\u0105\u017cka napisana przez Pani\u0105 dr Ew\u0119 Flaszy\u0144sk\u0105 dotyczy zagadnienia o du\u017cej donios\u0142o\u015bci teoretycznej i praktycznej. To, w jakim zakresie i przy u\u017cyciu jakich instrument\u00f3w pa\u0144stwo mo\u017ce lub powinno wp\u0142ywa\u0107 na rynek pracy, by\u0142o i jest przedmiotem rozwa\u017ca\u0144 teoretyk\u00f3w my\u015bli ekonomicznej. (\u2026) Szczeg\u00f3\u0142owa analiza przeprowadzona w rozdzia\u0142ach merytorycznych pracy pozwoli\u0142a Autorce na sformu\u0142owanie w zako\u0144czeniu interesuj\u0105cych i dojrza\u0142ych wniosk\u00f3w dotycz\u0105cych oceny podej\u015bcia polskiego pa\u0144stwa do przeciwdzia\u0142ania bezrobociu zar\u00f3wno w normalnej sytuacji gospodarczej, jak i w warunkach nag\u0142ego kryzysu gospodarczego. Potwierdzaj\u0105 one tez\u0119 o dobrym przygotowaniu polskiej administracji rynku pracy do wyzwa\u0144, jakie stawia przed nimi sytuacja na rynku pracy.<br \/>\nZ recenzji dr. hab. Marcina Zielenieckiego, Prof. Uniwersytetu Gda\u0144skiego<\/p>\n<p>Ksi\u0105\u017cka dr Ewy Flaszy\u0144skiej (\u2026) to warto\u015bciowa pozycja, kt\u00f3rej dotychczas brakowa\u0142o w literaturze przedmiotu. Pani dr Flaszy\u0144ska podejmuje si\u0119 analizy polityki rynku pracy po 2004 roku w Polsce, w tym odnosi si\u0119 do dzia\u0142a\u0144 interwencyjnych podejmowanych w trakcie pandemii SARS-CoV-2. Trzeci rozdzia\u0142, kt\u00f3ry dotyczy interwencjonizmu pa\u0144stwa w okresie pandemii, jest warto\u015bci\u0105 dodan\u0105 sam\u0105 w sobie.<br \/>\nZ recenzji dr hab. Ewy Ga\u0142eckiej-Burdziak, Prof. Szko\u0142y G\u0142\u00f3wnej Handlowej w Warszawie<\/p>\n","protected":false},"excerpt":{"rendered":"<p>Autor: Ewa Flaszy\u0144ska Wydawca: Aspra Oprawa: Twarda Liczba stron: 224 [&hellip;]<\/p>\n","protected":false},"featured_media":16106,"template":"","meta":[],"product_brand":[],"product_cat":[17,7499,24],"product_tag":[755,1216],"class_list":{"0":"post-16105","1":"product","2":"type-product","3":"status-publish","4":"has-post-thumbnail","6":"product_cat-ekonomia","7":"product_cat-makro-i-mikroekonomia","8":"product_cat-polityka-gospodarcza","9":"product_tag-polityka-gospodarcza","10":"product_tag-rynek-pracy","12":"first","13":"instock","14":"sale","15":"shipping-taxable","16":"purchasable","17":"product-type-simple"},"_links":{"self":[{"href":"https:\/\/ksiegarnia-akademicka.pl\/index.php\/wp-json\/wp\/v2\/product\/16105","targetHints":{"allow":["GET"]}}],"collection":[{"href":"https:\/\/ksiegarnia-akademicka.pl\/index.php\/wp-json\/wp\/v2\/product"}],"about":[{"href":"https:\/\/ksiegarnia-akademicka.pl\/index.php\/wp-json\/wp\/v2\/types\/product"}],"wp:featuredmedia":[{"embeddable":true,"href":"https:\/\/ksiegarnia-akademicka.pl\/index.php\/wp-json\/wp\/v2\/media\/16106"}],"wp:attachment":[{"href":"https:\/\/ksiegarnia-akademicka.pl\/index.php\/wp-json\/wp\/v2\/media?parent=16105"}],"wp:term":[{"taxonomy":"product_brand","embeddable":true,"href":"https:\/\/ksiegarnia-akademicka.pl\/index.php\/wp-json\/wp\/v2\/product_brand?post=16105"},{"taxonomy":"product_cat","embeddable":true,"href":"https:\/\/ksiegarnia-akademicka.pl\/index.php\/wp-json\/wp\/v2\/product_cat?post=16105"},{"taxonomy":"product_tag","embeddable":true,"href":"https:\/\/ksiegarnia-akademicka.pl\/index.php\/wp-json\/wp\/v2\/product_tag?post=16105"}],"curies":[{"name":"wp","href":"https:\/\/api.w.org\/{rel}","templated":true}]}}