{"id":16103,"date":"2023-01-17T10:44:43","date_gmt":"2023-01-17T09:44:43","guid":{"rendered":"http:\/\/ksiegarnia-akademicka.pl\/?post_type=product&#038;p=16103"},"modified":"2023-01-17T10:44:44","modified_gmt":"2023-01-17T09:44:44","slug":"zasilki-zapomogi-pozyczki-i-inne-swiadczenia-jak-uzyskac-pomoc-pieniezna-w-2023-r","status":"publish","type":"product","link":"https:\/\/ksiegarnia-akademicka.pl\/index.php\/product\/zasilki-zapomogi-pozyczki-i-inne-swiadczenia-jak-uzyskac-pomoc-pieniezna-w-2023-r\/","title":{"rendered":"Zasi\u0142ki, zapomogi, po\u017cyczki i inne \u015bwiadczenia Jak uzyska\u0107 pomoc pieni\u0119\u017cn\u0105 w 2023 r."},"content":{"rendered":"<p>Autor:<br \/>\nMagdalena Kasprzak<br \/>\nJoanna Nowicka<br \/>\nWydawca: Infor<br \/>\nOprawa: Kartonowa Foliowana<br \/>\nFormat: 16.5&#215;23.5cm<br \/>\nLiczba stron: 164<br \/>\nRok wydania: 2023<br \/>\nJ\u0119zyk wydania: polski<\/p>\n<p>W dobie szalej\u0105cej inflacji ka\u017cda pomoc jest cenna. Warto wi\u0119c wiedzie\u0107, jakie istniej\u0105 mo\u017cliwo\u015bci uzyskania \u015bwiadcze\u0144 pieni\u0119\u017cnych z bud\u017cetu pa\u0144stwa. Cz\u0119\u015b\u0107 z nich przys\u0142uguje osobom najbardziej potrzebuj\u0105cym \u2013 osi\u0105gaj\u0105cym najni\u017csze dochody lub w og\u00f3le ich pozbawionym (np. zasi\u0142ek sta\u0142y). Istniej\u0105 jednak tak\u017ce i takie \u015bwiadczenia, o kt\u00f3re mo\u017cna si\u0119 ubiega\u0107 niezale\u017cnie od zarobk\u00f3w (np. grupa \u015bwiadcze\u0144 rodzinnych \u201ena dzieci\u201d, w tym m.in. 500+ oraz \u017c\u0142obkowe+).<br \/>\nW publikacji wyja\u015bniono zasady ubiegania si\u0119 o:<br \/>\n1)    \u015bwiadczenia z pomocy spo\u0142ecznej (zasi\u0142ek sta\u0142y, zasi\u0142ek okresowy, zasi\u0142ek celowy i specjalny zasi\u0142ek celowy, zasi\u0142ek i po\u017cyczk\u0119 na ekonomiczne usamodzielnienie, pomoc na usamodzielnienie oraz na kontynuowanie nauki, \u015bwiadczenie pieni\u0119\u017cne na utrzymanie i pokrycie wydatk\u00f3w zwi\u0105zanych z nauk\u0105 j\u0119zyka polskiego dla cudzoziemc\u00f3w, wynagrodzenie nale\u017cne opiekunowi z tytu\u0142u sprawowania opieki przyznane przez s\u0105d);<br \/>\n2)    \u015bwiadczenia rodzinne (zasi\u0142ek rodzinny oraz dodatki do niego, jednorazow\u0105 zapomog\u0119 z tytu\u0142u urodzenia si\u0119 dziecka, \u015bwiadczenia opieku\u0144cze, \u015bwiadczenia rodzicielskie);<br \/>\n3)    \u015bwiadczenie \u201eDobry start\u201d (300 plus);<br \/>\n4)    dofinansowanie pobytu w \u017c\u0142obku (\u017c\u0142obkowe 400 plus);<br \/>\n5)    \u015bwiadczenie wychowawcze (500 plus);<br \/>\n6)    \u015bwiadczenia z funduszu alimentacyjnego.<br \/>\nW poradniku przedstawiono pe\u0142ny proces ubiegania si\u0119 o \u015bwiadczenia \u2013 pocz\u0105wszy od zakre\u015blenia kr\u0119gu os\u00f3b uprawnionych, przez okre\u015blenie wysoko\u015bci zasi\u0142ku, okresu pobierania, warunk\u00f3w pozwalaj\u0105cych na jego uzyskanie, a\u017c do wskazania, gdzie i jak mo\u017cna go uzyska\u0107 oraz jak udokumentowa\u0107 swoje prawo do tego rodzaju pomocy. Ca\u0142o\u015b\u0107 zosta\u0142a uzupe\u0142niona wzorami formularzy i wniosk\u00f3w. W publikacji uwzgl\u0119dniono tak\u017ce problematyk\u0119 dotycz\u0105c\u0105 cudzoziemc\u00f3w.<\/p>\n","protected":false},"excerpt":{"rendered":"<p>Autor: Magdalena Kasprzak Joanna Nowicka Wydawca: Infor Oprawa: Kartonowa Foliowana [&hellip;]<\/p>\n","protected":false},"featured_media":16104,"template":"","meta":[],"product_brand":[],"product_cat":[7994,18,7550,23,30,7513],"product_tag":[735,6185,793],"class_list":{"0":"post-16103","1":"product","2":"type-product","3":"status-publish","4":"has-post-thumbnail","6":"product_cat-poradniki","7":"product_cat-prawo","8":"product_cat-prawo-pracy","9":"product_cat-rachunkowosc","10":"product_cat-zarzadzanie","11":"product_cat-zarzadzanie-zasobami-ludzkimi","12":"product_tag-kadry","13":"product_tag-place","14":"product_tag-prawo-pracy","16":"first","17":"instock","18":"sale","19":"shipping-taxable","20":"purchasable","21":"product-type-simple"},"_links":{"self":[{"href":"https:\/\/ksiegarnia-akademicka.pl\/index.php\/wp-json\/wp\/v2\/product\/16103","targetHints":{"allow":["GET"]}}],"collection":[{"href":"https:\/\/ksiegarnia-akademicka.pl\/index.php\/wp-json\/wp\/v2\/product"}],"about":[{"href":"https:\/\/ksiegarnia-akademicka.pl\/index.php\/wp-json\/wp\/v2\/types\/product"}],"wp:featuredmedia":[{"embeddable":true,"href":"https:\/\/ksiegarnia-akademicka.pl\/index.php\/wp-json\/wp\/v2\/media\/16104"}],"wp:attachment":[{"href":"https:\/\/ksiegarnia-akademicka.pl\/index.php\/wp-json\/wp\/v2\/media?parent=16103"}],"wp:term":[{"taxonomy":"product_brand","embeddable":true,"href":"https:\/\/ksiegarnia-akademicka.pl\/index.php\/wp-json\/wp\/v2\/product_brand?post=16103"},{"taxonomy":"product_cat","embeddable":true,"href":"https:\/\/ksiegarnia-akademicka.pl\/index.php\/wp-json\/wp\/v2\/product_cat?post=16103"},{"taxonomy":"product_tag","embeddable":true,"href":"https:\/\/ksiegarnia-akademicka.pl\/index.php\/wp-json\/wp\/v2\/product_tag?post=16103"}],"curies":[{"name":"wp","href":"https:\/\/api.w.org\/{rel}","templated":true}]}}