{"id":16091,"date":"2023-01-17T09:13:13","date_gmt":"2023-01-17T08:13:13","guid":{"rendered":"http:\/\/ksiegarnia-akademicka.pl\/?post_type=product&#038;p=16091"},"modified":"2023-01-17T09:13:14","modified_gmt":"2023-01-17T08:13:14","slug":"unikanie-opodatkowania-w-orzecznictwie-sadow-administracyjnych","status":"publish","type":"product","link":"https:\/\/ksiegarnia-akademicka.pl\/index.php\/product\/unikanie-opodatkowania-w-orzecznictwie-sadow-administracyjnych\/","title":{"rendered":"Unikanie opodatkowania w orzecznictwie s\u0105d\u00f3w administracyjnych"},"content":{"rendered":"<p>Autor:<br \/>\nDominik J. Gajewski<br \/>\nWydawca: Wolters Kluwer<br \/>\nOprawa: Twarda<br \/>\nFormat: 17.6&#215;25.0cm<br \/>\nLiczba stron: 284<br \/>\nWydanie: 1<br \/>\nRok wydania: 2023<\/p>\n<p>Publikacja omawia problematyk\u0119 zjawiska unikania opodatkowania w \u015bwietle orzecznictwa s\u0105d\u00f3w administracyjnych. Podstawowym za\u0142o\u017ceniem badawczym by\u0142o obj\u0119cie analiz\u0105 wszystkich orzecze\u0144 wydanych przez s\u0105dy administracyjne dotycz\u0105cych podatku dochodowego od os\u00f3b prawnych we wskazanym zakresie. Interpretacja zosta\u0142a dokonana w wielu aspektach, m.in.: 1) z punktu widzenia wp\u0142ywu orzecznictwa na zmiany legislacyjne w zakresie ustawodawstwa podatkowego; 2) wp\u0142ywu uchwa\u0142 Naczelnego S\u0105du Administracyjnego na rozstrzygni\u0119cia wojew\u00f3dzkich s\u0105d\u00f3w administracyjnych w zakresie unikania opodatkowania; 3) wyselekcjonowania najwa\u017cniejszych trend\u00f3w orzeczniczych w zakresie cen transferowych, jak r\u00f3wnie\u017c um\u00f3w o unikaniu podw\u00f3jnego opodatkowania.<\/p>\n<p>W ksi\u0105\u017cce zamieszczono schematy, wykresy i tabele zawieraj\u0105ce dane statystyczne ilustruj\u0105ce r\u00f3\u017cne zjawiska i procesy zachodz\u0105ce w orzecznictwie s\u0105d\u00f3w administracyjnych, kt\u00f3re stanowi\u0105 warto\u015bciowe wsparcie merytoryczne dla czytelnika.<\/p>\n<p>Publikacja jest przeznaczona przede wszystkim dla praktyk\u00f3w \u2013 doradc\u00f3w podatkowych, adwokat\u00f3w, radc\u00f3w prawnych i s\u0119dzi\u00f3w. Zainteresuje r\u00f3wnie\u017c prokurator\u00f3w zajmuj\u0105cych si\u0119 przest\u0119pstwami podatkowymi, przedstawicieli administracji skarbowej, ekonomist\u00f3w, ksi\u0119gowych, a tak\u017ce dyrektor\u00f3w finansowych. B\u0119dzie te\u017c cennym \u017ar\u00f3d\u0142em informacji dla pracownik\u00f3w naukowych.<\/p>\n","protected":false},"excerpt":{"rendered":"<p>Autor: Dominik J. Gajewski Wydawca: Wolters Kluwer Oprawa: Twarda Format: [&hellip;]<\/p>\n","protected":false},"featured_media":16092,"template":"","meta":[],"product_brand":[],"product_cat":[7492,22,18],"product_tag":[485,1055],"class_list":{"0":"post-16091","1":"product","2":"type-product","3":"status-publish","4":"has-post-thumbnail","6":"product_cat-administracyjne","7":"product_cat-podatki-i-prawo-podatkowe","8":"product_cat-prawo","9":"product_tag-prawo-administracyjne","10":"product_tag-prawo-podatkowe","12":"first","13":"instock","14":"sale","15":"shipping-taxable","16":"purchasable","17":"product-type-simple"},"_links":{"self":[{"href":"https:\/\/ksiegarnia-akademicka.pl\/index.php\/wp-json\/wp\/v2\/product\/16091","targetHints":{"allow":["GET"]}}],"collection":[{"href":"https:\/\/ksiegarnia-akademicka.pl\/index.php\/wp-json\/wp\/v2\/product"}],"about":[{"href":"https:\/\/ksiegarnia-akademicka.pl\/index.php\/wp-json\/wp\/v2\/types\/product"}],"wp:featuredmedia":[{"embeddable":true,"href":"https:\/\/ksiegarnia-akademicka.pl\/index.php\/wp-json\/wp\/v2\/media\/16092"}],"wp:attachment":[{"href":"https:\/\/ksiegarnia-akademicka.pl\/index.php\/wp-json\/wp\/v2\/media?parent=16091"}],"wp:term":[{"taxonomy":"product_brand","embeddable":true,"href":"https:\/\/ksiegarnia-akademicka.pl\/index.php\/wp-json\/wp\/v2\/product_brand?post=16091"},{"taxonomy":"product_cat","embeddable":true,"href":"https:\/\/ksiegarnia-akademicka.pl\/index.php\/wp-json\/wp\/v2\/product_cat?post=16091"},{"taxonomy":"product_tag","embeddable":true,"href":"https:\/\/ksiegarnia-akademicka.pl\/index.php\/wp-json\/wp\/v2\/product_tag?post=16091"}],"curies":[{"name":"wp","href":"https:\/\/api.w.org\/{rel}","templated":true}]}}