{"id":16032,"date":"2023-01-16T09:17:25","date_gmt":"2023-01-16T08:17:25","guid":{"rendered":"http:\/\/ksiegarnia-akademicka.pl\/?post_type=product&#038;p=16032"},"modified":"2023-01-16T09:17:25","modified_gmt":"2023-01-16T08:17:25","slug":"czynniki-migracji-zarobkowych-w-swietle-emigracji-polakow-do-wielkiej-brytanii-po-akcesji-polski-do-ue","status":"publish","type":"product","link":"https:\/\/ksiegarnia-akademicka.pl\/index.php\/product\/czynniki-migracji-zarobkowych-w-swietle-emigracji-polakow-do-wielkiej-brytanii-po-akcesji-polski-do-ue\/","title":{"rendered":"Czynniki migracji zarobkowych w \u015bwietle emigracji Polak\u00f3w do Wielkiej Brytanii po akcesji Polski do UE"},"content":{"rendered":"<p>Autor:<br \/>\nMicha\u0142 Schwabe<br \/>\nWydawca: Wolters Kluwer<br \/>\nOprawa: Mi\u0119kka<br \/>\nFormat: 14.8&#215;21.0cm<br \/>\nLiczba stron: 192<br \/>\nWydanie: 1<br \/>\nRok wydania: 2023<\/p>\n<p>Publikacja porusza tematyk\u0119 migracji Polak\u00f3w do Wielkiej Brytanii w latach 2004\u20132016. Autor analizuje czynniki decyduj\u0105ce o wyborze Wielkiej Brytanii jako kraju docelowego, takie jak m.in.: r\u00f3\u017cnice p\u0142acowe, koszty podr\u00f3\u017cy i utrzymania, ryzyko braku zatrudnienia.<\/p>\n","protected":false},"excerpt":{"rendered":"<p>Autor: Micha\u0142 Schwabe Wydawca: Wolters Kluwer Oprawa: Mi\u0119kka Format: 14.8&#215;21.0cm [&hellip;]<\/p>\n","protected":false},"featured_media":16033,"template":"","meta":[],"product_brand":[],"product_cat":[17,7499],"product_tag":[4779,337,3639],"class_list":{"0":"post-16032","1":"product","2":"type-product","3":"status-publish","4":"has-post-thumbnail","6":"product_cat-ekonomia","7":"product_cat-makro-i-mikroekonomia","8":"product_tag-demografia","9":"product_tag-ekonomia","10":"product_tag-migracje","12":"first","13":"instock","14":"sale","15":"shipping-taxable","16":"purchasable","17":"product-type-simple"},"_links":{"self":[{"href":"https:\/\/ksiegarnia-akademicka.pl\/index.php\/wp-json\/wp\/v2\/product\/16032","targetHints":{"allow":["GET"]}}],"collection":[{"href":"https:\/\/ksiegarnia-akademicka.pl\/index.php\/wp-json\/wp\/v2\/product"}],"about":[{"href":"https:\/\/ksiegarnia-akademicka.pl\/index.php\/wp-json\/wp\/v2\/types\/product"}],"wp:featuredmedia":[{"embeddable":true,"href":"https:\/\/ksiegarnia-akademicka.pl\/index.php\/wp-json\/wp\/v2\/media\/16033"}],"wp:attachment":[{"href":"https:\/\/ksiegarnia-akademicka.pl\/index.php\/wp-json\/wp\/v2\/media?parent=16032"}],"wp:term":[{"taxonomy":"product_brand","embeddable":true,"href":"https:\/\/ksiegarnia-akademicka.pl\/index.php\/wp-json\/wp\/v2\/product_brand?post=16032"},{"taxonomy":"product_cat","embeddable":true,"href":"https:\/\/ksiegarnia-akademicka.pl\/index.php\/wp-json\/wp\/v2\/product_cat?post=16032"},{"taxonomy":"product_tag","embeddable":true,"href":"https:\/\/ksiegarnia-akademicka.pl\/index.php\/wp-json\/wp\/v2\/product_tag?post=16032"}],"curies":[{"name":"wp","href":"https:\/\/api.w.org\/{rel}","templated":true}]}}