{"id":16,"date":"2018-05-20T22:48:01","date_gmt":"2018-05-20T20:48:01","guid":{"rendered":"http:\/\/ksiegarnia-akademicka.pl\/?post_type=product&#038;p=16"},"modified":"2018-05-20T22:48:01","modified_gmt":"2018-05-20T20:48:01","slug":"wplyw-planowania-na-efektywnosc-zmian-w-systemie-oswiaty","status":"publish","type":"product","link":"https:\/\/ksiegarnia-akademicka.pl\/index.php\/product\/wplyw-planowania-na-efektywnosc-zmian-w-systemie-oswiaty\/","title":{"rendered":"Wp\u0142yw planowania na efektywno\u015b\u0107 zmian w systemie o\u015bwiaty"},"content":{"rendered":"<p>Celem pracy jest ukazanie zwi\u0105zku pomi\u0119dzy planowaniem rozwoju szko\u0142y przez dyrektora gimnazjum a skutecznym wdra\u017caniem reformy systemu edukacji. Dwa pierwsze rozdzia\u0142y, stanowi\u0105ce cz\u0119\u015b\u0107 poznawczo-teoretyczn\u0105, po\u015bwi\u0119cono teoretycznym podstawom prowadzonych bada\u0144. T\u0119 perspektyw\u0119 stanowi planowanie rozwoju szko\u0142y b\u0119d\u0105ce czynnikiem efektywnej zmiany w o\u015bwiacie. Poruszono kwesti\u0119 innowacji programowych i strukturalnych. W drugiej cz\u0119\u015bci pracy uj\u0119to teoretyczno-metodologiczne oraz organizacyjne za\u0142o\u017cenia bada\u0144 w\u0142asnych. Przedstawiono: cele, problemy, metody, techniki, narz\u0119dzia badawcze oraz charakterystyk\u0119 pr\u00f3by badawczej i obszar bada\u0144 (lokalizacja terytorialna gimnazj\u00f3w). W cz\u0119\u015bci empirycznej zobrazowano wyniki uzyskane w badaniach w\u0142asnych. Przedstawiono odpowiedzi na poszczeg\u00f3lne problemy sformu\u0142owane w pytaniach badawczych.<\/p>\n<ul>\n<li><strong>Autor:<\/strong>\u00a0Szyma\u0144ska Maria<\/li>\n<li><strong>Wydawnictwo:<\/strong>\u00a0Difin<\/li>\n<li><strong>Rok:<\/strong>\u00a02010<\/li>\n<\/ul>\n","protected":false},"excerpt":{"rendered":"<p>Celem pracy jest ukazanie zwi\u0105zku pomi\u0119dzy planowaniem rozwoju szko\u0142y przez [&hellip;]<\/p>\n","protected":false},"featured_media":17,"template":"","meta":[],"product_brand":[],"product_cat":[17],"product_tag":[48,46,47,45,49],"class_list":{"0":"post-16","1":"product","2":"type-product","3":"status-publish","4":"has-post-thumbnail","6":"product_cat-ekonomia","7":"product_tag-difin","8":"product_tag-dydaktyka","9":"product_tag-organizacja-systemu-oswiaty","10":"product_tag-szkolnictwo","11":"product_tag-szymanska-maria","13":"first","14":"instock","15":"shipping-taxable","16":"purchasable","17":"product-type-simple"},"_links":{"self":[{"href":"https:\/\/ksiegarnia-akademicka.pl\/index.php\/wp-json\/wp\/v2\/product\/16","targetHints":{"allow":["GET"]}}],"collection":[{"href":"https:\/\/ksiegarnia-akademicka.pl\/index.php\/wp-json\/wp\/v2\/product"}],"about":[{"href":"https:\/\/ksiegarnia-akademicka.pl\/index.php\/wp-json\/wp\/v2\/types\/product"}],"wp:featuredmedia":[{"embeddable":true,"href":"https:\/\/ksiegarnia-akademicka.pl\/index.php\/wp-json\/wp\/v2\/media\/17"}],"wp:attachment":[{"href":"https:\/\/ksiegarnia-akademicka.pl\/index.php\/wp-json\/wp\/v2\/media?parent=16"}],"wp:term":[{"taxonomy":"product_brand","embeddable":true,"href":"https:\/\/ksiegarnia-akademicka.pl\/index.php\/wp-json\/wp\/v2\/product_brand?post=16"},{"taxonomy":"product_cat","embeddable":true,"href":"https:\/\/ksiegarnia-akademicka.pl\/index.php\/wp-json\/wp\/v2\/product_cat?post=16"},{"taxonomy":"product_tag","embeddable":true,"href":"https:\/\/ksiegarnia-akademicka.pl\/index.php\/wp-json\/wp\/v2\/product_tag?post=16"}],"curies":[{"name":"wp","href":"https:\/\/api.w.org\/{rel}","templated":true}]}}