{"id":15951,"date":"2022-12-07T10:43:00","date_gmt":"2022-12-07T09:43:00","guid":{"rendered":"http:\/\/ksiegarnia-akademicka.pl\/?post_type=product&#038;p=15951"},"modified":"2024-12-05T09:07:37","modified_gmt":"2024-12-05T08:07:37","slug":"standard-pieniadza-dekretowego-zniewolenie-dlugiem-jako-alternatywa-dla-ludzkiej-cywilizacji","status":"publish","type":"product","link":"https:\/\/ksiegarnia-akademicka.pl\/index.php\/product\/standard-pieniadza-dekretowego-zniewolenie-dlugiem-jako-alternatywa-dla-ludzkiej-cywilizacji\/","title":{"rendered":"Standard pieni\u0105dza dekretowego Zniewolenie d\u0142ugiem jako alternatywa dla ludzkiej cywilizacji"},"content":{"rendered":"<p>Autor:<br \/>\nSaifedean Ammous<br \/>\nT\u0142umacze: Tr\u0105bski Rafa\u0142<br \/>\nWydawca: Freedom Publishing<br \/>\nOprawa: Mi\u0119kka ze skrzyde\u0142kami<br \/>\nFormat: 14.8&#215;21.0cm<br \/>\nLiczba stron: 490<br \/>\nWydanie: 1<br \/>\nRok wydania: 2022<br \/>\nJ\u0119zyk wydania: polski<\/p>\n<p>KOMPLEKSOWA ANALIZA SYSTEMU PIENI\u0104DZA DEKRETOWEGO: ZASAD FUNKCJONOWANIA, PLUS\u00d3W I MINUS\u00d3W ORAZ GOSPODARCZYCH I SPO\u0141ECZNYCH KONSEKWENCJI.<\/p>\n<p>\u017byjemy w erze standardu pieni\u0105dza dekretowego. To na nim opieraj\u0105 si\u0119 wsp\u00f3\u0142czesne gospodarki. Standard ten ma swoj\u0105 specyfik\u0119 \u2013 mechanizmy funkcjonowania, struktur\u0119 bod\u017ac\u00f3w, mocne i s\u0142abe strony \u2013 a specyfika ta ma szerokie i daleko id\u0105ce konsekwencje zar\u00f3wno gospodarcze, jak i spo\u0142eczne. Aby zr\u0119cznie porusza\u0107 si\u0119 w tym systemie oraz aby lepiej rozumie\u0107 \u015bwiat wok\u00f3\u0142 nas, warto zapozna\u0107 si\u0119 z gruntownym om\u00f3wieniem pieni\u0105dza dekretowego autorstwa Saifedeana Ammousa. Jest to om\u00f3wienie nie tylko ciekawe i pouczaj\u0105ce, ale te\u017c nowatorskie, gdy\u017c dokonane przez pryzmat dost\u0119pnej od niedawna \u2013 i wed\u0142ug Autora lepszej \u2013 alternatywy: standardu Bitcoina.<\/p>\n<p>Wydawca<\/p>\n<p>&#8222;Wychodz\u0105c poza bezwstydn\u0105 propagand\u0119 entuzjast\u00f3w systemu pieni\u0105dza dekretowego z jednej strony oraz jadowite ataki jego krytyk\u00f3w z drugiej, w ksi\u0105\u017cce tej staram si\u0119 zaoferowa\u0107 co\u015b nowego: zbada\u0107 ten system jako technologi\u0119 z in\u017cynieryjnego i funkcjonalnego punktu widzenia, nakre\u015bli\u0107 jego cele i niedoci\u0105gni\u0119cia, a tak\u017ce ukaza\u0107 szersze gospodarcze, polityczne i spo\u0142eczne implikacje wynikaj\u0105ce z jego u\u017cytkowania&#8221;.<\/p>\n<p>Fragment ksi\u0105\u017cki<\/p>\n","protected":false},"excerpt":{"rendered":"<p>Autor: Saifedean Ammous T\u0142umacze: Tr\u0105bski Rafa\u0142 Wydawca: Freedom Publishing Oprawa: [&hellip;]<\/p>\n","protected":false},"featured_media":15952,"template":"","meta":[],"product_brand":[],"product_cat":[20,17,7499,7504],"product_tag":[411,337,2326],"class_list":{"0":"post-15951","1":"product","2":"type-product","3":"status-publish","4":"has-post-thumbnail","6":"product_cat-bankowosc","7":"product_cat-ekonomia","8":"product_cat-makro-i-mikroekonomia","9":"product_cat-rynek-pieniezny-i-kapitalowy","10":"product_tag-bankowosc","11":"product_tag-ekonomia","12":"product_tag-rynek-pieniezny","14":"first","15":"instock","16":"sale","17":"shipping-taxable","18":"purchasable","19":"product-type-simple"},"_links":{"self":[{"href":"https:\/\/ksiegarnia-akademicka.pl\/index.php\/wp-json\/wp\/v2\/product\/15951","targetHints":{"allow":["GET"]}}],"collection":[{"href":"https:\/\/ksiegarnia-akademicka.pl\/index.php\/wp-json\/wp\/v2\/product"}],"about":[{"href":"https:\/\/ksiegarnia-akademicka.pl\/index.php\/wp-json\/wp\/v2\/types\/product"}],"wp:featuredmedia":[{"embeddable":true,"href":"https:\/\/ksiegarnia-akademicka.pl\/index.php\/wp-json\/wp\/v2\/media\/15952"}],"wp:attachment":[{"href":"https:\/\/ksiegarnia-akademicka.pl\/index.php\/wp-json\/wp\/v2\/media?parent=15951"}],"wp:term":[{"taxonomy":"product_brand","embeddable":true,"href":"https:\/\/ksiegarnia-akademicka.pl\/index.php\/wp-json\/wp\/v2\/product_brand?post=15951"},{"taxonomy":"product_cat","embeddable":true,"href":"https:\/\/ksiegarnia-akademicka.pl\/index.php\/wp-json\/wp\/v2\/product_cat?post=15951"},{"taxonomy":"product_tag","embeddable":true,"href":"https:\/\/ksiegarnia-akademicka.pl\/index.php\/wp-json\/wp\/v2\/product_tag?post=15951"}],"curies":[{"name":"wp","href":"https:\/\/api.w.org\/{rel}","templated":true}]}}