{"id":15941,"date":"2022-12-07T10:22:39","date_gmt":"2022-12-07T09:22:39","guid":{"rendered":"http:\/\/ksiegarnia-akademicka.pl\/?post_type=product&#038;p=15941"},"modified":"2024-12-05T09:08:08","modified_gmt":"2024-12-05T08:08:08","slug":"jakosc-w-uslugach-medycznych-wplyw-systemow-zarzadzania-jakoscia-na-efektywnosc-publicznych-uslug-szpitalnych","status":"publish","type":"product","link":"https:\/\/ksiegarnia-akademicka.pl\/index.php\/product\/jakosc-w-uslugach-medycznych-wplyw-systemow-zarzadzania-jakoscia-na-efektywnosc-publicznych-uslug-szpitalnych\/","title":{"rendered":"Jako\u015b\u0107 w us\u0142ugach medycznych Wp\u0142yw system\u00f3w zarz\u0105dzania jako\u015bci\u0105 na efektywno\u015b\u0107 publicznych us\u0142ug szpitalnych"},"content":{"rendered":"<p>Autor:<br \/>\nKamila \u0106wik<br \/>\nWydawca: Difin<br \/>\nOprawa: Mi\u0119kka<br \/>\nFormat: 16.0&#215;23.0cm<br \/>\nLiczba stron: 268<br \/>\nRok wydania: 2022<br \/>\nJ\u0119zyk wydania: polski<\/p>\n<p>Tematyka systemu ochrony zdrowia nale\u017cy do niezwykle trudnego i z\u0142o\u017conego obszaru problematyki spo\u0142ecznej i ekonomicznej, uwik\u0142anej w spory polityczne, obci\u0105\u017conej subiektywnym podej\u015bciem i gr\u0105 r\u00f3\u017cnych interes\u00f3w. Walory niniejszej monografii mo\u017cna doceni\u0107 w \u015bwietle oczekiwa\u0144 poprawy mechanizm\u00f3w decyduj\u0105cych o jako\u015bci ochrony zdrowia. W czasie, gdy dominuje przekonanie, \u017ce ochrona zdrowia jest nadal nieuporz\u0105dkowanym obszarem przemian spo\u0142eczno-gospodarczych problematyka ta ma szczeg\u00f3ln\u0105 wag\u0119 sygnalizuj\u0105c potrzeb\u0119 rozwi\u0105zania wielu problem\u00f3w. Poszukuj\u0105c klucza do reformy ochrony zdrowia Autorka wychodzi ze s\u0142usznego za\u0142o\u017cenia, \u017ce podstawowym celem ochrony zdrowia jest zapewnienie dobrego zdrowia ca\u0142emu spo\u0142ecze\u0144stwu. Realizacja tego celu jest mo\u017cliwa poprzez podporz\u0105dkowanie rozwi\u0105za\u0144 systemowych staraniom o jak najwy\u017csze standardy us\u0142ug medycznych \u015bwiadczonych ca\u0142ej populacji, ukierunkowane na realizacj\u0119 zasady r\u00f3wno\u015bci i sprawiedliwo\u015bci spo\u0142ecznej. W monografii poruszane s\u0105 kwestie odpowiadaj\u0105ce na aktualne zapotrzebowanie spo\u0142eczne i \u015brodowisk zwi\u0105zanych z ochron\u0105 zdrowia, koncentruj\u0105ce si\u0119 na d\u0105\u017ceniu do wy\u017cszej jako\u015bci us\u0142ug publicznych. Autorka wychodzi poza argumenty finansowe stawiane w debacie publicznej, sporz\u0105dza diagnoz\u0119 jako\u015bci us\u0142ug medycznych z perspektywy wewn\u0119trznej, odwo\u0142uje si\u0119 do fundamentalnych cel\u00f3w i warto\u015bci s\u0142u\u017cby zdrowia. W monografii zwraca si\u0119 uwag\u0119 dojrza\u0142o\u015b\u0107 i przekonuj\u0105c\u0105 wymow\u0119 wniosk\u00f3w ko\u0144cowych. Unika si\u0119 z powodzeniem uproszcze\u0144 i skr\u00f3t\u00f3w my\u015blowych nie wdaj\u0105c si\u0119 w spory z argumentami r\u00f3\u017cnych grup interes\u00f3w zwi\u0105zanych z funkcjonowaniem s\u0142u\u017cby zdrowia. Pozytywna konstrukcja wniosk\u00f3w mo\u017ce by\u0107 pomocna do poszukiwania rozwi\u0105za\u0144 systemowych, stwarza lepsze przes\u0142anki do wyr\u00f3\u017cnienia pozytywnych tendencji oraz zjawisk wskazuj\u0105cych na to, co wymaga poprawy, a tak\u017ce zwr\u00f3cenia uwagi na elementy negatywne, wymagaj\u0105ce eliminacji. Autorka rozprawy burzy uproszczony obraz s\u0142u\u017cby zdrowia zak\u0142adaj\u0105cy, \u017ce przyczyny problem\u00f3w zwi\u0105zanych z jako\u015bci\u0105 us\u0142ug \u015bwiadczonych przez publiczne jednostki s\u0142u\u017cby zdrowia wynikaj\u0105 z niedostatecznego finansowania, albo szerzej, z braku r\u00f3wnowagi mi\u0119dzy poziomem oczekiwa\u0144 spo\u0142ecznych a mo\u017cliwo\u015bciami finansowania.<\/p>\n<p>Ksi\u0105\u017cka jest skierowana do menad\u017cer\u00f3w i profesjonalist\u00f3w medycznych oraz naukowc\u00f3w, doktorant\u00f3w, student\u00f3w zajmuj\u0105cych si\u0119 tematyk\u0105 zarz\u0105dzania jako\u015bci\u0105.<\/p>\n","protected":false},"excerpt":{"rendered":"<p>Autor: Kamila \u0106wik Wydawca: Difin Oprawa: Mi\u0119kka Format: 16.0&#215;23.0cm Liczba [&hellip;]<\/p>\n","protected":false},"featured_media":15942,"template":"","meta":[],"product_brand":[],"product_cat":[7625,30,7512],"product_tag":[100,8178],"class_list":{"0":"post-15941","1":"product","2":"type-product","3":"status-publish","4":"has-post-thumbnail","6":"product_cat-nauki-o-zdrowiu","7":"product_cat-zarzadzanie","8":"product_cat-zarzadzanie-jakoscia","9":"product_tag-zarzadzanie-jakoscia","10":"product_tag-zarzadzanie-w-medycynie","12":"first","13":"instock","14":"sale","15":"shipping-taxable","16":"purchasable","17":"product-type-simple"},"_links":{"self":[{"href":"https:\/\/ksiegarnia-akademicka.pl\/index.php\/wp-json\/wp\/v2\/product\/15941","targetHints":{"allow":["GET"]}}],"collection":[{"href":"https:\/\/ksiegarnia-akademicka.pl\/index.php\/wp-json\/wp\/v2\/product"}],"about":[{"href":"https:\/\/ksiegarnia-akademicka.pl\/index.php\/wp-json\/wp\/v2\/types\/product"}],"wp:featuredmedia":[{"embeddable":true,"href":"https:\/\/ksiegarnia-akademicka.pl\/index.php\/wp-json\/wp\/v2\/media\/15942"}],"wp:attachment":[{"href":"https:\/\/ksiegarnia-akademicka.pl\/index.php\/wp-json\/wp\/v2\/media?parent=15941"}],"wp:term":[{"taxonomy":"product_brand","embeddable":true,"href":"https:\/\/ksiegarnia-akademicka.pl\/index.php\/wp-json\/wp\/v2\/product_brand?post=15941"},{"taxonomy":"product_cat","embeddable":true,"href":"https:\/\/ksiegarnia-akademicka.pl\/index.php\/wp-json\/wp\/v2\/product_cat?post=15941"},{"taxonomy":"product_tag","embeddable":true,"href":"https:\/\/ksiegarnia-akademicka.pl\/index.php\/wp-json\/wp\/v2\/product_tag?post=15941"}],"curies":[{"name":"wp","href":"https:\/\/api.w.org\/{rel}","templated":true}]}}