{"id":15908,"date":"2022-12-02T09:17:32","date_gmt":"2022-12-02T08:17:32","guid":{"rendered":"http:\/\/ksiegarnia-akademicka.pl\/?post_type=product&#038;p=15908"},"modified":"2022-12-02T09:17:33","modified_gmt":"2022-12-02T08:17:33","slug":"plan-finansowy-2023-dla-jednostek-budzetowych-i-samorzadowych-zakladow-budzetowych","status":"publish","type":"product","link":"https:\/\/ksiegarnia-akademicka.pl\/index.php\/product\/plan-finansowy-2023-dla-jednostek-budzetowych-i-samorzadowych-zakladow-budzetowych\/","title":{"rendered":"Plan finansowy 2023 dla jednostek bud\u017cetowych i samorz\u0105dowych zak\u0142ad\u00f3w bud\u017cetowych"},"content":{"rendered":"<p>Autor:<br \/>\nIzabela \u015awiderek<br \/>\nBarbara Jarosz<br \/>\nWydawca: Wiedza i Praktyka<br \/>\nOprawa: Mi\u0119kka<br \/>\nLiczba stron: 276<br \/>\nRok wydania: 2022<br \/>\nJ\u0119zyk wydania: polski<\/p>\n<p>&#8222;Plan finansowy 2023 dla jednostek bud\u017cetowych i samorz\u0105dowych zak\u0142ad\u00f3w bud\u017cetowych&#8221; to wyj\u0105tkowe kompendium wiedzy dotycz\u0105ce opracowania planu finansowego stanowi\u0105cego podstaw\u0119 racjonalnej gospodarki finansowej jednostki. Pozycja ta zawiera om\u00f3wienie regu\u0142 tworzenia plan\u00f3w finansowych w zale\u017cno\u015bci od przyj\u0119tej przez jednostk\u0119 szczeg\u00f3\u0142owo\u015bci oraz wzory zarz\u0105dze\u0144 w sprawie przygotowania plan\u00f3w, a tak\u017ce opis procedur dokonywania zmian w planach finansowych w trakcie roku bud\u017cetowego.<\/p>\n","protected":false},"excerpt":{"rendered":"<p>Autor: Izabela \u015awiderek Barbara Jarosz Wydawca: Wiedza i Praktyka Oprawa: [&hellip;]<\/p>\n","protected":false},"featured_media":15909,"template":"","meta":[],"product_brand":[],"product_cat":[19,7500,7501],"product_tag":[472,1155,8176,1136],"class_list":{"0":"post-15908","1":"product","2":"type-product","3":"status-publish","4":"has-post-thumbnail","6":"product_cat-finanse-i-prawo-finansowe","7":"product_cat-finanse-publiczne","8":"product_cat-prawo-finansowe","9":"product_tag-finanse-publiczne","10":"product_tag-jednostki-budzetowe","11":"product_tag-jednostki-samorzadowe","12":"product_tag-prawo-finansowe","14":"first","15":"instock","16":"sale","17":"shipping-taxable","18":"purchasable","19":"product-type-simple"},"_links":{"self":[{"href":"https:\/\/ksiegarnia-akademicka.pl\/index.php\/wp-json\/wp\/v2\/product\/15908","targetHints":{"allow":["GET"]}}],"collection":[{"href":"https:\/\/ksiegarnia-akademicka.pl\/index.php\/wp-json\/wp\/v2\/product"}],"about":[{"href":"https:\/\/ksiegarnia-akademicka.pl\/index.php\/wp-json\/wp\/v2\/types\/product"}],"wp:featuredmedia":[{"embeddable":true,"href":"https:\/\/ksiegarnia-akademicka.pl\/index.php\/wp-json\/wp\/v2\/media\/15909"}],"wp:attachment":[{"href":"https:\/\/ksiegarnia-akademicka.pl\/index.php\/wp-json\/wp\/v2\/media?parent=15908"}],"wp:term":[{"taxonomy":"product_brand","embeddable":true,"href":"https:\/\/ksiegarnia-akademicka.pl\/index.php\/wp-json\/wp\/v2\/product_brand?post=15908"},{"taxonomy":"product_cat","embeddable":true,"href":"https:\/\/ksiegarnia-akademicka.pl\/index.php\/wp-json\/wp\/v2\/product_cat?post=15908"},{"taxonomy":"product_tag","embeddable":true,"href":"https:\/\/ksiegarnia-akademicka.pl\/index.php\/wp-json\/wp\/v2\/product_tag?post=15908"}],"curies":[{"name":"wp","href":"https:\/\/api.w.org\/{rel}","templated":true}]}}