{"id":15906,"date":"2022-12-02T09:14:13","date_gmt":"2022-12-02T08:14:13","guid":{"rendered":"http:\/\/ksiegarnia-akademicka.pl\/?post_type=product&#038;p=15906"},"modified":"2024-12-05T09:08:39","modified_gmt":"2024-12-05T08:08:39","slug":"wielkie-problemy-malych-ludzi-nie-daj-sie-gnebic-ksiazka-ktora-dodaje-sily","status":"publish","type":"product","link":"https:\/\/ksiegarnia-akademicka.pl\/index.php\/product\/wielkie-problemy-malych-ludzi-nie-daj-sie-gnebic-ksiazka-ktora-dodaje-sily\/","title":{"rendered":"Wielkie problemy ma\u0142ych ludzi Nie daj si\u0119 gn\u0119bi\u0107 Ksia\u017cka kt\u00f3ra dodaje si\u0142y"},"content":{"rendered":"<p>Autor:<br \/>\nMagdalena M\u0142odnicka<br \/>\nWydawca: Jedno\u015b\u0107<br \/>\nOprawa: Twarda<br \/>\nFormat: 20.5&#215;27.5cm<br \/>\nLiczba stron: 40<br \/>\nWydanie: 1<br \/>\nRok wydania: 2022<br \/>\nJ\u0119zyk wydania: polski<\/p>\n<p>Pewnie ka\u017cdy cho\u0107 raz do\u015bwiadczy\u0142 przykro\u015bci ze strony koleg\u00f3w. Zdarza si\u0119, \u017ce kto\u015b powie co\u015b niemi\u0142ego, szturchnie, za\u017cartuje tak, \u017ce \u015bmieje si\u0119 tylko on sam. Bywa i tak, \u017ce kto\u015b robi niemi\u0142e rzeczy bardzo cz\u0119sto i po to, \u017ceby sprawia\u0107 innym przykro\u015b\u0107\u2026 Ta ksi\u0105\u017cka w przyst\u0119pny i niezwykle trafny spos\u00f3b dotyka tematu dokuczania i n\u0119kania, zw\u0142aszcza w szkole. Opisuje typowe sytuacje z \u017cycia dzieci i podsuwa mn\u00f3stwo praktycznych porad. Wszystko po to, by pom\u00f3c dzieciom znale\u017a\u0107 si\u0142\u0119 do powiedzenia STOP przemocy w\u015br\u00f3d r\u00f3wie\u015bnik\u00f3w. Ksi\u0105\u017cki z serii \u201eWielkie problemy ma\u0142ych ludzi\u201d przedstawiaj\u0105 wa\u017cne tematy dotycz\u0105ce dzieci w wieku wczesnoszkolnym. Czyni\u0105 to w spos\u00f3b przyst\u0119pny, rzeczowy i kompetentny. Wszystkie tomiki serii powstaj\u0105 z udzia\u0142em wykwalifikowanych pedagog\u00f3w i psycholog\u00f3w; ich autorami s\u0105 ludzie, kt\u00f3rym bliski jest \u015bwiat dziecka. Magdalena M\u0142odnicka (ur. 1977) \u2013 absolwentka filologii polskiej o specjalizacji wydawniczej. Tworzenie ksi\u0105\u017cek to jej pasja i praca. Redaktorka publikacji dla dzieci i m\u0142odzie\u017cy. Pomys\u0142odawczyni i autorka wielu ksi\u0105\u017cek dla m\u0142odych czytelnik\u00f3w. Uwa\u017ca, \u017ce ksi\u0105\u017cki maj\u0105 wywo\u0142ywa\u0107 emocje, pomaga\u0107, a przede wszystkim cieszy\u0107. Mama Mai i Marysi, kt\u00f3rym zawdzi\u0119cza wyczucie potrzeb m\u0142odych odbiorc\u00f3w. Lubi poznawa\u0107 nowe miejsca i odkrywa\u0107 ich tajemnice. Autorka tekst\u00f3w piosenek, sama od zawsze \u015bpiewa.<\/p>\n","protected":false},"excerpt":{"rendered":"<p>Autor: Magdalena M\u0142odnicka Wydawca: Jedno\u015b\u0107 Oprawa: Twarda Format: 20.5&#215;27.5cm Liczba [&hellip;]<\/p>\n","protected":false},"featured_media":15907,"template":"","meta":[],"product_brand":[],"product_cat":[28],"product_tag":[51,8175],"class_list":{"0":"post-15906","1":"product","2":"type-product","3":"status-publish","4":"has-post-thumbnail","6":"product_cat-pedagogika","7":"product_tag-pedagogika","8":"product_tag-wychowanie-przedszkolne-i-wczesnoszkolne","10":"first","11":"instock","12":"sale","13":"shipping-taxable","14":"purchasable","15":"product-type-simple"},"_links":{"self":[{"href":"https:\/\/ksiegarnia-akademicka.pl\/index.php\/wp-json\/wp\/v2\/product\/15906","targetHints":{"allow":["GET"]}}],"collection":[{"href":"https:\/\/ksiegarnia-akademicka.pl\/index.php\/wp-json\/wp\/v2\/product"}],"about":[{"href":"https:\/\/ksiegarnia-akademicka.pl\/index.php\/wp-json\/wp\/v2\/types\/product"}],"wp:featuredmedia":[{"embeddable":true,"href":"https:\/\/ksiegarnia-akademicka.pl\/index.php\/wp-json\/wp\/v2\/media\/15907"}],"wp:attachment":[{"href":"https:\/\/ksiegarnia-akademicka.pl\/index.php\/wp-json\/wp\/v2\/media?parent=15906"}],"wp:term":[{"taxonomy":"product_brand","embeddable":true,"href":"https:\/\/ksiegarnia-akademicka.pl\/index.php\/wp-json\/wp\/v2\/product_brand?post=15906"},{"taxonomy":"product_cat","embeddable":true,"href":"https:\/\/ksiegarnia-akademicka.pl\/index.php\/wp-json\/wp\/v2\/product_cat?post=15906"},{"taxonomy":"product_tag","embeddable":true,"href":"https:\/\/ksiegarnia-akademicka.pl\/index.php\/wp-json\/wp\/v2\/product_tag?post=15906"}],"curies":[{"name":"wp","href":"https:\/\/api.w.org\/{rel}","templated":true}]}}