{"id":159,"date":"2018-05-22T12:40:53","date_gmt":"2018-05-22T10:40:53","guid":{"rendered":"http:\/\/ksiegarnia-akademicka.pl\/index.php\/product\/elementarne-zagadnienia-ekonomii\/"},"modified":"2023-11-30T14:19:15","modified_gmt":"2023-11-30T13:19:15","slug":"elementarne-zagadnienia-ekonomii","status":"publish","type":"product","link":"https:\/\/ksiegarnia-akademicka.pl\/index.php\/product\/elementarne-zagadnienia-ekonomii\/","title":{"rendered":"Elementarne zagadnienia ekonomii"},"content":{"rendered":"<p>Redakcja: Milewski Roman<br \/>\nWydawca: Wydawnictwo Naukowe PWN<br \/>\nOprawa: Mi\u0119kka<br \/>\nFormat: 16.5&#215;24.0cm<br \/>\nLiczba stron: 492<br \/>\nWydanie: 2<br \/>\nRok wydania: 2021<br \/>\nJ\u0119zyk wydania: polski<\/p>\n<p>Niniejszy podr\u0119cznik, systematycznie wznawiany, jest przeznaczony przede wszystkim dla student\u00f3w ekonomicznych studi\u00f3w licencjackich i uniwersyteckich wydzia\u0142\u00f3w nieekonomicznych tj. przede wszystkim dla wydzia\u0142\u00f3w prawa i administracji oraz socjologii, politologii i geografii. S\u0105 to kierunki, na kt\u00f3rych znajomo\u015b\u0107 ekonomii jest szczeg\u00f3lnie potrzebna. Z uwagi na zakres materia\u0142u i stopie\u0144 zaawansowania mo\u017ce on by\u0107 wykorzystywany z powodzeniem r\u00f3wnie\u017c przez czytelnik\u00f3w pragn\u0105cych samodzielnie pog\u0142\u0119bi\u0107 sw\u0105 wiedz\u0119 o procesach gospodarczych, w tym m.in. przez pracownik\u00f3w przedsi\u0119biorstw i administracji publicznej, dzia\u0142aczy zwi\u0105zkowych i publicyst\u00f3w.<\/p>\n","protected":false},"excerpt":{"rendered":"<p>Redakcja: Milewski Roman Wydawca: Wydawnictwo Naukowe PWN Oprawa: Mi\u0119kka Format: [&hellip;]<\/p>\n","protected":false},"featured_media":14834,"template":"","meta":[],"product_brand":[],"product_cat":[17,7499],"product_tag":[337,349,259],"class_list":{"0":"post-159","1":"product","2":"type-product","3":"status-publish","4":"has-post-thumbnail","6":"product_cat-ekonomia","7":"product_cat-makro-i-mikroekonomia","8":"product_tag-ekonomia","9":"product_tag-makro-i-mikroekonomia","10":"product_tag-podreczniki-akademickie","12":"first","13":"outofstock","14":"sale","15":"shipping-taxable","16":"purchasable","17":"product-type-simple"},"_links":{"self":[{"href":"https:\/\/ksiegarnia-akademicka.pl\/index.php\/wp-json\/wp\/v2\/product\/159","targetHints":{"allow":["GET"]}}],"collection":[{"href":"https:\/\/ksiegarnia-akademicka.pl\/index.php\/wp-json\/wp\/v2\/product"}],"about":[{"href":"https:\/\/ksiegarnia-akademicka.pl\/index.php\/wp-json\/wp\/v2\/types\/product"}],"wp:featuredmedia":[{"embeddable":true,"href":"https:\/\/ksiegarnia-akademicka.pl\/index.php\/wp-json\/wp\/v2\/media\/14834"}],"wp:attachment":[{"href":"https:\/\/ksiegarnia-akademicka.pl\/index.php\/wp-json\/wp\/v2\/media?parent=159"}],"wp:term":[{"taxonomy":"product_brand","embeddable":true,"href":"https:\/\/ksiegarnia-akademicka.pl\/index.php\/wp-json\/wp\/v2\/product_brand?post=159"},{"taxonomy":"product_cat","embeddable":true,"href":"https:\/\/ksiegarnia-akademicka.pl\/index.php\/wp-json\/wp\/v2\/product_cat?post=159"},{"taxonomy":"product_tag","embeddable":true,"href":"https:\/\/ksiegarnia-akademicka.pl\/index.php\/wp-json\/wp\/v2\/product_tag?post=159"}],"curies":[{"name":"wp","href":"https:\/\/api.w.org\/{rel}","templated":true}]}}