{"id":15892,"date":"2022-12-01T12:17:04","date_gmt":"2022-12-01T11:17:04","guid":{"rendered":"http:\/\/ksiegarnia-akademicka.pl\/?post_type=product&#038;p=15892"},"modified":"2022-12-01T12:17:04","modified_gmt":"2022-12-01T11:17:04","slug":"regulacje-mdr-raportowanie-o-schematach-podatkowych-komentarz","status":"publish","type":"product","link":"https:\/\/ksiegarnia-akademicka.pl\/index.php\/product\/regulacje-mdr-raportowanie-o-schematach-podatkowych-komentarz\/","title":{"rendered":"Regulacje MDR. Raportowanie o schematach podatkowych. Komentarz"},"content":{"rendered":"<p>Autor: dr Krzysztof Gil, Maciej Guzek, Micha\u0142 Lejman<br \/>\nSeria: Podatki w praktyce<br \/>\nRok wydania: 2022<br \/>\nWydanie: 2<br \/>\nOprawa: Mi\u0119kka<br \/>\nLiczba stron: 327<br \/>\nWymiary: 145&#215;205 mm<br \/>\nWaga: 360 g ISBN: 978-83-8291-224-1<\/p>\n<p>Kompleksowe om\u00f3wienie problematyki dotycz\u0105cej wprowadzonej od 1 stycznia 2019 r. instytucji, jak\u0105 jest obowi\u0105zkowe ujawnianie w\u0142adzom podatkowym informacji o tzw. schematach podatkowych MDR (ang. Mandatory Disclosure Rules).<\/p>\n<p>Na mocy wspomnianych przepis\u00f3w do identyfikowania raportowania zobowi\u0105zane s\u0105 podmioty, kt\u00f3re w sferze zawodowej zajmuj\u0105 si\u0119 przygotowywaniem, oferowaniem i wdra\u017caniem swoim klientom tych schemat\u00f3w, a tak\u017ce podatnicy.<\/p>\n<p>Drugie wydanie publikacji zawiera obszern\u0105 analiz\u0119 zmienionych lub nowych przepis\u00f3w w zakresie raportowania schemat\u00f3w podatkowych dotycz\u0105cych m.in.:<\/p>\n<p>ponownego raportowania schemat\u00f3w transgranicznych wdra\u017canych pomi\u0119dzy 26 czerwca 2018 r. do dnia 30 czerwca 2020 r.;<br \/>\nzasad biegu termin\u00f3w raportowania dla schemat\u00f3w transgranicznych udost\u0119pnianych lub wdra\u017canych od 1 lipca 2020 r.;<br \/>\nzasad podpisywania MDR-3;<br \/>\nzawieszenia termin\u00f3w raportowania krajowych schemat\u00f3w podatkowych w okresie od 31 marca 2020 r. do 30. dnia nast\u0119puj\u0105cego po dniu odwo\u0142ania stanu zagro\u017cenia epidemicznego i stanu epidemii og\u0142oszonego w zwi\u0105zku z COVID-19.<br \/>\nPonadto publikacja uwzgl\u0119dnia zmiany wynikaj\u0105ce z ustawy z 18.11.2020 r. o dor\u0119czeniach elektronicznych (Dz.U. z 2020 r. poz. 2320 ze zm.) odnosz\u0105ce si\u0119 do ujednolicenia terminologii stosowanej w ustawie z 29.8.1997 r. &#8211; Ordynacja podatkowa (t.j. Dz.U. z 2020 r. poz. 1325 ze zm.).<\/p>\n<p>W publikacji Autorzy poruszyli m.in. nast\u0119puj\u0105ce kwestie:<\/p>\n<p>obowi\u0105zek przekazywania informacji o schemacie podatkowym przez promotora;<br \/>\nobowi\u0105zek przekazywania informacji o schemacie podatkowym przez korzystaj\u0105cego;<br \/>\nobowi\u0105zek przekazywania informacji o schemacie podatkowym przez wspomagaj\u0105cego;<br \/>\nzakres przekazywanych informacji;<br \/>\nspos\u00f3b przekazywania informacji, nadawanie NSP;<br \/>\nwydawanie og\u00f3lnych wyja\u015bnie\u0144;<br \/>\nkara pieni\u0119\u017cna;<br \/>\ninformatyzacja przesy\u0142ania informacji o schematach podatkowych.<br \/>\nOpracowanie adresowane jest do os\u00f3b zajmuj\u0105cych si\u0119 zawodowo problematyk\u0105 podatkow\u0105, szczeg\u00f3lnie do: doradc\u00f3w podatkowych, ksi\u0119gowych, bieg\u0142ych rewident\u00f3w, adwokat\u00f3w, radc\u00f3w prawnych, a tak\u017ce do przedsi\u0119biorc\u00f3w oraz pracownik\u00f3w administracji skarbowej, inspektor\u00f3w kontroli skarbowej w trakcie post\u0119powania kontrolnego.<\/p>\n","protected":false},"excerpt":{"rendered":"<p>Autor: dr Krzysztof Gil, Maciej Guzek, Micha\u0142 Lejman Seria: Podatki [&hellip;]<\/p>\n","protected":false},"featured_media":15893,"template":"","meta":[],"product_brand":[],"product_cat":[22,23],"product_tag":[1547,1496,6958],"class_list":{"0":"post-15892","1":"product","2":"type-product","3":"status-publish","4":"has-post-thumbnail","6":"product_cat-podatki-i-prawo-podatkowe","7":"product_cat-rachunkowosc","8":"product_tag-podatki-i-prawo-podatkowe","9":"product_tag-rachunkowosc","10":"product_tag-seria-podatki-w-praktyce","12":"first","13":"instock","14":"sale","15":"shipping-taxable","16":"purchasable","17":"product-type-simple"},"_links":{"self":[{"href":"https:\/\/ksiegarnia-akademicka.pl\/index.php\/wp-json\/wp\/v2\/product\/15892","targetHints":{"allow":["GET"]}}],"collection":[{"href":"https:\/\/ksiegarnia-akademicka.pl\/index.php\/wp-json\/wp\/v2\/product"}],"about":[{"href":"https:\/\/ksiegarnia-akademicka.pl\/index.php\/wp-json\/wp\/v2\/types\/product"}],"wp:featuredmedia":[{"embeddable":true,"href":"https:\/\/ksiegarnia-akademicka.pl\/index.php\/wp-json\/wp\/v2\/media\/15893"}],"wp:attachment":[{"href":"https:\/\/ksiegarnia-akademicka.pl\/index.php\/wp-json\/wp\/v2\/media?parent=15892"}],"wp:term":[{"taxonomy":"product_brand","embeddable":true,"href":"https:\/\/ksiegarnia-akademicka.pl\/index.php\/wp-json\/wp\/v2\/product_brand?post=15892"},{"taxonomy":"product_cat","embeddable":true,"href":"https:\/\/ksiegarnia-akademicka.pl\/index.php\/wp-json\/wp\/v2\/product_cat?post=15892"},{"taxonomy":"product_tag","embeddable":true,"href":"https:\/\/ksiegarnia-akademicka.pl\/index.php\/wp-json\/wp\/v2\/product_tag?post=15892"}],"curies":[{"name":"wp","href":"https:\/\/api.w.org\/{rel}","templated":true}]}}