{"id":15884,"date":"2022-12-01T11:50:16","date_gmt":"2022-12-01T10:50:16","guid":{"rendered":"http:\/\/ksiegarnia-akademicka.pl\/?post_type=product&#038;p=15884"},"modified":"2022-12-01T11:51:14","modified_gmt":"2022-12-01T10:51:14","slug":"raje-podatkowe-procedura-nalezytej-starannosci-obowiazki-w-cenach-transferowych","status":"publish","type":"product","link":"https:\/\/ksiegarnia-akademicka.pl\/index.php\/product\/raje-podatkowe-procedura-nalezytej-starannosci-obowiazki-w-cenach-transferowych\/","title":{"rendered":"Raje podatkowe. Procedura nale\u017cytej staranno\u015bci. Obowi\u0105zki w cenach transferowych"},"content":{"rendered":"<p>Autor: dr Jaros\u0142aw F. Mika<br \/>\nSeria: Podatki w praktyce<br \/>\nRok wydania: 2022<br \/>\nOprawa: Mi\u0119kka<br \/>\nLiczba stron: 238<br \/>\nWymiary: 145&#215;205 mm<br \/>\nWaga: 640 g<br \/>\nISBN: 978-83-8291-487-0<\/p>\n<p>Publikacja  ma na celu om\u00f3wienie regulacji dotycz\u0105cej raj\u00f3w podatkowych oraz zwi\u0105zanej z nimi procedury nale\u017cytej staranno\u015bci i obowi\u0105zk\u00f3w w cenach transferowych.<\/p>\n<p>Pierwsze wydanie zawiera najnowszy projekt rz\u0105dowy o zmianie ustawy o podatku dochodowym od os\u00f3b prawnych oraz innych ustaw, wprowadzaj\u0105cy:<\/p>\n<p>modyfikacj\u0119 i odroczenie wej\u015bcia w \u017cycie przepis\u00f3w o minimalnym podatku dochodowym,<br \/>\nzmian\u0119 przepis\u00f3w dotycz\u0105cych obowi\u0105zku dokumentacyjnego w zakresie tzw. po\u015brednich transakcji rajowych,<br \/>\nzmian\u0119 w rozliczaniu koszt\u00f3w finansowania d\u0142u\u017cnego w kosztach podatkowych,<br \/>\ninne terminy aktualizacji indywidualnych danych podatnika.<br \/>\nW ksi\u0105\u017cce om\u00f3wiono nast\u0119puj\u0105ce zagadnienia:<\/p>\n<p>istota i lista raj\u00f3w podatkowych,<br \/>\nrodzaje transakcji z rajami podatkowymi,<br \/>\nprzyczyny wykorzystywania raj\u00f3w podatkowych w rozliczeniach podatkowych,<br \/>\npolskie regulacje prawne,<br \/>\nprocedura nale\u017cytej staranno\u015bci,<br \/>\ndokumentacja podatkowa,<br \/>\nanaliza cen transferowych.<br \/>\nPublikacja skierowana jest do praktyk\u00f3w prawa: adwokat\u00f3w, radc\u00f3w prawnych i doradc\u00f3w podatkowych. Co wi\u0119cej, b\u0119dzie przydatna r\u00f3wnie\u017c dla wszystkich os\u00f3b zainteresowanych t\u0105 tematyk\u0105.<\/p>\n","protected":false},"excerpt":{"rendered":"<p>Autor: dr Jaros\u0142aw F. Mika Seria: Podatki w praktyce Rok [&hellip;]<\/p>\n","protected":false},"featured_media":15885,"template":"","meta":[],"product_brand":[],"product_cat":[22],"product_tag":[6865,1055,6958],"class_list":{"0":"post-15884","1":"product","2":"type-product","3":"status-publish","4":"has-post-thumbnail","6":"product_cat-podatki-i-prawo-podatkowe","7":"product_tag-cit","8":"product_tag-prawo-podatkowe","9":"product_tag-seria-podatki-w-praktyce","11":"first","12":"instock","13":"sale","14":"shipping-taxable","15":"purchasable","16":"product-type-simple"},"_links":{"self":[{"href":"https:\/\/ksiegarnia-akademicka.pl\/index.php\/wp-json\/wp\/v2\/product\/15884","targetHints":{"allow":["GET"]}}],"collection":[{"href":"https:\/\/ksiegarnia-akademicka.pl\/index.php\/wp-json\/wp\/v2\/product"}],"about":[{"href":"https:\/\/ksiegarnia-akademicka.pl\/index.php\/wp-json\/wp\/v2\/types\/product"}],"wp:featuredmedia":[{"embeddable":true,"href":"https:\/\/ksiegarnia-akademicka.pl\/index.php\/wp-json\/wp\/v2\/media\/15885"}],"wp:attachment":[{"href":"https:\/\/ksiegarnia-akademicka.pl\/index.php\/wp-json\/wp\/v2\/media?parent=15884"}],"wp:term":[{"taxonomy":"product_brand","embeddable":true,"href":"https:\/\/ksiegarnia-akademicka.pl\/index.php\/wp-json\/wp\/v2\/product_brand?post=15884"},{"taxonomy":"product_cat","embeddable":true,"href":"https:\/\/ksiegarnia-akademicka.pl\/index.php\/wp-json\/wp\/v2\/product_cat?post=15884"},{"taxonomy":"product_tag","embeddable":true,"href":"https:\/\/ksiegarnia-akademicka.pl\/index.php\/wp-json\/wp\/v2\/product_tag?post=15884"}],"curies":[{"name":"wp","href":"https:\/\/api.w.org\/{rel}","templated":true}]}}