{"id":15838,"date":"2022-11-29T10:33:20","date_gmt":"2022-11-29T09:33:20","guid":{"rendered":"http:\/\/ksiegarnia-akademicka.pl\/?post_type=product&#038;p=15838"},"modified":"2022-11-29T10:33:20","modified_gmt":"2022-11-29T09:33:20","slug":"biblia-e-biznesu-3-0","status":"publish","type":"product","link":"https:\/\/ksiegarnia-akademicka.pl\/index.php\/product\/biblia-e-biznesu-3-0\/","title":{"rendered":"Biblia e-biznesu 3.0"},"content":{"rendered":"<p>Redakcja: Dutko Maciej<br \/>\nWydawca: onepress<br \/>\nOprawa: Twarda<br \/>\nFormat: 16.8&#215;23.7cm<br \/>\nLiczba stron: 856<br \/>\nWydanie: 2<br \/>\nRok wydania: 2022<br \/>\nJ\u0119zyk wydania: polski<\/p>\n<p>Tysi\u0105ce wskaz\u00f3wek wartych miliony z\u0142otych!<\/p>\n<p>83 autor\u00f3w (ekspert\u00f3w w swoich dziedzinach), 159 rozdzia\u0142\u00f3w, 850 stron praktycznych rad. To Biblia e-biznesu 3.0 \u2013 prawdopodobnie najwi\u0119kszy tego typu projekt wydawniczy na \u015bwiecie! Dwie pierwsze edycje zdoby\u0142y uznanie czytelnik\u00f3w, miesi\u0105cami przodowa\u0142y na listach bestseller\u00f3w i otrzyma\u0142y szereg nagr\u00f3d. Dzi\u015b trzymasz w r\u0119kach jeszcze mocniejsz\u0105 wersj\u0119 tej kultowej publikacji, gromadz\u0105c\u0105 kompleksow\u0105 wiedz\u0119 na temat prowadzenia biznesu w internecie.<\/p>\n<p>Dowiedz si\u0119 mi\u0119dzy innymi:<\/p>\n<p>jak zacz\u0105\u0107 (kt\u00f3ry model biznesu wybra\u0107, kt\u00f3re bran\u017ce i trendy s\u0105 najbardziej dochodowe oraz jakich narz\u0119dzi u\u017cy\u0107),<br \/>\njak budowa\u0107 efektywne strategie cenowe i sprzeda\u017cowe,<br \/>\nkt\u00f3re dzia\u0142ania marketingowe daj\u0105 dzi\u015b najlepsze efekty,<br \/>\njak skutecznie budowa\u0107 pozacenow\u0105 przewag\u0119 konkurencyjn\u0105,<br \/>\nkt\u00f3re b\u0142\u0119dy najcz\u0119\u015bciej psuj\u0105 sprzeda\u017c i jak ich unika\u0107,<br \/>\njak \u0142atwo zadba\u0107 o bezpiecze\u0144stwo swojego biznesu w sieci,<br \/>\nw jaki spos\u00f3b reagowa\u0107 na trudne sytuacje na linii klient \u2013 firma,<br \/>\nkt\u00f3re procesy warto optymalizowa\u0107, automatyzowa\u0107 lub delegowa\u0107.<\/p>\n<p>Pierwsze wydanie Biblii e-biznesu zdoby\u0142o presti\u017cow\u0105 nagrod\u0119 Economicus 2014 dla najlepszego poradnika ekonomicznego, przyznawan\u0105 przez \u201eGazet\u0119 Prawn\u0105\u201d i kapitu\u0142\u0119 wybitnych<br \/>\npolskich ekonomist\u00f3w. Druga edycja zyska\u0142a tytu\u0142 Najlepszej Ksi\u0105\u017cki Roku 2016 oraz Oscara Czytelnik\u00f3w 2017.<\/p>\n<p>Co nowego w wydaniu trzecim? Mi\u0119dzy innymi: e-biznesplanowanie; finansowanie udzia\u0142owe oraz przez IPO i tokeny; sprzeda\u017c na platformach eBay, Amazon i AliExpress; podcasty, webinary i \u201elajwy\u201d jako narz\u0119dzia sprzeda\u017cowe; growth hacking marketing; analiza big data; LinkedIn, Instagram, blogi i wideomarketing jako d\u017awignie sprzeda\u017cowe; negocjacje i pacyfikacja trudnych klient\u00f3w oraz recykling tych uciekaj\u0105cych; narz\u0119dzia i aplikacje wspomagaj\u0105ce sprzeda\u017c; rzeczywisto\u015b\u0107 rozszerzona; telemarketing; biznes nomadyczny; optymalizacja georezydencji firmy; przygotowanie biznesu do sukcesji, sprzeda\u017cy, a nawet bankructwa; zdrowie fizyczne i psychiczne e-przedsi\u0119biorcy; reinwestowanie zysk\u00f3w z biznesu \u2014 i wiele innych!<\/p>\n","protected":false},"excerpt":{"rendered":"<p>Redakcja: Dutko Maciej Wydawca: onepress Oprawa: Twarda Format: 16.8&#215;23.7cm Liczba [&hellip;]<\/p>\n","protected":false},"featured_media":15839,"template":"","meta":[],"product_brand":[],"product_cat":[33,7511,7994,30],"product_tag":[220,1902,1257],"class_list":{"0":"post-15838","1":"product","2":"type-product","3":"status-publish","4":"has-post-thumbnail","6":"product_cat-handel","7":"product_cat-kierowanie-i-zarzadzanie","8":"product_cat-poradniki","9":"product_cat-zarzadzanie","10":"product_tag-handel","11":"product_tag-organizacja-i-zarzadzanie","12":"product_tag-poradniki","14":"first","15":"instock","16":"sale","17":"shipping-taxable","18":"purchasable","19":"product-type-simple"},"_links":{"self":[{"href":"https:\/\/ksiegarnia-akademicka.pl\/index.php\/wp-json\/wp\/v2\/product\/15838","targetHints":{"allow":["GET"]}}],"collection":[{"href":"https:\/\/ksiegarnia-akademicka.pl\/index.php\/wp-json\/wp\/v2\/product"}],"about":[{"href":"https:\/\/ksiegarnia-akademicka.pl\/index.php\/wp-json\/wp\/v2\/types\/product"}],"wp:featuredmedia":[{"embeddable":true,"href":"https:\/\/ksiegarnia-akademicka.pl\/index.php\/wp-json\/wp\/v2\/media\/15839"}],"wp:attachment":[{"href":"https:\/\/ksiegarnia-akademicka.pl\/index.php\/wp-json\/wp\/v2\/media?parent=15838"}],"wp:term":[{"taxonomy":"product_brand","embeddable":true,"href":"https:\/\/ksiegarnia-akademicka.pl\/index.php\/wp-json\/wp\/v2\/product_brand?post=15838"},{"taxonomy":"product_cat","embeddable":true,"href":"https:\/\/ksiegarnia-akademicka.pl\/index.php\/wp-json\/wp\/v2\/product_cat?post=15838"},{"taxonomy":"product_tag","embeddable":true,"href":"https:\/\/ksiegarnia-akademicka.pl\/index.php\/wp-json\/wp\/v2\/product_tag?post=15838"}],"curies":[{"name":"wp","href":"https:\/\/api.w.org\/{rel}","templated":true}]}}