{"id":15823,"date":"2022-11-29T10:02:18","date_gmt":"2022-11-29T09:02:18","guid":{"rendered":"http:\/\/ksiegarnia-akademicka.pl\/?post_type=product&#038;p=15823"},"modified":"2024-12-05T09:09:35","modified_gmt":"2024-12-05T08:09:35","slug":"czlowiek-w-poszukiwaniu-sensu-glos-nadziei-z-otchlani-holokaustu","status":"publish","type":"product","link":"https:\/\/ksiegarnia-akademicka.pl\/index.php\/product\/czlowiek-w-poszukiwaniu-sensu-glos-nadziei-z-otchlani-holokaustu\/","title":{"rendered":"Cz\u0142owiek w poszukiwaniu sensu G\u0142os nadziei z otch\u0142ani Holokaustu"},"content":{"rendered":"<p>Autor:<br \/>\nViktor E. Frankl<br \/>\nT\u0142umacze: Wolnicka Aleksandra<br \/>\nWydawca: Czarna Owca<br \/>\nOprawa: Twarda<br \/>\nFormat: 12.5&#215;19.5cm<br \/>\nLiczba stron: 224<br \/>\nWydanie: 3<br \/>\nRok wydania: 2022<br \/>\nJ\u0119zyk wydania: polski<\/p>\n<p>&#8222;Cz\u0142owiek w poszukiwaniu sensu&#8221; Viktora E. Frankla to jedna z najbardziej wp\u0142ywowych ksi\u0105\u017cek w literaturze psychiatrycznej od czasu Freuda. Zaczyna si\u0119 od d\u0142ugiego, suchego i g\u0142\u0119boko poruszaj\u0105cego osobistego eseju o pi\u0119cioletnim pobycie Frankla w Auschwitz i innych obozach koncentracyjnych i jego wysi\u0142kach w tym czasie, by znale\u017a\u0107 powody do \u017cycia. Druga cz\u0119\u015b\u0107 ksi\u0105\u017cki opisuje metody psychoterapeutyczne, kt\u00f3re Frankl opracowa\u0142 jako pierwszy na bazie swoich do\u015bwiadcze\u0144 z oboz\u00f3w. Freud uwa\u017ca\u0142, \u017ce \u017cyciem cz\u0142owieka rz\u0105dzi pop\u0119d seksualny i pokusy. Frankl z kolei wierzy, \u017ce najg\u0142\u0119bszym pop\u0119dem cz\u0142owieka jest poszukiwanie sensu i celu. Logoterapia Frankla zatem bardziej przystaje do zachodnich religii ni\u017c freudeowskiej psychoterapii.<\/p>\n","protected":false},"excerpt":{"rendered":"<p>Autor: Viktor E. Frankl T\u0142umacze: Wolnicka Aleksandra Wydawca: Czarna Owca [&hellip;]<\/p>\n","protected":false},"featured_media":15824,"template":"","meta":[],"product_brand":[],"product_cat":[27,7509],"product_tag":[1186,1659],"class_list":{"0":"post-15823","1":"product","2":"type-product","3":"status-publish","4":"has-post-thumbnail","6":"product_cat-nauki-spoleczne","7":"product_cat-psychologia","8":"product_tag-psychologia","9":"product_tag-psychoterapia","11":"first","12":"instock","13":"sale","14":"shipping-taxable","15":"purchasable","16":"product-type-simple"},"_links":{"self":[{"href":"https:\/\/ksiegarnia-akademicka.pl\/index.php\/wp-json\/wp\/v2\/product\/15823","targetHints":{"allow":["GET"]}}],"collection":[{"href":"https:\/\/ksiegarnia-akademicka.pl\/index.php\/wp-json\/wp\/v2\/product"}],"about":[{"href":"https:\/\/ksiegarnia-akademicka.pl\/index.php\/wp-json\/wp\/v2\/types\/product"}],"wp:featuredmedia":[{"embeddable":true,"href":"https:\/\/ksiegarnia-akademicka.pl\/index.php\/wp-json\/wp\/v2\/media\/15824"}],"wp:attachment":[{"href":"https:\/\/ksiegarnia-akademicka.pl\/index.php\/wp-json\/wp\/v2\/media?parent=15823"}],"wp:term":[{"taxonomy":"product_brand","embeddable":true,"href":"https:\/\/ksiegarnia-akademicka.pl\/index.php\/wp-json\/wp\/v2\/product_brand?post=15823"},{"taxonomy":"product_cat","embeddable":true,"href":"https:\/\/ksiegarnia-akademicka.pl\/index.php\/wp-json\/wp\/v2\/product_cat?post=15823"},{"taxonomy":"product_tag","embeddable":true,"href":"https:\/\/ksiegarnia-akademicka.pl\/index.php\/wp-json\/wp\/v2\/product_tag?post=15823"}],"curies":[{"name":"wp","href":"https:\/\/api.w.org\/{rel}","templated":true}]}}